{"id":84,"date":"2021-01-23T13:18:15","date_gmt":"2021-01-23T13:18:15","guid":{"rendered":"http:\/\/localhost\/wordpress_tienda\/?post_type=product&#038;p=84"},"modified":"2021-05-20T09:10:17","modified_gmt":"2021-05-20T09:10:17","slug":"nutrinovex-suproplex-recovery-3-1-40-gr-fresa","status":"publish","type":"product","link":"https:\/\/nuevo.livenutrition.es\/?product=nutrinovex-suproplex-recovery-3-1-40-gr-fresa","title":{"rendered":"SUPROPLEX RECOVERY 3.1 &#8211; 40 gr. FRESA"},"content":{"rendered":"<p style=\"text-align: justify;\"><span style=\"color: #000000;\"><strong><span style=\"color: #000000;\">SUPROPLEX RECOVERY 3.1<\/span>\u00a0<span style=\"color: #000080;\">NUTRINOVEX\u00ae<\/span><\/strong><\/span><\/p>\n<p style=\"text-align: justify;\"><span style=\"color: #000000;\"><strong>Suproplex Recovery 3.1 es un complemento alimenticio a base de hidratos de carbono, glutamina, minerales y vitaminas<\/strong><\/span><\/p>\n<p style=\"text-align: justify;\"><span style=\"color: #000000;\">En <strong>Suproplex Recovery 3.1.<\/strong> de <span style=\"color: #000080;\"><strong>Nutrinovex\u00ae<\/strong><\/span> encontrar\u00e1s un complemento alimenticio cuya f\u00f3rmula combinada de 54% de hidratos de carbono y un 23% de prote\u00ednas, va dirigida a la recuperaci\u00f3n muscular de los deportistas tras el entrenamiento o la competici\u00f3n. Adem\u00e1s, disminuye el da\u00f1o muscular en los deportes de resistencia.<\/span><\/p>\n<p style=\"text-align: justify;\"><span style=\"color: #000000;\">Con<strong> Suproplex Recovery 3.1.<\/strong> de <span style=\"color: #000080;\"><strong>Nutrinovex\u00ae<\/strong><\/span> conseguir\u00e1s acelerar la recuperaci\u00f3n, as\u00ed como recargar los dep\u00f3sitos de gluc\u00f3geno. Por otro lado, resulta ideal como principal fuente de alimentaci\u00f3n en pruebas de larga duraci\u00f3n, tales como largas carreras de ciclismo o maratones.<\/span><\/p>\n<p style=\"text-align: justify;\"><span style=\"color: #000000;\"><strong>Tolerase\u2122<\/strong>\u00a0<strong>L<\/strong>\u00a0es una lactasa \u00e1cida que convierte la lactosa en glucosa y galactosa. La enzima se origina a partir de una cepa especial del hongo Aspergillus oryzae. Su actividad a pH bajo (3.5 \u2013 5.5) hace que esta lactasa sea particularmente efectiva para digerir la lactosa en el est\u00f3mago y, por lo tanto, es ideal para usar en suplementos diet\u00e9ticos como ayuda digestiva.<\/span><\/p>\n<ul style=\"text-align: justify;\">\n<li><span style=\"color: #000000;\">Con nueva f\u00f3rmula que favorece una mejor recuperaci\u00f3n muscular <\/span><\/li>\n<li><span style=\"color: #000000;\">Contiene 11 tipos de vitaminas con el 15% del VRN (Valores de Referencia de Nutrientes)<\/span><\/li>\n<li><span style=\"color: #000000;\">Con sodio y potasio<\/span><\/li>\n<li><span style=\"color: #000000;\">Con 550 mgr. de glutamina (Kyowa Quality\u00ae) por dosis, consiguiendo as\u00ed una mejor reparaci\u00f3n y protecci\u00f3n del tejido muscular durante el catabolismo<\/span><\/li>\n<li><span style=\"color: #000000;\">21 gr. de hidratos de carbono y 9 gr. de prote\u00ednas por dosis<\/span><\/li>\n<li><span style=\"color: #000000;\">Complemento ideal para dietas hipercal\u00f3ricas<\/span><\/li>\n<li><span style=\"color: #000000;\">Con Lactasa (Tolerase\u2122), convierte la lactosa en glucosa y galactosa)<\/span><\/li>\n<li><span style=\"color: #000000;\">Fuente de nutrientes y defensas para todos los consumidores<\/span><\/li>\n<li><span style=\"color: #000000;\">Aromas naturales<\/span><\/li>\n<li><span style=\"color: #000000;\">Libre de gluten<\/span><\/li>\n<li><span style=\"color: #000000;\">Fabricado en la Uni\u00f3n Europea<\/span><\/li>\n<li><span style=\"color: #000000;\">Sabor Fresa<\/span><\/li>\n<\/ul>\n<p style=\"text-align: justify;\"><span style=\"color: #000000;\"><span style=\"color: #000080;\"><strong>Nutrinovex\u00ae<\/strong><\/span>\u00a0te presenta\u00a0<strong>Suproplex Recovery 3.1<\/strong> en formato de monodosis de 40 gramos.<\/span><\/p>\n","protected":false},"excerpt":{"rendered":"<table>\n<tbody>\n<tr style=\"height: 48px;\">\n<th style=\"height: 48px;\"><span style=\"color: #000000;\"><strong>\u00bfPARA QU\u00c9 SE TOMA?<\/strong><\/span><\/th>\n<th style=\"height: 48px;\"><span style=\"color: #000000;\"><strong>\u00bfC\u00d3MO SE TOMA?<\/strong><\/span><\/th>\n<th style=\"height: 48px;\"><span style=\"color: #000000;\"><strong>\u00bfCU\u00c1NTAS VECES?<\/strong><\/span><\/th>\n<th style=\"height: 48px;\"><span style=\"color: #000000;\"><strong>\u00bfCU\u00c1NDO SE \u00a0TOMA?<\/strong><\/span><\/th>\n<th style=\"height: 48px;\"><span style=\"color: #000000;\"><strong>USO<\/strong><\/span><\/th>\n<\/tr>\n<tr style=\"height: 48px;\">\n<td style=\"text-align: center; height: 48px;\"><span style=\"color: #000000;\">Recuperaci\u00f3n muscular y recarga de dep\u00f3sitos de gluc\u00f3geno<\/span><\/td>\n<td style=\"text-align: center; height: 48px;\"><span style=\"color: #000000;\">40 gr. (una monodosis) a\u00f1adir y verter agua u otro l\u00edquido en aproximadamente 250 ml. Agitar bien antes de usar.<\/span><\/td>\n<td style=\"text-align: center; height: 48px;\"><span style=\"color: #000000;\">Tomar una vez al d\u00eda<\/span><\/td>\n<td style=\"text-align: center; height: 48px;\"><span style=\"color: #000000;\">Durante la actividad f\u00edsica de larga duraci\u00f3n. Despu\u00e9s de la actividad f\u00edsica<\/span><\/td>\n<td style=\"text-align: center; height: 48px;\"><span style=\"color: #000000;\">Recuperaci\u00f3n de la musculatura. Energ\u00eda y recuperaci\u00f3n<\/span><\/td>\n<\/tr>\n<\/tbody>\n<\/table>\n<p>&nbsp;<\/p>\n<p style=\"text-align: justify;\"><span style=\"color: #000000;\"><strong>Carbohidratos + Prote\u00ednas<\/strong><\/span><\/p>\n<p style=\"text-align: justify;\"><span style=\"color: #000000;\"><strong>Suproplex Recovery 3.1<\/strong>\u00a0de <span style=\"color: #000080;\"><strong>Nutrinovex\u00ae<\/strong><\/span> es un complemento alimenticio a base de hidratos de carbono, amino\u00e1cidos, vitaminas y minerales.<\/span><\/p>\n","protected":false},"featured_media":88,"comment_status":"open","ping_status":"closed","template":"","meta":[],"class_list":{"0":"post-84","1":"product","2":"type-product","3":"status-publish","4":"has-post-thumbnail","6":"product_cat-carbohidratos-recuperacion","7":"product_cat-endurance","8":"product_cat-proteina","9":"product_cat-recuperacion","10":"product_tag-nutrinovex","12":"entry","13":"has-media","15":"first","16":"instock","17":"sale","18":"shipping-taxable","19":"purchasable","20":"product-type-simple","21":"has-product-nav","22":"col","23":"span_1_of_3","24":"owp-content-center","25":"owp-thumbs-layout-horizontal","26":"owp-btn-normal","27":"owp-tabs-layout-horizontal","28":"has-no-thumbnails"},"_links":{"self":[{"href":"https:\/\/nuevo.livenutrition.es\/index.php?rest_route=\/wp\/v2\/product\/84","targetHints":{"allow":["GET"]}}],"collection":[{"href":"https:\/\/nuevo.livenutrition.es\/index.php?rest_route=\/wp\/v2\/product"}],"about":[{"href":"https:\/\/nuevo.livenutrition.es\/index.php?rest_route=\/wp\/v2\/types\/product"}],"replies":[{"embeddable":true,"href":"https:\/\/nuevo.livenutrition.es\/index.php?rest_route=%2Fwp%2Fv2%2Fcomments&post=84"}],"wp:featuredmedia":[{"embeddable":true,"href":"https:\/\/nuevo.livenutrition.es\/index.php?rest_route=\/wp\/v2\/media\/88"}],"wp:attachment":[{"href":"https:\/\/nuevo.livenutrition.es\/index.php?rest_route=%2Fwp%2Fv2%2Fmedia&parent=84"}],"curies":[{"name":"wp","href":"https:\/\/api.w.org\/{rel}","templated":true}]}}