{"id":333,"date":"2017-02-16T12:52:32","date_gmt":"2017-02-16T12:52:32","guid":{"rendered":"http:\/\/localhost\/wordpress_tienda\/?post_type=product&#038;p=333"},"modified":"2021-05-20T09:17:33","modified_gmt":"2021-05-20T09:17:33","slug":"226ers-isotonic-drink-limon-1-k","status":"publish","type":"product","link":"https:\/\/nuevo.livenutrition.es\/?product=226ers-isotonic-drink-limon-1-k","title":{"rendered":"ISOTONIC DRINK LIM\u00d3N 1 k."},"content":{"rendered":"<p style=\"text-align: justify;\"><strong>ISOTONIC DRINK (226ERS)<\/strong><\/p>\n<p style=\"text-align: justify;\"><strong>Bebida isot\u00f3nica a base de amilopectina<\/strong><\/p>\n<p style=\"text-align: justify;\"><strong>Isotonic Drink<\/strong>\u00a0es una bebida elaborada a base de carbohidratos y electrolitos dise\u00f1ada especialmente para ser consumida durante la pr\u00e1ctica deportiva como entrenamientos o competiciones; especialmente cuando hay una producci\u00f3n elevada de sudor o no se consumen otros productos que contengan sales minerales.<\/p>\n<p style=\"text-align: justify;\">Gracias a su f\u00e1cil disoluci\u00f3n y digesti\u00f3n, es perfecto para proporcionar energ\u00eda a la vez que ayuda a reponer las p\u00e9rdidas electrol\u00edticas, de este modo, permite mantener el rendimiento, retrasar la fatiga y mantener el estado de hidrataci\u00f3n. Puede consumirse\u00a0<strong>Isotonic Drink<\/strong>\u00a0antes, durante y despu\u00e9s de la actividad f\u00edsica.<\/p>\n<p style=\"text-align: justify;\"><strong>Isotonic Drink.<\/strong> Caracter\u00edsticas principales:<\/p>\n<ul style=\"text-align: justify;\">\n<li>75 Kcal. por dosis*<\/li>\n<li>18 gr. de carbohidratos<\/li>\n<li>Sin az\u00facares, prote\u00ednas ni grasa<\/li>\n<li>10 mgr. de Beta alanina<\/li>\n<li>Enriquecido con vitaminas y sales minerales<\/li>\n<li>Perfecta disoluci\u00f3n y f\u00e1cil digesti\u00f3n<\/li>\n<li>50 dosis en cada envase<\/li>\n<\/ul>\n<p style=\"text-align: justify;\">* Dosis: 20 gramos. La informaci\u00f3n nutricional puede variar ligeramente dependiendo del sabor<\/p>\n<p style=\"text-align: justify;\"><strong>Isotonic Drink.<\/strong> Efectos principales:<\/p>\n<ul style=\"text-align: justify;\">\n<li>Proporciona energ\u00eda moderada para ayudar a mantener el rendimiento y retrasar la fatiga<\/li>\n<li>Contribuye a reponer p\u00e9rdidas electrol\u00edticas y evitar la deshidrataci\u00f3n<\/li>\n<li>Gracias a su contenido en vitaminas apoya el correcto metabolismo energ\u00e9tico y reduce el cansancio<\/li>\n<\/ul>\n<p style=\"text-align: justify;\"><strong>Isotonic Drink.<\/strong> La ciencia detr\u00e1s:<\/p>\n<p style=\"text-align: justify;\"><strong>Isotonic Drink<\/strong>\u00a0es una bebida isot\u00f3nica con un valor energ\u00e9tico moderado, creada para proporcionar energ\u00eda y sales minerales durante la actividad f\u00edsica, especialmente en periodos o competiciones en los que el deportista no necesita grandes cantidades de energ\u00eda o como complemento de otros productos que son pobres en sales minerales.<\/p>\n<p style=\"text-align: justify;\"><strong>Isotonic Drink<\/strong>\u00a0est\u00e1 elaborada a base de amilopectina, vitaminas, sales minerales y beta alanina; que contribuyen a mantener los niveles de energ\u00eda y el estado de hidrataci\u00f3n para favorecer un m\u00e1ximo rendimiento.<\/p>\n<p style=\"text-align: justify;\">La energ\u00eda de\u00a0<strong>Isotonic Drink<\/strong>\u00a0proviene de la amilopectina, un carbohidrato que proporciona energ\u00eda de forma f\u00e1cil y r\u00e1pida. Esto es debido a que su alto peso molecular le confiere una baja osmolaridad. Gracias a ello, la amilopectina puede pasar r\u00e1pidamente por el est\u00f3mago y una vez en el intestino, las enzimas digestivas la digieren f\u00e1cilmente, aumentando r\u00e1pidamente la concentraci\u00f3n de glucosa en el torrente sangu\u00edneo proporcionando energ\u00eda a los m\u00fasculos y al sistema nervioso.<\/p>\n<p style=\"text-align: justify;\"><strong>Isotonic Drink<\/strong>\u00a0contiene una cantidad importante de sales minerales, en especial sodio, zinc y cloro. Estos minerales ayudan a reponer las p\u00e9rdidas electrol\u00edticas producidas con el sudor y ayudan a mantener los niveles de hidrataci\u00f3n adecuados permitiendo una funci\u00f3n muscular correcta y reduciendo el riesgo de sufrir calambres y lesiones. Adem\u00e1s, contiene una peque\u00f1a cantidad de beta-alanina que contribuye a neutralizar la acidez muscular.\u00a0<strong>Isotonic Drink<\/strong>\u00a0tambi\u00e9n aporta vitamina C (225% Cantidad Diaria Recomendada), vitamina B1 (190% CDR) y vitamina E (81% CDR); que contribuyen a mantener un metabolismo energ\u00e9tico saludable, reducir el da\u00f1o oxidativo y disminuir el cansancio. Incluso gracias a la vitamina C contribuye al mantenimiento del sistema inmunol\u00f3gico, tejido conectivo, m\u00fasculos y cart\u00edlagos.<\/p>\n<p style=\"text-align: justify;\"><strong>Isotonic Drink<\/strong>\u00a0puede utilizarse las horas previas al inicio de la actividad, durante la actividad durante actividades de una duraci\u00f3n inferior a 90 minutos o para reponer las sales minerales perdidas. Puede elaborarse una mezcla hipot\u00f3nica (mezclando 20 gramos de\u00a0<strong>Isotonic Drink<\/strong>\u00a0en 1 litro de agua) en aquellas situaciones en las que las necesidades de l\u00edquidos sean superiores a las necesidades de energ\u00eda o sales minerales, o por ejemplo cuando se complemente con otras fuentes de energ\u00eda como geles o barritas.<\/p>\n<p style=\"text-align: justify;\"><strong>Isotonic Drink.<\/strong> Objetivos principales:<\/p>\n<ol style=\"text-align: justify;\">\n<li>Energ\u00eda<\/li>\n<li>Hidrataci\u00f3n<\/li>\n<\/ol>\n<p style=\"text-align: justify;\">\u00bfQui\u00e9n puede beneficiarse de <strong>Isotonic Drink<\/strong>?<\/p>\n<ul>\n<li style=\"text-align: justify;\">Deportistas de resistencia que realizan entrenamientos o competiciones de duraci\u00f3n inferior a 90 minutos<\/li>\n<li style=\"text-align: justify;\">Si se combina con otros productos como geles, barritas o bebidas; puede utilizarse en actividades de duraci\u00f3n superior a 90 minutos<\/li>\n<\/ul>\n","protected":false},"excerpt":{"rendered":"<table>\n<tbody>\n<tr>\n<th><span style=\"color: #000000;\">\u00bfPARA QU\u00c9 SE TOMA?<\/span><\/th>\n<th><span style=\"color: #000000;\">\u00bfC\u00d3MO SE TOMA?<\/span><\/th>\n<th><span style=\"color: #000000;\">\u00bfCU\u00c1NTAS VECES?<\/span><\/th>\n<th><span style=\"color: #000000;\">\u00bfCU\u00c1NDO SE \u00a0TOMA?<\/span><\/th>\n<th><span style=\"color: #000000;\">USOS<\/span><\/th>\n<\/tr>\n<tr>\n<td style=\"text-align: center;\">Rehidrataci\u00f3n, reponer electrolitos<\/td>\n<td style=\"text-align: center;\">20 gr. (1,5 cacitos dosificadores) mezclar en 500 ml. de agua y agitar<\/td>\n<td style=\"text-align: center;\">Tomar hasta un m\u00e1ximo de 4 tomas de 20 gr. al d\u00eda. 80 gr. como m\u00e1ximo<\/td>\n<td style=\"text-align: center;\">Antes, durante y despu\u00e9s de la actividad f\u00edsica<\/td>\n<td style=\"text-align: center;\">Hidrataci\u00f3n y recuperaci\u00f3n<\/td>\n<\/tr>\n<\/tbody>\n<\/table>\n<p>&nbsp;<\/p>\n<p style=\"text-align: justify;\"><strong>Hidrataci\u00f3n<\/strong><\/p>\n<p style=\"text-align: justify;\"><strong>Isotonic Drink<\/strong>\u00a0de\u00a0<strong>226ERS<\/strong>\u00a0es una bebida elaborada a base de carbohidratos y electrolitos dise\u00f1ada especialmente para ser consumida durante la pr\u00e1ctica deportiva como entrenamientos o competiciones.<\/p>\n","protected":false},"featured_media":337,"comment_status":"open","ping_status":"closed","template":"","meta":[],"class_list":{"0":"post-333","1":"product","2":"type-product","3":"status-publish","4":"has-post-thumbnail","6":"product_cat-bebida-energetica","7":"product_cat-bebida-isotonica","8":"product_cat-bebida-isotonica-226ers","9":"product_cat-endurance","10":"product_cat-energia","11":"product_cat-hidratacion","12":"product_cat-sales-minerales","13":"product_tag-226ers","15":"entry","16":"has-media","18":"first","19":"instock","20":"sale","21":"shipping-taxable","22":"purchasable","23":"product-type-simple","24":"has-product-nav","25":"col","26":"span_1_of_3","27":"owp-content-center","28":"owp-thumbs-layout-horizontal","29":"owp-btn-normal","30":"owp-tabs-layout-horizontal","31":"has-no-thumbnails"},"_links":{"self":[{"href":"https:\/\/nuevo.livenutrition.es\/index.php?rest_route=\/wp\/v2\/product\/333","targetHints":{"allow":["GET"]}}],"collection":[{"href":"https:\/\/nuevo.livenutrition.es\/index.php?rest_route=\/wp\/v2\/product"}],"about":[{"href":"https:\/\/nuevo.livenutrition.es\/index.php?rest_route=\/wp\/v2\/types\/product"}],"replies":[{"embeddable":true,"href":"https:\/\/nuevo.livenutrition.es\/index.php?rest_route=%2Fwp%2Fv2%2Fcomments&post=333"}],"wp:featuredmedia":[{"embeddable":true,"href":"https:\/\/nuevo.livenutrition.es\/index.php?rest_route=\/wp\/v2\/media\/337"}],"wp:attachment":[{"href":"https:\/\/nuevo.livenutrition.es\/index.php?rest_route=%2Fwp%2Fv2%2Fmedia&parent=333"}],"curies":[{"name":"wp","href":"https:\/\/api.w.org\/{rel}","templated":true}]}}