{"id":326,"date":"2017-06-11T17:26:38","date_gmt":"2017-06-11T17:26:38","guid":{"rendered":"http:\/\/localhost\/wordpress_tienda\/?post_type=product&#038;p=326"},"modified":"2021-05-20T09:17:21","modified_gmt":"2021-05-20T09:17:21","slug":"226ers-recovery-drink-yogur-limon-1-k","status":"publish","type":"product","link":"https:\/\/nuevo.livenutrition.es\/?product=226ers-recovery-drink-yogur-limon-1-k","title":{"rendered":"RECOVERY DRINK YOGUR LIM\u00d3N 1 k."},"content":{"rendered":"<p style=\"text-align: justify;\"><strong>RECOVERY DRINK (226ERS)<\/strong><\/p>\n<p style=\"text-align: justify;\"><strong>Recuperador muscular<\/strong><\/p>\n<p style=\"text-align: justify;\"><strong>Recovery Drink<\/strong>\u00a0de <strong>226ERS<\/strong> es un producto recuperador con una relaci\u00f3n de hidratos de carbono y prote\u00ednas en proporciones 1.1. Los ingredientes utilizados durante su fabricaci\u00f3n son de la m\u00e1xima calidad y se absorben r\u00e1pidamente para potenciar la recuperaci\u00f3n despu\u00e9s de tus sesiones de entrenamiento o de una competici\u00f3n.<\/p>\n<p style=\"text-align: justify;\">Los ingredientes principales de\u00a0<strong>Recovery Drink<\/strong>\u00a0son prote\u00ednas de suero ultrafiltradas junto con amilopectina, carbohidrato de f\u00e1cil digesti\u00f3n que repone los dep\u00f3sitos de gluc\u00f3geno con mayor eficacia. Adem\u00e1s, se ha enriquecido con creatina, arginina, omega 3 y omega 6.<\/p>\n<p style=\"text-align: justify;\"><strong>Recovery Drink.<\/strong> Caracter\u00edsticas principales:<\/p>\n<ul style=\"text-align: justify;\">\n<li>194 kcal. por dosis*<\/li>\n<li>45% de prote\u00edna.<\/li>\n<li>45% de carbohidratos.<\/li>\n<li>F\u00f3rmula avanzada con amilopectina.<\/li>\n<li>No contiene az\u00facares.<\/li>\n<li>1,5 gr. de creatina monohidrato.<\/li>\n<li>250 mgr. de L-Arginina.<\/li>\n<li>Enriquecido con Omega 3.<\/li>\n<li>Perfecta disoluci\u00f3n y f\u00e1cil digesti\u00f3n.<\/li>\n<\/ul>\n<p style=\"text-align: justify;\">* Dosis 50 gramos. La informaci\u00f3n nutricional puede variar ligeramente dependiendo del sabor.<\/p>\n<p style=\"text-align: justify;\"><strong>Recovery Drink.<\/strong> Efectos principales:<\/p>\n<ul style=\"text-align: justify;\">\n<li>Favorece la recuperaci\u00f3n despu\u00e9s de la actividad f\u00edsica.<\/li>\n<li>Contribuye a reponer los dep\u00f3sitos de gluc\u00f3geno antes y despu\u00e9s del esfuerzo deportivo.<\/li>\n<li>Consumido dos veces al d\u00eda contribuye a reducir el tiempo de recuperaci\u00f3n entre esfuerzos y mejora el rendimiento deportivo.<\/li>\n<\/ul>\n<p style=\"text-align: justify;\"><strong>Recovery Drink.<\/strong> La ciencia detr\u00e1s:<\/p>\n<p style=\"text-align: justify;\"><strong>Recovery Drink<\/strong>\u00a0es un producto elaborado para la recuperaci\u00f3n eficaz de la musculatura. Cada batido proporciona una relaci\u00f3n balanceada de prote\u00ednas y carbohidratos 1.1 para promover tanto la recuperaci\u00f3n de los dep\u00f3sitos de gluc\u00f3geno como las fibras musculares.\u00a0<strong>Recovery Drink<\/strong>\u00a0utiliza exclusivamente\u00a0amilopectina de \u00faltima generaci\u00f3n, sin az\u00facares para favorecer su digesti\u00f3n y asimilaci\u00f3n. La amilopectina es el carbohidrato ideal para reponer los dep\u00f3sitos de gluc\u00f3geno despu\u00e9s del ejercicio prolongado, ya que se digiere r\u00e1pidamente y la glucosa resultante se absorbe al torrente sangu\u00edneo en un corto periodo de tiempo. Las\u00a0prote\u00ednas utilizadas son prote\u00ednas de suero ultra-filtradas, prote\u00edna rica en amino\u00e1cidos ramificados y con un perfil de absorci\u00f3n r\u00e1pido que frena el catabolismo, estimula la recuperaci\u00f3n y potencia las adaptaciones musculares.<\/p>\n<p style=\"text-align: justify;\"><strong>Recovery Drink<\/strong>\u00a0es el recuperador ideal, ya que est\u00e1 enriquecido con otros ingredientes como creatina monohidrato, que tiene capacidad de mejorar la recuperaci\u00f3n entre esfuerzos, adem\u00e1s de ayudar a reducir la fatiga muscular o mejorar los procesos de carga de gluc\u00f3geno.<\/p>\n<p style=\"text-align: justify;\">Uno de sus ingredientes clave es la creatina, ingrediente que incrementa los dep\u00f3sitos energ\u00e9ticos en el interior de las c\u00e9lulas y que potencia el rendimiento, especialmente en los momentos de mayor intensidad.<\/p>\n<p style=\"text-align: justify;\"><strong>Recovery Drink<\/strong>\u00a0tambi\u00e9n aporta L-Arginina, amino\u00e1cido al cual se le atribuyen propiedades para reducir la fatiga y mejorar la recuperaci\u00f3n. Por \u00faltimo, para hacer de <strong>Recovery Drink<\/strong>\u00a0un producto todav\u00eda m\u00e1s completo, su formulaci\u00f3n incluye \u00e1cidos grasos esenciales Omega 3 y 6.<\/p>\n<p style=\"text-align: justify;\"><strong>Recovery Drink.<\/strong> Objetivos principales:<\/p>\n<ol style=\"text-align: justify;\">\n<li>Recuperaci\u00f3n.<\/li>\n<\/ol>\n<p style=\"text-align: justify;\">\u00bfQui\u00e9n puede beneficiarse de <strong>Recovery Drink?<\/strong><\/p>\n<ul>\n<li style=\"text-align: justify;\">Todo tipo de deportistas de resistencia, especialmente aquellos que practiquen actividades intensas y\/o prolongadas.<\/li>\n<li style=\"text-align: justify;\">Especialmente recomendado para utilizarlo los d\u00edas cercanos a pruebas o competiciones importantes, como comida pre-entrenamiento y como recuperador.<\/li>\n<\/ul>\n","protected":false},"excerpt":{"rendered":"<table>\n<tbody>\n<tr>\n<th><span style=\"color: #000000;\">\u00bfPARA QU\u00c9 SE TOMA?<\/span><\/th>\n<th><span style=\"color: #000000;\">\u00bfC\u00d3MO SE TOMA?<\/span><\/th>\n<th><span style=\"color: #000000;\">\u00bfCU\u00c1NTAS VECES?<\/span><\/th>\n<th><span style=\"color: #000000;\">\u00bfCU\u00c1NDO SE \u00a0TOMA?<\/span><\/th>\n<th><span style=\"color: #000000;\">USOS<\/span><\/th>\n<\/tr>\n<tr>\n<td style=\"text-align: center;\">Favorece la recuperaci\u00f3n y contribuye a reponer los dep\u00f3sitos de gluc\u00f3geno<\/td>\n<td style=\"text-align: center;\">50 gr. (4 cacitos dosificadores) mezclar con agua<\/td>\n<td style=\"text-align: center;\">Tomar una vez al d\u00eda<\/td>\n<td style=\"text-align: center;\">Despu\u00e9s de la actividad f\u00edsica<\/td>\n<td style=\"text-align: center;\">Reducir la fatiga y mejorar la recuperaci\u00f3n<\/td>\n<\/tr>\n<\/tbody>\n<\/table>\n<p>&nbsp;<\/p>\n<p style=\"text-align: justify;\"><strong>Recuperaci\u00f3n<\/strong><\/p>\n<p style=\"text-align: justify;\"><strong>Recovery Drink<\/strong>\u00a0de\u00a0<strong>226ERS<\/strong>\u00a0es un producto recuperador con una relaci\u00f3n de hidratos de carbono y prote\u00ednas en proporciones 1.1, creatina monohidrato y L-Arginina.<\/p>\n","protected":false},"featured_media":330,"comment_status":"open","ping_status":"closed","template":"","meta":[],"class_list":{"0":"post-326","1":"product","2":"type-product","3":"status-publish","4":"has-post-thumbnail","6":"product_cat-carbohidratos-recuperacion","7":"product_cat-endurance","8":"product_cat-proteina","9":"product_cat-recuperacion","10":"product_tag-226ers","12":"entry","13":"has-media","15":"first","16":"instock","17":"sale","18":"shipping-taxable","19":"purchasable","20":"product-type-simple","21":"has-product-nav","22":"col","23":"span_1_of_3","24":"owp-content-center","25":"owp-thumbs-layout-horizontal","26":"owp-btn-normal","27":"owp-tabs-layout-horizontal","28":"has-no-thumbnails"},"_links":{"self":[{"href":"https:\/\/nuevo.livenutrition.es\/index.php?rest_route=\/wp\/v2\/product\/326","targetHints":{"allow":["GET"]}}],"collection":[{"href":"https:\/\/nuevo.livenutrition.es\/index.php?rest_route=\/wp\/v2\/product"}],"about":[{"href":"https:\/\/nuevo.livenutrition.es\/index.php?rest_route=\/wp\/v2\/types\/product"}],"replies":[{"embeddable":true,"href":"https:\/\/nuevo.livenutrition.es\/index.php?rest_route=%2Fwp%2Fv2%2Fcomments&post=326"}],"wp:featuredmedia":[{"embeddable":true,"href":"https:\/\/nuevo.livenutrition.es\/index.php?rest_route=\/wp\/v2\/media\/330"}],"wp:attachment":[{"href":"https:\/\/nuevo.livenutrition.es\/index.php?rest_route=%2Fwp%2Fv2%2Fmedia&parent=326"}],"curies":[{"name":"wp","href":"https:\/\/api.w.org\/{rel}","templated":true}]}}