{"id":318,"date":"2017-02-22T16:40:43","date_gmt":"2017-02-22T16:40:43","guid":{"rendered":"http:\/\/localhost\/wordpress_tienda\/?post_type=product&#038;p=318"},"modified":"2021-05-20T09:17:08","modified_gmt":"2021-05-20T09:17:08","slug":"226ers-k-weeks-immune-500-gr-chocolate","status":"publish","type":"product","link":"https:\/\/nuevo.livenutrition.es\/?product=226ers-k-weeks-immune-500-gr-chocolate","title":{"rendered":"K-WEEKS IMMUNE 500 gr. CHOCOLATE"},"content":{"rendered":"<p style=\"text-align: justify;\"><strong>K-WEEKS IMMUNE 226ERS<\/strong><\/p>\n<p style=\"text-align: justify;\"><strong>\u00a1Comienza el d\u00eda reforzando tu sistema inmune!<\/strong><\/p>\n<p style=\"text-align: justify;\"><strong>K-Weeks Immune<\/strong>\u00a0de\u00a0<strong>226ERS<\/strong>\u00a0combina en su formulaci\u00f3n una gran variedad de ingredientes con el objetivo de reforzar el sistema inmune en \u00e9pocas de fuerte estr\u00e9s f\u00edsico y agotamiento.<\/p>\n<p style=\"text-align: justify;\">Contiene prote\u00ednas de alto valor biol\u00f3gico para ayudar a cubrir los requerimientos diarios y prevenir el catabolismo asociado a \u00e9pocas de altos niveles de actividad, as\u00ed como jalea real y una combinaci\u00f3n de extractos e ingredientes para ayudar a optimizar y reforzar el funcionamiento del sistema inmune. Su completa formulaci\u00f3n tambi\u00e9n aporta probi\u00f3ticos que ayudan a reforzar e incrementar la flora intestinal, e incluso se completa con ingredientes para ayudar a proteger y reducir la inflamaci\u00f3n de los tendones y de los tejidos blandos, t\u00edpica de los periodos de alta actividad.<\/p>\n<p style=\"text-align: justify;\">Adem\u00e1s, tiene un sabor muy suave y delicado, por lo que resulta el complemento perfecto para incluir en el desayuno y comenzar el d\u00eda con energ\u00eda y vitalidad.<\/p>\n<p style=\"text-align: justify;\"><strong>K-Weeks Immune.<\/strong> Caracter\u00edsticas principales:<\/p>\n<ul style=\"text-align: justify;\">\n<li>25 gr. de prote\u00edna en cada dosis*<\/li>\n<li>Prote\u00edna naturalmente rica en BCAA\u2019s<\/li>\n<li>3 gr. de carbohidratos en cada dosis<\/li>\n<li>Sin az\u00facares<\/li>\n<li>Bajo contenido en grasa<\/li>\n<li>Enriquecido con Bacterias L\u00e1cticas (Megaflora 9\u00ae)<\/li>\n<li>Con Camomila, Jalea Real, Equin\u00e1cea y Guaran\u00e1<\/li>\n<li>Con Beta-glucanos<\/li>\n<li>Perfecta disoluci\u00f3n y f\u00e1cil digesti\u00f3n<\/li>\n<li>500 gr. en cada envase<\/li>\n<\/ul>\n<p style=\"text-align: justify;\">*Dosis: 25 gramos. La informaci\u00f3n nutricional puede variar ligeramente dependiendo del sabor.<\/p>\n<p style=\"text-align: justify;\"><strong>K-Weeks Immune.<\/strong> Efectos principales:<\/p>\n<ul style=\"text-align: justify;\">\n<li>Proporciona nutrientes para ayudar a activar y reforzar el sistema inmune, especialmente en \u00e9pocas de elevado estr\u00e9s f\u00edsico o mental<\/li>\n<li>Contribuye a cubrir los requerimientos proteicos diarios, recuperar y mantener la masa muscular y prevenir el catabolismo<\/li>\n<li>Ayuda a mantener la salud articular<\/li>\n<\/ul>\n<p style=\"text-align: justify;\"><strong>K-Weeks Immune.<\/strong> La ciencia detr\u00e1s:<\/p>\n<p style=\"text-align: justify;\"><strong>K-Weeks Immune<\/strong>\u00a0es la bebida que necesitas en \u00e9pocas en las que el sistema inmune puede verse debilitado, por ejemplo en \u00e9pocas de m\u00e1xima exigencia e intensidad de entrenamiento, en periodos pre-competici\u00f3n o incluso en cambios de estaci\u00f3n.<\/p>\n<p style=\"text-align: justify;\">Cada dosis contiene 25 gramos de prote\u00ednas, principalmente provenientes de suero l\u00e1cteo que contribuyen a cubrir las necesidades proteicas diarias, especialmente elevadas en \u00e9pocas de gran estr\u00e9s. Tambi\u00e9n aporta hidrolizado de col\u00e1geno con el objetivo de ayudar a proteger y reducir la inflamaci\u00f3n de los tendones y de los tejidos blandos, t\u00edpica de los periodos de alta actividad.<\/p>\n<p style=\"text-align: justify;\"><strong>K-Weeks Immune<\/strong>\u00a0aporta una combinaci\u00f3n de bacterias l\u00e1cticas con acci\u00f3n probi\u00f3tica (Megaflora 9), que contribuye a incrementar la microflora intestinal y desempe\u00f1a un papel vital ayudando a reforzar el sistema inmunitario y a mejorar las defensas.<\/p>\n<p style=\"text-align: justify;\">Tambi\u00e9n contiene beta glucanos, que son fibras complejas de polisac\u00e1ridos, a los que se le atribuyen propiedades para estimular el sistema inmune. As\u00ed como jalea real y una combinaci\u00f3n de plantas y extractos tradicionalmente utilizados para cuidar y favorecer el \u00f3ptimo funcionamiento inmunol\u00f3gico, como son la equin\u00e1cea y camomila. Adem\u00e1s,\u00a0<strong>K-Weeks Immune<\/strong>\u00a0tambi\u00e9n contiene guaran\u00e1, una planta que ayuda a incrementar la vitalidad, el bienestar y la capacidad mental.<\/p>\n<p style=\"text-align: justify;\">Gracias a su perfecta disoluci\u00f3n y su f\u00e1cil digesti\u00f3n,\u00a0<strong>K-Weeks Immune<\/strong>\u00a0es el producto perfecto para tomar en el desayuno y comenzar el d\u00eda con energ\u00eda.<\/p>\n<p style=\"text-align: justify;\"><strong>K-Weeks Immune.<\/strong> Objetivos principales:<\/p>\n<ol style=\"text-align: justify;\">\n<li>Recuperaci\u00f3n<\/li>\n<li>Salud y Bienestar<\/li>\n<\/ol>\n<p style=\"text-align: justify;\">\u00bfQui\u00e9n puede beneficiarse de <strong>K-Weeks Immune<\/strong>?<\/p>\n<ul>\n<li style=\"text-align: justify;\">Deportistas en \u00e9pocas de gran estr\u00e9s f\u00edsico o mental, altos niveles de entrenamiento, durante preparaci\u00f3n de competiciones o en cualquier momento en el que el sistema inmune pueda verse comprometido<\/li>\n<li style=\"text-align: justify;\">Tambi\u00e9n puede resultar \u00fatil en cambios estacionales o en \u00e9pocas de fatiga y agotamiento<\/li>\n<\/ul>\n","protected":false},"excerpt":{"rendered":"<table>\n<tbody>\n<tr>\n<th><span style=\"color: #000000;\">\u00bfPARA QU\u00c9 SE TOMA?<\/span><\/th>\n<th><span style=\"color: #000000;\">\u00bfC\u00d3MO SE TOMA?<\/span><\/th>\n<th><span style=\"color: #000000;\">\u00bfCU\u00c1NTAS VECES?<\/span><\/th>\n<th><span style=\"color: #000000;\">\u00bfCU\u00c1NDO SE \u00a0TOMA?<\/span><\/th>\n<th><span style=\"color: #000000;\">USOS<\/span><\/th>\n<\/tr>\n<tr>\n<td style=\"text-align: center;\">Favorecer la recuperaci\u00f3n y reforzar el sistema inmune<\/td>\n<td style=\"text-align: center;\">40 gr. (4 cacitos dosificadores) mezclar con agua<\/td>\n<td style=\"text-align: center;\">Tomar una vez al d\u00eda<\/td>\n<td style=\"text-align: center;\">Despu\u00e9s de la actividad f\u00edsica<\/td>\n<td style=\"text-align: center;\">Recuperar y reforzar el sistema inmune<\/td>\n<\/tr>\n<\/tbody>\n<\/table>\n<p>&nbsp;<\/p>\n<p style=\"text-align: justify;\"><strong>Prote\u00edna de Recuperaci\u00f3n<\/strong><\/p>\n<p style=\"text-align: justify;\"><strong>K-Weeks Immune<\/strong>\u00a0de\u00a0<strong>226ERS<\/strong>\u00a0combina en su formulaci\u00f3n una gran variedad de ingredientes con el objetivo de reforzar el sistema inmune en \u00e9pocas de fuerte estr\u00e9s f\u00edsico y agotamiento.<\/p>\n","protected":false},"featured_media":322,"comment_status":"open","ping_status":"closed","template":"","meta":[],"class_list":{"0":"post-318","1":"product","2":"type-product","3":"status-publish","4":"has-post-thumbnail","6":"product_cat-endurance","7":"product_cat-proteina","8":"product_cat-recuperacion","9":"product_tag-226ers","11":"entry","12":"has-media","14":"first","15":"instock","16":"sale","17":"shipping-taxable","18":"purchasable","19":"product-type-simple","20":"has-product-nav","21":"col","22":"span_1_of_3","23":"owp-content-center","24":"owp-thumbs-layout-horizontal","25":"owp-btn-normal","26":"owp-tabs-layout-horizontal","27":"has-no-thumbnails"},"_links":{"self":[{"href":"https:\/\/nuevo.livenutrition.es\/index.php?rest_route=\/wp\/v2\/product\/318","targetHints":{"allow":["GET"]}}],"collection":[{"href":"https:\/\/nuevo.livenutrition.es\/index.php?rest_route=\/wp\/v2\/product"}],"about":[{"href":"https:\/\/nuevo.livenutrition.es\/index.php?rest_route=\/wp\/v2\/types\/product"}],"replies":[{"embeddable":true,"href":"https:\/\/nuevo.livenutrition.es\/index.php?rest_route=%2Fwp%2Fv2%2Fcomments&post=318"}],"wp:featuredmedia":[{"embeddable":true,"href":"https:\/\/nuevo.livenutrition.es\/index.php?rest_route=\/wp\/v2\/media\/322"}],"wp:attachment":[{"href":"https:\/\/nuevo.livenutrition.es\/index.php?rest_route=%2Fwp%2Fv2%2Fmedia&parent=318"}],"curies":[{"name":"wp","href":"https:\/\/api.w.org\/{rel}","templated":true}]}}