{"id":316,"date":"2016-05-04T12:26:30","date_gmt":"2016-05-04T12:26:30","guid":{"rendered":"http:\/\/localhost\/wordpress_tienda\/?post_type=product&#038;p=316"},"modified":"2021-05-20T09:17:06","modified_gmt":"2021-05-20T09:17:06","slug":"226ers-night-recovery-cream-500-gr-vainilla","status":"publish","type":"product","link":"https:\/\/nuevo.livenutrition.es\/?product=226ers-night-recovery-cream-500-gr-vainilla","title":{"rendered":"NIGHT RECOVERY CREAM VAINILLA 500 gr."},"content":{"rendered":"<p style=\"text-align: justify;\"><strong>NIGHT RECOVERY CREAM (226ERS)<\/strong><\/p>\n<p style=\"text-align: justify;\"><strong>Recuperaci\u00f3n nocturna y completa<\/strong><\/p>\n<p style=\"text-align: justify;\"><strong>Night Recovery Cream<\/strong>\u00a0es un delicioso producto recuperador que combina prote\u00ednas de liberaci\u00f3n lenta, carbohidratos de f\u00e1cil digesti\u00f3n y amino\u00e1cidos implicados en la recuperaci\u00f3n y el descanso como la L-Glutamina y el L-Tript\u00f3fano. Su composici\u00f3n est\u00e1 dise\u00f1ada para favorecer la recuperaci\u00f3n muscular de forma completa despu\u00e9s de los d\u00edas de entrenamiento m\u00e1s exigentes o para prepararse para rendir a un nivel m\u00e1ximo en los siguientes entrenamientos y competiciones.<\/p>\n<p style=\"text-align: justify;\"><strong>226ERS<\/strong>\u00a0ha dise\u00f1ado una crema tipo natilla que permite tomarla con cuchara, que ofrece una opci\u00f3n de recuperaci\u00f3n completa y r\u00e1pida para antes de dormir. \u00bfLo mejor de todo? \u00a1Adem\u00e1s es deliciosa!<\/p>\n<p style=\"text-align: justify;\"><strong>Night Recovery Cream.<\/strong> Caracter\u00edsticas principales:<\/p>\n<ul style=\"text-align: justify;\">\n<li>90-180 kcal. por raci\u00f3n de 25-50 gr.<\/li>\n<li>61% de prote\u00ednas<\/li>\n<li>25% carbohidratos<\/li>\n<li>Con prote\u00ednas de absorci\u00f3n lenta (caseinato)<\/li>\n<li>F\u00f3rmula avanzada con amilopectina<\/li>\n<li>Enriquecida con amino\u00e1cidos: L-Glutamina, taurina, histidina y tript\u00f3fano<\/li>\n<li>Con Beta-Alanina y vitaminas<\/li>\n<li>Sin gluten<\/li>\n<li>Baja en az\u00facares<\/li>\n<li>Perfecta disoluci\u00f3n y f\u00e1cil digesti\u00f3n<\/li>\n<\/ul>\n<p style=\"text-align: justify;\">* La informaci\u00f3n nutricional puede variar ligeramente dependiendo del sabor<\/p>\n<p style=\"text-align: justify;\"><strong>Night Recovery Cream.<\/strong> Efectos principales:<\/p>\n<ul style=\"text-align: justify;\">\n<li>Contribuye a mantener la masa muscular y promueve la recuperaci\u00f3n muscular<\/li>\n<li>Contribuye a recargar los dep\u00f3sitos de gluc\u00f3geno antes o despu\u00e9s de una competici\u00f3n o evento deportivo<\/li>\n<li>Promueve la liberaci\u00f3n de la neurotransmisi\u00f3n serotonina, involucrado en la regulaci\u00f3n del sue\u00f1o<\/li>\n<\/ul>\n<p style=\"text-align: justify;\"><strong>Night Recovery Cream.<\/strong> La ciencia detr\u00e1s:<\/p>\n<p style=\"text-align: justify;\"><strong>Night Recovery Cream<\/strong>\u00a0se trata de una deliciosa crema tipo natillas ideada para facilitar una r\u00e1pida y completa recuperaci\u00f3n muscular los d\u00edas en los que la exigencia muscular sea m\u00e1xima o para tomar la noche previa a una competici\u00f3n, recargando los niveles de energ\u00eda y permitiendo obtener un rendimiento m\u00e1ximo.<\/p>\n<p style=\"text-align: justify;\">Est\u00e1 elaborado mediante una combinaci\u00f3n de caseinato c\u00e1lcico (prote\u00edna que libera sus amino\u00e1cidos de forma progresiva durante la noche) y amilopectina (recarga los dep\u00f3sitos de gluc\u00f3geno y facilita la asimilaci\u00f3n de la prote\u00edna).<\/p>\n<p style=\"text-align: justify;\">Adem\u00e1s,\u00a0<strong>Night Recovery Cream<\/strong>\u00a0est\u00e1 enriquecida con calostro que aporta inmunologlobulinas y alb\u00faminas. Su f\u00f3rmula est\u00e1 enriquecida con amino\u00e1cidos como la L-Glutamina, que ayuda a mantener la funci\u00f3n inmune; taurina que interviene en la transmisi\u00f3n del impulso nervioso; histidina con un importante papel en la reparaci\u00f3n de los tejidos y L-Tript\u00f3fano necesario para la producci\u00f3n de serotonina que promueve un descanso reparador.<\/p>\n<p style=\"text-align: justify;\">Adem\u00e1s, tambi\u00e9n contiene cantidades importantes de Beta-Alanina que act\u00faa a neutralizar la acidez muscular y retrasa la aparici\u00f3n de la fatiga muscular durante la actividad f\u00edsica lo que mejora el rendimiento,<\/p>\n<p style=\"text-align: justify;\"><strong>Night Recovery Cream.<\/strong> Objetivos principales:<\/p>\n<ol style=\"text-align: justify;\">\n<li>Recuperaci\u00f3n<\/li>\n<\/ol>\n<p style=\"text-align: justify;\">\u00bfQui\u00e9n puede beneficiarse de <strong>Night Recovery Cream<\/strong>?<\/p>\n<ul>\n<li style=\"text-align: justify;\">Deportistas de resistencia, que practiquen actividades intensas de duraci\u00f3n prolongada y necesiten recuperar la musculatura, as\u00ed como los dep\u00f3sitos de gluc\u00f3geno<\/li>\n<li style=\"text-align: justify;\">Tambi\u00e9n puede ser \u00fatil para preparar al organismo la noche previa a un entrenamiento o competici\u00f3n<\/li>\n<\/ul>\n","protected":false},"excerpt":{"rendered":"<table>\n<tbody>\n<tr>\n<th><span style=\"color: #000000;\">\u00bfPARA QU\u00c9 SE TOMA?<\/span><\/th>\n<th><span style=\"color: #000000;\">\u00bfC\u00d3MO SE TOMA?<\/span><\/th>\n<th><span style=\"color: #000000;\">\u00bfCU\u00c1NTAS VECES?<\/span><\/th>\n<th><span style=\"color: #000000;\">\u00bfCU\u00c1NDO SE \u00a0TOMA?<\/span><\/th>\n<th><span style=\"color: #000000;\">USOS<\/span><\/th>\n<\/tr>\n<tr>\n<td style=\"text-align: center;\">Aporte de energ\u00eda (liberaci\u00f3n sostenida)<\/td>\n<td style=\"text-align: center;\">25-50 gr. (2-4 cacitos dosificadores) mezclar con agua<\/td>\n<td style=\"text-align: center;\">Tomar una vez al d\u00eda<\/td>\n<td style=\"text-align: center;\">Antes de ir a dormir<\/td>\n<td style=\"text-align: center;\">Recuperaci\u00f3n<\/td>\n<\/tr>\n<\/tbody>\n<\/table>\n<p>&nbsp;<\/p>\n<p style=\"text-align: justify;\"><strong>Prote\u00edna de Recuperaci\u00f3n Nocturna<\/strong><\/p>\n<p style=\"text-align: justify;\"><strong>Night Recovery Cream<\/strong>\u00a0de <strong>226ERS<\/strong> es un delicioso producto recuperador que combina prote\u00ednas de liberaci\u00f3n lenta, carbohidratos de f\u00e1cil digesti\u00f3n y amino\u00e1cidos implicados en la recuperaci\u00f3n y el descanso como la L-Glutamina y el L-Tript\u00f3fano.<\/p>\n","protected":false},"featured_media":320,"comment_status":"open","ping_status":"closed","template":"","meta":[],"class_list":{"0":"post-316","1":"product","2":"type-product","3":"status-publish","4":"has-post-thumbnail","6":"product_cat-endurance","7":"product_cat-proteina","8":"product_cat-recuperacion","9":"product_tag-226ers","11":"entry","12":"has-media","14":"first","15":"instock","16":"sale","17":"shipping-taxable","18":"purchasable","19":"product-type-simple","20":"has-product-nav","21":"col","22":"span_1_of_3","23":"owp-content-center","24":"owp-thumbs-layout-horizontal","25":"owp-btn-normal","26":"owp-tabs-layout-horizontal","27":"has-no-thumbnails"},"_links":{"self":[{"href":"https:\/\/nuevo.livenutrition.es\/index.php?rest_route=\/wp\/v2\/product\/316","targetHints":{"allow":["GET"]}}],"collection":[{"href":"https:\/\/nuevo.livenutrition.es\/index.php?rest_route=\/wp\/v2\/product"}],"about":[{"href":"https:\/\/nuevo.livenutrition.es\/index.php?rest_route=\/wp\/v2\/types\/product"}],"replies":[{"embeddable":true,"href":"https:\/\/nuevo.livenutrition.es\/index.php?rest_route=%2Fwp%2Fv2%2Fcomments&post=316"}],"wp:featuredmedia":[{"embeddable":true,"href":"https:\/\/nuevo.livenutrition.es\/index.php?rest_route=\/wp\/v2\/media\/320"}],"wp:attachment":[{"href":"https:\/\/nuevo.livenutrition.es\/index.php?rest_route=%2Fwp%2Fv2%2Fmedia&parent=316"}],"curies":[{"name":"wp","href":"https:\/\/api.w.org\/{rel}","templated":true}]}}