{"id":310,"date":"2017-05-23T23:10:36","date_gmt":"2017-05-23T23:10:36","guid":{"rendered":"http:\/\/localhost\/wordpress_tienda\/?post_type=product&#038;p=310"},"modified":"2021-05-20T09:16:54","modified_gmt":"2021-05-20T09:16:54","slug":"226ers-bcaa-8-1-1-300-gr-neutro","status":"publish","type":"product","link":"https:\/\/nuevo.livenutrition.es\/?product=226ers-bcaa-8-1-1-300-gr-neutro","title":{"rendered":"BCAA&#8217;s 8:1:1 &#8211; 300 gr. NEUTRO"},"content":{"rendered":"<p style=\"text-align: justify;\"><span style=\"color: #000000;\"><strong>BCAA\u2019s 8:1:1 226ERS<span style=\"color: #000000;\">\u00ae<\/span><\/strong><\/span><\/p>\n<p style=\"text-align: justify;\"><span style=\"color: #000000;\"><strong>Con tirosina, arginina y vitamina B6<\/strong><\/span><\/p>\n<p style=\"text-align: justify;\"><span style=\"color: #000000;\"><strong>BCAA\u2019s 8:1:1<\/strong>\u00a0de\u00a0<strong>226ERS<span style=\"color: #000000;\">\u00ae<\/span><\/strong> es un producto a base de amino\u00e1cidos ramificados, formulados con un ratio 8:1:1, que adem\u00e1s est\u00e1n enriquecidos con otros amino\u00e1cidos como la L-Taurina, L-Tirosina y combinados con vitamina B6.<\/span><\/p>\n<p style=\"text-align: justify;\"><span style=\"color: #000000;\"><strong>BCAA\u2019s 8:1:1.<\/strong> Caracter\u00edsticas principales:<\/span><\/p>\n<ul style=\"text-align: justify;\">\n<li><span style=\"color: #000000;\">4.800 mgr. de L-Leucina por dosis.<\/span><\/li>\n<li><span style=\"color: #000000;\">1.000 mgr. de L-Taurina por dosis.<\/span><\/li>\n<li><span style=\"color: #000000;\">600 mgr. de L-Isoleucina por dosis.<\/span><\/li>\n<li><span style=\"color: #000000;\">600 mgr. de L-Valina por dosis.<\/span><\/li>\n<li><span style=\"color: #000000;\">500 mgr. de L-Arginina por dosis.<\/span><\/li>\n<li><span style=\"color: #000000;\">500 mgr. L-Tirosina por dosis.<\/span><\/li>\n<li><span style=\"color: #000000;\">Sin gluten.<\/span><\/li>\n<li><span style=\"color: #000000;\">Sin az\u00facar.<\/span><\/li>\n<li><span style=\"color: #000000;\">No GMO.<\/span><\/li>\n<li><span style=\"color: #000000;\">Sin Lactosa.<\/span><\/li>\n<li><span style=\"color: #000000;\">300 gr. por envase.<\/span><\/li>\n<\/ul>\n<p style=\"text-align: justify;\"><span style=\"color: #000000;\">* Dosis: 15 gramos.<\/span><\/p>\n<p style=\"text-align: justify;\"><span style=\"color: #000000;\"><strong>BCAA\u2019s 8:1:1.<\/strong> Efectos principales:<\/span><\/p>\n<ul style=\"text-align: justify;\">\n<li><span style=\"color: #000000;\">Ayuda a mantener la masa muscular evitando el catabolismo durante la actividad f\u00edsica intensa.<\/span><\/li>\n<li><span style=\"color: #000000;\">Puede servir como fuente de energ\u00eda si hay d\u00e9ficit de carbohidratos.<\/span><\/li>\n<li><span style=\"color: #000000;\">Estimula la s\u00edntesis proteica para recuperar o desarrollar la masa muscular.<\/span><\/li>\n<\/ul>\n<p style=\"text-align: justify;\"><span style=\"color: #000000;\"><strong>BCAA\u2019s 8:1:1.<\/strong> La ciencia detr\u00e1s:<\/span><\/p>\n<p style=\"text-align: justify;\"><span style=\"color: #000000;\"><strong>BCAA\u2019s 8:1:1<\/strong>\u00a0de\u00a0<strong>226ERS<span style=\"color: #000000;\">\u00ae<\/span><\/strong>\u00a0es un producto dise\u00f1ado a base de amino\u00e1cidos ramificados en proporci\u00f3n 8:1:1 con otros amino\u00e1cidos importantes para mantener el rendimiento, como la arginina, la tirosina y la taurina.<\/span><\/p>\n<p style=\"text-align: justify;\"><span style=\"color: #000000;\">Los amino\u00e1cidos ramificados, son considerados amino\u00e1cidos esenciales. Tomarlo antes y durante el entrenamiento, ayuda a proteger la masa muscular frente al catabolismo y ayuda a mejorar el rendimiento, mientras que consumirlos despu\u00e9s favorece la recuperaci\u00f3n muscular.<\/span><\/p>\n<p style=\"text-align: justify;\"><span style=\"color: #000000;\">Adem\u00e1s, contiene otros amino\u00e1cidos que completan la dieta y favorecen la activad deportiva, como la L-Arginina, que favorece la s\u00edntesis de \u00f3xido n\u00edtrico y promueve la llegada de sangre y ox\u00edgeno a los m\u00fasculos; taurina, que interviene en la neurotransmisi\u00f3n y favorece el impulso nervioso, y L-Tirosina, que contribuye a la salud del sistema hormonal y apoya la salud del sistema nervioso.<\/span><\/p>\n<p style=\"text-align: justify;\"><span style=\"color: #000000;\">Cada dosis tambi\u00e9n aporta un 142% de vitamina B6, que contribuye al metabolismo energ\u00e9tico normal y al funcionamiento normal del sistema nervioso.<\/span><\/p>\n<p style=\"text-align: justify;\"><span style=\"color: #000000;\"><strong>BCAA\u2019s 8:1:1.<\/strong> Objetivos principales:<\/span><\/p>\n<ol style=\"text-align: justify;\">\n<li><span style=\"color: #000000;\">Recuperaci\u00f3n.<\/span><\/li>\n<\/ol>\n<p style=\"text-align: justify;\"><span style=\"color: #000000;\">\u00bfQui\u00e9n puede beneficiarse de <strong>BCAA\u2019s 8:1:1<\/strong>?<\/span><\/p>\n<ul>\n<li style=\"text-align: justify;\"><span style=\"color: #000000;\">Todo tipo de deportistas especialmente aquellos que deseen un aporte extra de amino\u00e1cidos.<\/span><\/li>\n<\/ul>\n","protected":false},"excerpt":{"rendered":"<table>\n<tbody>\n<tr style=\"height: 24px;\">\n<th style=\"height: 24px;\"><span style=\"color: #000000;\"><strong>\u00bfPARA QU\u00c9 SE TOMA?<\/strong><\/span><\/th>\n<th style=\"height: 24px;\"><span style=\"color: #000000;\"><strong>\u00bfC\u00d3MO SE TOMA?<\/strong><\/span><\/th>\n<th style=\"height: 24px;\"><span style=\"color: #000000;\"><strong>\u00bfCU\u00c1NTAS VECES?<\/strong><\/span><\/th>\n<th style=\"height: 24px;\"><span style=\"color: #000000;\"><strong>\u00bfCU\u00c1NDO SE \u00a0TOMA?<\/strong><\/span><\/th>\n<th style=\"height: 24px;\"><span style=\"color: #000000;\"><strong>USOS<\/strong><\/span><\/th>\n<\/tr>\n<tr style=\"height: 24px;\">\n<td style=\"text-align: center; height: 24px;\"><span style=\"color: #000000;\">Recuperar, reparar y construir<\/span><\/td>\n<td style=\"text-align: center; height: 24px;\"><span style=\"color: #000000;\">15 gr. en 500 ml. de agua o de zumo<\/span><\/td>\n<td style=\"text-align: center; height: 24px;\"><span style=\"color: #000000;\">Una vez al d\u00eda<\/span><\/td>\n<td style=\"text-align: center; height: 24px;\"><span style=\"color: #000000;\">Antes, durante o despu\u00e9s de la actividad f\u00edsica<\/span><\/td>\n<td style=\"text-align: center; height: 24px;\"><span style=\"color: #000000;\">Recuperaci\u00f3n<\/span><\/td>\n<\/tr>\n<\/tbody>\n<\/table>\n<p>&nbsp;<\/p>\n<p style=\"text-align: justify;\"><span style=\"color: #000000;\"><strong>Amino\u00e1cidos Ramificados<\/strong><\/span><\/p>\n<p style=\"text-align: justify;\"><span style=\"color: #000000;\"><strong>BCAA\u2019s 8:1:1<\/strong>\u00a0de\u00a0<strong>226ERS<span style=\"color: #000000;\">\u00ae<\/span><\/strong>\u00a0es un producto a base de amino\u00e1cidos ramificados con un ratio 8:1:1, enriquecidos con otros amino\u00e1cidos como la L-Taurina, L-Lisina y vitamina B6.<\/span><\/p>\n","protected":false},"featured_media":314,"comment_status":"open","ping_status":"closed","template":"","meta":[],"class_list":{"0":"post-310","1":"product","2":"type-product","3":"status-publish","4":"has-post-thumbnail","6":"product_cat-aminoacidos-endurance","7":"product_cat-endurance","8":"product_cat-ramificados-aminoacidos-endurance","9":"product_tag-226ers","11":"entry","12":"has-media","14":"first","15":"instock","16":"sale","17":"shipping-taxable","18":"purchasable","19":"product-type-simple","20":"has-product-nav","21":"col","22":"span_1_of_3","23":"owp-content-center","24":"owp-thumbs-layout-horizontal","25":"owp-btn-normal","26":"owp-tabs-layout-horizontal","27":"has-no-thumbnails"},"_links":{"self":[{"href":"https:\/\/nuevo.livenutrition.es\/index.php?rest_route=\/wp\/v2\/product\/310","targetHints":{"allow":["GET"]}}],"collection":[{"href":"https:\/\/nuevo.livenutrition.es\/index.php?rest_route=\/wp\/v2\/product"}],"about":[{"href":"https:\/\/nuevo.livenutrition.es\/index.php?rest_route=\/wp\/v2\/types\/product"}],"replies":[{"embeddable":true,"href":"https:\/\/nuevo.livenutrition.es\/index.php?rest_route=%2Fwp%2Fv2%2Fcomments&post=310"}],"wp:featuredmedia":[{"embeddable":true,"href":"https:\/\/nuevo.livenutrition.es\/index.php?rest_route=\/wp\/v2\/media\/314"}],"wp:attachment":[{"href":"https:\/\/nuevo.livenutrition.es\/index.php?rest_route=%2Fwp%2Fv2%2Fmedia&parent=310"}],"curies":[{"name":"wp","href":"https:\/\/api.w.org\/{rel}","templated":true}]}}