{"id":307,"date":"2017-02-24T11:44:49","date_gmt":"2017-02-24T11:44:49","guid":{"rendered":"http:\/\/localhost\/wordpress_tienda\/?post_type=product&#038;p=307"},"modified":"2021-05-20T09:16:51","modified_gmt":"2021-05-20T09:16:51","slug":"226ers-sub9-energy-drink-sandia-1k","status":"publish","type":"product","link":"https:\/\/nuevo.livenutrition.es\/?product=226ers-sub9-energy-drink-sandia-1k","title":{"rendered":"SUB9 ENERGY DRINK SAND\u00cdA 1k."},"content":{"rendered":"<p style=\"text-align: justify;\"><strong>SUB9 ENERGY DRINK (226ERS)<\/strong><\/p>\n<p style=\"text-align: justify;\"><strong>Energ\u00eda para deportes de m\u00e1s de 4 horas<\/strong><\/p>\n<p style=\"text-align: justify;\"><strong>Sub9 Energy Drink<\/strong>\u00a0de\u00a0<strong>226ERS<\/strong>\u00a0es una f\u00f3rmula a base de amilopectina de \u00faltima generaci\u00f3n, especialmente dise\u00f1ada para deportes de resistencia que superan las 4 horas de duraci\u00f3n. Adem\u00e1s de la amilopectina, esta bebida aporta un 9 % de prote\u00ednas aisladas ultra filtradas de suero de leche de f\u00e1cil asimilaci\u00f3n, la cantidad justa para ayudar a evitar el catabolismo sin producir molestias digestivas y un 3% de BCAA\u2019s con un ratio 8.1.1.<\/p>\n<p style=\"text-align: justify;\">Gracias a su f\u00e1cil disoluci\u00f3n y digesti\u00f3n, es perfecto para proporcionar energ\u00eda durante los entrenamientos o competiciones de duraci\u00f3n prolongada permitiendo mantener el rendimiento y retrasar la fatiga.<\/p>\n<p style=\"text-align: justify;\"><strong>Sub9 Energy Drink.<\/strong> Caracter\u00edsticas principales:<\/p>\n<ul style=\"text-align: justify;\">\n<li>78 gr. Hidratos de Carbono por dosis.*<\/li>\n<li>9 gr. de prote\u00ednas y 3% de BCAA\u2019s 8.1.1.<\/li>\n<li>Con L-Carnitina, Taurina y L-Tirosina.<\/li>\n<li>F\u00e1cil disoluci\u00f3n y digesti\u00f3n.<\/li>\n<li>Sin gluten.<\/li>\n<li>Sin az\u00facar.<\/li>\n<li>Enriquecido con vitaminas.<\/li>\n<li>Perfecta disoluci\u00f3n y f\u00e1cil digesti\u00f3n.<\/li>\n<li>1000 gr. en cada envase.<\/li>\n<\/ul>\n<p style=\"text-align: justify;\">*Dosis: 50 gramos. La informaci\u00f3n nutricional puede variar ligeramente dependiendo del sabor.<\/p>\n<p style=\"text-align: justify;\"><strong>Sub9 Energy Drink.<\/strong> Efectos principales:<\/p>\n<ul style=\"text-align: justify;\">\n<li>Proporciona energ\u00eda para ayudar a mantener el rendimiento y retrasar la fatiga.<\/li>\n<li>Gracias a su contenido en vitaminas apoya el correcto metabolismo energ\u00e9tico y reduce el cansancio.<\/li>\n<\/ul>\n<p style=\"text-align: justify;\"><strong>Sub9 Energy Drink.<\/strong> La ciencia detr\u00e1s:<\/p>\n<p style=\"text-align: justify;\"><strong>Sub9 Energy Drink<\/strong>\u00a0es un producto a base de carbohidratos, especialmente dise\u00f1ado para aportar energ\u00eda y mantener el rendimiento en deportes de muy larga duraci\u00f3n, de m\u00e1s de cuatro horas de duraci\u00f3n.\u00a0<strong>Sub9 Energy Drink<\/strong>\u00a0est\u00e1 elaborada a base de amilopectina avanzada, que adem\u00e1s se combina con aislado de prote\u00ednas l\u00e1cteas, amino\u00e1cidos y vitaminas. La amilopectina es un carbohidrato de alto peso molecular, que puede pasar r\u00e1pidamente por el est\u00f3mago y se digiere r\u00e1pidamente, por lo que es ideal para proporcionar energ\u00eda a los m\u00fasculos y al sistema nervioso en un corto periodo de tiempo.<\/p>\n<p style=\"text-align: justify;\">La energ\u00eda de\u00a0<strong>Sub9 Energy Drink<\/strong>\u00a0proviene de la amilopectina, un carbohidrato que proporciona energ\u00eda de forma f\u00e1cil y r\u00e1pida. Esto es debido a que su alto peso molecular le confiere una baja osmolaridad. Gracias a ello, la amilopectina puede pasar r\u00e1pidamente por el est\u00f3mago y una vez en el intestino, las enzimas digestivas la digieren f\u00e1cilmente, aumentando r\u00e1pidamente la concentraci\u00f3n de glucosa en el torrente sangu\u00edneo proporcionando energ\u00eda a los m\u00fasculos y al sistema nervioso.<\/p>\n<p style=\"text-align: justify;\"><strong>Sub9 Energy Drink<\/strong>\u00a0contiene prote\u00ednas de f\u00e1cil digesti\u00f3n procedentes del aislado de lactoalb\u00famina, en la cantidad apropiada para que el vaciamiento g\u00e1strico sea r\u00e1pido y permita ayudar a proteger el m\u00fasculo sin producir molestias digestivas. La prote\u00edna de suero es rica amino\u00e1cidos ramificados (BCAA\u2019s) en un ratio 8.1.1, con el objetivo de ayudar a prevenir o minimizar el catabolismo asociado a un periodo de entrenamiento tan prolongado, as\u00ed como servir como fuente de energ\u00eda y reducir la sensaci\u00f3n de cansancio. Adem\u00e1s, se ha enriquecido con L-Carnitina cuya funci\u00f3n es el transporte de las grasas para obtener energ\u00eda, adem\u00e1s es antioxidante y ayuda a combatir la fatiga. Tambi\u00e9n contiene el amino\u00e1cido taurina, que proporciona protecci\u00f3n muscular, as\u00ed como sobre el sistema nervioso y el sistema inmunol\u00f3gico. La L-Tirosina por su parte, ayuda a reducir los efectos del estr\u00e9s y en cansancio, especialmente en circunstancias de gran cansancio y estr\u00e9s mental.<\/p>\n<p style=\"text-align: justify;\">Para completar su formulaci\u00f3n,\u00a0<strong>Sub9 Energy Drink<\/strong>\u00a0contiene vitamina B6 y B1, que ayudan a reducir el cansancio y la fatiga, as\u00ed como a un correcto funcionamiento de la funci\u00f3n nerviosa.<\/p>\n<p style=\"text-align: justify;\"><strong>Sub9 Energy Drink.<\/strong> Objetivos principales:<\/p>\n<ol style=\"text-align: justify;\">\n<li>Energ\u00eda.<\/li>\n<\/ol>\n<p style=\"text-align: justify;\">\u00bfQui\u00e9n puede beneficiarse de <strong>Sub9 Energy Drink<\/strong>?<\/p>\n<ul>\n<li style=\"text-align: justify;\">Deportistas de resistencia que realizan entrenamientos o competiciones de una duraci\u00f3n superior a 4 horas de duraci\u00f3n.<\/li>\n<\/ul>\n","protected":false},"excerpt":{"rendered":"<table>\n<tbody>\n<tr>\n<th><span style=\"color: #000000;\">\u00bfPARA QU\u00c9 SE TOMA?<\/span><\/th>\n<th><span style=\"color: #000000;\">\u00bfC\u00d3MO SE TOMA?<\/span><\/th>\n<th><span style=\"color: #000000;\">\u00bfCU\u00c1NTAS VECES?<\/span><\/th>\n<th><span style=\"color: #000000;\">\u00bfCU\u00c1NDO SE \u00a0TOMA?<\/span><\/th>\n<th><span style=\"color: #000000;\">USOS<\/span><\/th>\n<\/tr>\n<tr>\n<td style=\"text-align: center;\">Energ\u00eda, resistencia y retrasa la fatiga<\/td>\n<td style=\"text-align: center;\">50 gr. (4 cacitos dosificadores) mezclar en 500 ml. de agua y agitar<\/td>\n<td style=\"text-align: center;\">Tomar una vez al d\u00eda<\/td>\n<td style=\"text-align: center;\">Antes y durante de la actividad f\u00edsica<\/td>\n<td style=\"text-align: center;\">Aumento del rendimiento<\/td>\n<\/tr>\n<\/tbody>\n<\/table>\n<p>&nbsp;<\/p>\n<p style=\"text-align: justify;\"><strong>Energ\u00eda y Recperaci\u00f3n<\/strong><\/p>\n<p style=\"text-align: justify;\"><strong>SUB9 Energy Drink<\/strong>\u00a0de\u00a0<strong>226ERS<\/strong>\u00a0es una\u00a0f\u00f3rmula a base de amilopectina combinada con amino\u00e1cidos (BCAA&#8217;s R8.1.1) y prote\u00ednas. Est\u00e1 especialmente dise\u00f1ada para deportes de resistencia que superan las 4 horas de duraci\u00f3n.<\/p>\n","protected":false},"featured_media":311,"comment_status":"open","ping_status":"closed","template":"","meta":[],"class_list":{"0":"post-307","1":"product","2":"type-product","3":"status-publish","4":"has-post-thumbnail","6":"product_cat-bebida-energetica","7":"product_cat-endurance","8":"product_cat-energia","9":"product_tag-226ers","11":"entry","12":"has-media","14":"first","15":"instock","16":"sale","17":"shipping-taxable","18":"purchasable","19":"product-type-simple","20":"has-product-nav","21":"col","22":"span_1_of_3","23":"owp-content-center","24":"owp-thumbs-layout-horizontal","25":"owp-btn-normal","26":"owp-tabs-layout-horizontal","27":"has-no-thumbnails"},"_links":{"self":[{"href":"https:\/\/nuevo.livenutrition.es\/index.php?rest_route=\/wp\/v2\/product\/307","targetHints":{"allow":["GET"]}}],"collection":[{"href":"https:\/\/nuevo.livenutrition.es\/index.php?rest_route=\/wp\/v2\/product"}],"about":[{"href":"https:\/\/nuevo.livenutrition.es\/index.php?rest_route=\/wp\/v2\/types\/product"}],"replies":[{"embeddable":true,"href":"https:\/\/nuevo.livenutrition.es\/index.php?rest_route=%2Fwp%2Fv2%2Fcomments&post=307"}],"wp:featuredmedia":[{"embeddable":true,"href":"https:\/\/nuevo.livenutrition.es\/index.php?rest_route=\/wp\/v2\/media\/311"}],"wp:attachment":[{"href":"https:\/\/nuevo.livenutrition.es\/index.php?rest_route=%2Fwp%2Fv2%2Fmedia&parent=307"}],"curies":[{"name":"wp","href":"https:\/\/api.w.org\/{rel}","templated":true}]}}