{"id":292,"date":"2016-05-25T10:35:00","date_gmt":"2016-05-25T10:35:00","guid":{"rendered":"http:\/\/localhost\/wordpress_tienda\/?post_type=product&#038;p=292"},"modified":"2021-05-20T09:16:28","modified_gmt":"2021-05-20T09:16:28","slug":"infisport-faster-bar-frambuesa-25-gr","status":"publish","type":"product","link":"https:\/\/nuevo.livenutrition.es\/?product=infisport-faster-bar-frambuesa-25-gr","title":{"rendered":"FASTER BAR FRAMBUESA 25 gr."},"content":{"rendered":"<p style=\"text-align: justify;\"><strong>FASTER BAR (INFISPORT)<\/strong><\/p>\n<p style=\"text-align: justify;\"><strong>LA ENERG\u00cdA R\u00c1PIDA CON ANTIOXIDANTES.<\/strong><strong> <strong>TE AYUDA A SEGUIR<\/strong><\/strong><\/p>\n<p style=\"text-align: justify;\">Cuando se practica un esfuerzo de alta intensidad y continuado, debemos ingerir alimentos que aporten una energ\u00eda r\u00e1pida a los m\u00fasculos, de lo contrario, no podr\u00e1n continuar trabajando a la misma intensidad.<\/p>\n<p style=\"text-align: justify;\">Pero tambi\u00e9n en esos momentos, fruto del elevado nivel metab\u00f3lico que tiene el organismo para poder aportar esa energ\u00eda, se producen gran cantidad de radicales libres, a la vez que se eleva la acidez metab\u00f3lica.<\/p>\n<p style=\"text-align: justify;\">Los radicales libres pueden producir da\u00f1os en las mismas c\u00e9lulas musculares, por ello, es imprescindible neutralizarlos.<\/p>\n<p style=\"text-align: justify;\">Tambi\u00e9n debemos neutralizar la acidez org\u00e1nica para que los enzimas encargados de suministrar energ\u00eda, puedan seguir realizando su trabajo.<\/p>\n<p style=\"text-align: justify;\">Para conseguir todo esto, Infisport ha formulado una barrita muy especial: <strong>Faster<\/strong> <strong>Bar<\/strong>, barrita totalmente diferente a las dem\u00e1s en composici\u00f3n y con el extraordinario sabor natural de la fruta prensada.<\/p>\n<p style=\"text-align: justify;\">Su consumo en momentos de elevada demanda energ\u00e9tica ayuda a continuar con el esfuerzo, a la vez que protege al organismo contra los da\u00f1os que producen los radicales libres y neutraliza la excesiva acidez org\u00e1nica.<\/p>\n<p style=\"text-align: justify;\"><strong>Faster Bar<\/strong>\u00a0para que no te pares.\u00a0<strong>NO CONTIENE GLUTEN.<\/strong><\/p>\n<p style=\"text-align: justify;\"><strong>Infisport Faster Bar<\/strong>\u00a0se presenta en una barrita de 25 gramos.<\/p>\n<p style=\"text-align: justify;\"><strong>Ficha T\u00e9cnica:<\/strong><\/p>\n<p style=\"text-align: justify;\"><strong>Infisport Faster Bar<\/strong>\u00a0aporta energ\u00eda y protecci\u00f3n instant\u00e1neas.<\/p>\n","protected":false},"excerpt":{"rendered":"<table>\n<tbody>\n<tr>\n<th><span style=\"color: #000000;\">\u00bfPARA QU\u00c9 SE TOMA?<\/span><\/th>\n<th><span style=\"color: #000000;\">\u00bfC\u00d3MO SE TOMA?<\/span><\/th>\n<th><span style=\"color: #000000;\">\u00bfCU\u00c1NTAS VECES?<\/span><\/th>\n<th><span style=\"color: #000000;\">\u00bfCU\u00c1NDO SE \u00a0TOMA?<\/span><\/th>\n<th><span style=\"color: #000000;\">USO<\/span><\/th>\n<\/tr>\n<tr>\n<td style=\"text-align: center;\">Aporte inmediato de energ\u00eda<\/td>\n<td style=\"text-align: center;\">Abrir e ingerir<\/td>\n<td style=\"text-align: center;\">Tomar una vez al d\u00eda<\/td>\n<td style=\"text-align: center;\">Antes, durante y despu\u00e9s de la actividad f\u00edsca<\/td>\n<td style=\"text-align: center;\">Energ\u00eda, reduce el cansancio y la fatiga<\/td>\n<\/tr>\n<\/tbody>\n<\/table>\n<p>&nbsp;<\/p>\n<p style=\"text-align: justify;\"><b>Barrita Energ\u00e9tica<\/b><\/p>\n<p style=\"text-align: justify;\"><strong>Faster Bar<\/strong> de <strong>Infisport<\/strong> es una barrita totalmente diferente a las dem\u00e1s en composici\u00f3n y con el extraordinario sabor natural de la fruta prensada. Energ\u00eda r\u00e1pida con antioxidantes. Te ayuda\u00a0 a seguir.<\/p>\n","protected":false},"featured_media":296,"comment_status":"open","ping_status":"closed","template":"","meta":[],"class_list":{"0":"post-292","1":"product","2":"type-product","3":"status-publish","4":"has-post-thumbnail","6":"product_cat-barritas-energeticas","7":"product_cat-barritas-energeticas-infisport","8":"product_cat-endurance","9":"product_cat-energia","10":"product_tag-infisport","12":"entry","13":"has-media","15":"first","16":"outofstock","17":"sale","18":"shipping-taxable","19":"purchasable","20":"product-type-simple","21":"has-product-nav","22":"col","23":"span_1_of_3","24":"owp-content-center","25":"owp-thumbs-layout-horizontal","26":"owp-btn-normal","27":"owp-tabs-layout-horizontal","28":"has-no-thumbnails"},"_links":{"self":[{"href":"https:\/\/nuevo.livenutrition.es\/index.php?rest_route=\/wp\/v2\/product\/292","targetHints":{"allow":["GET"]}}],"collection":[{"href":"https:\/\/nuevo.livenutrition.es\/index.php?rest_route=\/wp\/v2\/product"}],"about":[{"href":"https:\/\/nuevo.livenutrition.es\/index.php?rest_route=\/wp\/v2\/types\/product"}],"replies":[{"embeddable":true,"href":"https:\/\/nuevo.livenutrition.es\/index.php?rest_route=%2Fwp%2Fv2%2Fcomments&post=292"}],"wp:featuredmedia":[{"embeddable":true,"href":"https:\/\/nuevo.livenutrition.es\/index.php?rest_route=\/wp\/v2\/media\/296"}],"wp:attachment":[{"href":"https:\/\/nuevo.livenutrition.es\/index.php?rest_route=%2Fwp%2Fv2%2Fmedia&parent=292"}],"curies":[{"name":"wp","href":"https:\/\/api.w.org\/{rel}","templated":true}]}}