{"id":269,"date":"2018-11-21T19:37:51","date_gmt":"2018-11-21T19:37:51","guid":{"rendered":"http:\/\/localhost\/wordpress_tienda\/?post_type=product&#038;p=269"},"modified":"2021-05-20T09:15:53","modified_gmt":"2021-05-20T09:15:53","slug":"infisport-nd3-cross-up-limon-18-x-50-gr","status":"publish","type":"product","link":"https:\/\/nuevo.livenutrition.es\/?product=infisport-nd3-cross-up-limon-18-x-50-gr","title":{"rendered":"ND3 CROSS UP\u00ae LIM\u00d3N 18 x 50 gr."},"content":{"rendered":"<p style=\"text-align: justify;\"><span style=\"color: #000000;\"><strong>ND3 CROSS UP\u00ae\u00a0<span style=\"color: #ff6600;\">INFISPORT<\/span><\/strong><\/span><\/p>\n<p style=\"text-align: justify;\"><span style=\"color: #000000;\"><strong>En el ND3 Cross Up encontrar\u00e1s un gel semil\u00edquido que se presenta en un sobre ergon\u00f3mico con una combiaci\u00f3n de 5 tipos de carbohidratos m\u00e1s BCAA\u2019s en proporci\u00f3n 8:1:1, L-Glutamina, sodio y magnesio<\/strong><\/span><\/p>\n<p style=\"text-align: justify;\"><span style=\"color: #000000;\">Gracias al nuevo formato ergon\u00f3mico del gel\u00a0<strong>ND3 Cross Up\u00ae<\/strong>, obtendr\u00e1s 50 gr.\/sobre (41,6 ml.) Su f\u00f3rmula presenta una nueva combinaci\u00f3n de diferentes tipos de hidratos de carbono, de diferente velocidad de absorci\u00f3n (isomaltulosa (palatinosa), maltodextrina, sacarosa, dextrosa y almid\u00f3n), ideal para deportes de duraci\u00f3n larga. Los 30 gr. de carbohidratos que encontrar\u00e1s en cada sobre siguen las recomendaciones de las principales organizaciones m\u00e9dicas deportivas (FEMEDE) con relaci\u00f3n al uso de carbohidratos en esfuerzos prolongados o muy intensos.<\/span><\/p>\n<p style=\"text-align: justify;\"><span style=\"color: #000000;\">La hidrataci\u00f3n del deportista se ve claramente favorecida gracias al aumento de la cantidad de sodio por sobre (hasta los 180-185 mgr.) que podemos encontrar en esta nueva f\u00f3rmula. Por otro lado, tambi\u00e9n se ayuda a la disminuci\u00f3n de la fatiga y el cansancio, gracias al magnesio citrato altamente biodisponible que contiene.<\/span><\/p>\n<p style=\"text-align: justify;\"><span style=\"color: #000000;\">Gracias a su contenido en vitamina B1, favorecer\u00e1s el funcionamiento de un metabolismo energ\u00e9tico normal y la vitamina C te ayudar\u00e1 a reforzar el sistema inmunitario y a proteger las c\u00e9lulas frente a la oxidaci\u00f3n.<\/span><\/p>\n<p style=\"text-align: justify;\"><span style=\"color: #000000;\">Gracias a los amino\u00e1cidos de cadena ramificada (BCAA\u00b4s) en proporci\u00f3n 8:1:1 que aporta\u00a0<strong>ND3\u00a0Cross Up\u00ae<\/strong>, conseguir\u00e1s un aporte extra de L-Leucina. La L-Glutamina presente en su formulaci\u00f3n te ayudar\u00e1 a proteger tu organismo durante esfuerzos de alta intensidad o muy prolongados.<\/span><\/p>\n<p style=\"text-align: justify;\"><span style=\"color: #000000;\">Disfruta de un sabor agradable a lim\u00f3n.<\/span><\/p>\n<p style=\"text-align: justify;\"><span style=\"color: #000000;\">Peso Neto: 900 gr. (18 sobres de 50 gr.)<\/span><\/p>\n<p style=\"text-align: justify;\"><span style=\"color: #000000;\"><strong>ND3 Cross Up\u00ae<\/strong>\u00a0de\u00a0<span style=\"color: #ff6600;\"><strong>Infisport<\/strong>\u00a0<\/span>se presenta en displays reciclables que contienen 18 sobres de 50 gr.<\/span><\/p>\n","protected":false},"excerpt":{"rendered":"<table>\n<tbody>\n<tr>\n<th><span style=\"color: #000000;\"><strong>\u00bfPARA QU\u00c9 SE TOMA?<\/strong><\/span><\/th>\n<th><span style=\"color: #000000;\"><strong>\u00bfC\u00d3MO SE TOMA?<\/strong><\/span><\/th>\n<th><span style=\"color: #000000;\"><strong>\u00bfCU\u00c1NTAS VECES?<\/strong><\/span><\/th>\n<th><span style=\"color: #000000;\"><strong>\u00bfCU\u00c1NDO SE \u00a0TOMA?<\/strong><\/span><\/th>\n<th><span style=\"color: #000000;\"><strong>USO<\/strong><\/span><\/th>\n<\/tr>\n<tr>\n<td style=\"text-align: center;\"><span style=\"color: #000000;\">Aporte r\u00e1pido de energ\u00eda y BCAA&#8217;s<\/span><\/td>\n<td style=\"text-align: center;\"><span style=\"color: #000000;\">Abrir, impulsar y absorber. Seguido de 100 ml. de agua<\/span><\/td>\n<td style=\"text-align: center;\"><span style=\"color: #000000;\">Tomar de una a cinco veces al d\u00eda<\/span><\/td>\n<td style=\"text-align: center;\"><span style=\"color: #000000;\">Antes y durante la actividad f\u00edsica<\/span><\/td>\n<td style=\"text-align: center;\"><span style=\"color: #000000;\">Energ\u00eda<\/span><\/td>\n<\/tr>\n<\/tbody>\n<\/table>\n<p>&nbsp;<\/p>\n<p style=\"text-align: justify;\"><span style=\"color: #000000;\"><strong>Geles Energ\u00e9ticos<\/strong><\/span><\/p>\n<p style=\"text-align: justify;\"><span style=\"color: #000000;\"><strong>ND3 Cross Up\u00ae<\/strong>\u00a0de <span style=\"color: #ff6600;\"><strong>Infisport<\/strong> <\/span>es un gel semil\u00edquido en sobre ergon\u00f3mico que combina 5 tipos de carbohidratos con BCAA\u00b4s proporci\u00f3n 8:1:1, L-Glutamina, Magnesio y Sodio. Complemento alimenticio en gel. Formulado para favorecer el aporte de energ\u00eda durante el ejercicio.<\/span><\/p>\n","protected":false},"featured_media":273,"comment_status":"open","ping_status":"closed","template":"","meta":[],"class_list":{"0":"post-269","1":"product","2":"type-product","3":"status-publish","4":"has-post-thumbnail","6":"product_cat-endurance","7":"product_cat-energia","8":"product_cat-geles-energeticos","9":"product_tag-infisport","11":"entry","12":"has-media","14":"first","15":"instock","16":"sale","17":"shipping-taxable","18":"purchasable","19":"product-type-simple","20":"has-product-nav","21":"col","22":"span_1_of_3","23":"owp-content-center","24":"owp-thumbs-layout-horizontal","25":"owp-btn-normal","26":"owp-tabs-layout-horizontal","27":"has-no-thumbnails"},"_links":{"self":[{"href":"https:\/\/nuevo.livenutrition.es\/index.php?rest_route=\/wp\/v2\/product\/269","targetHints":{"allow":["GET"]}}],"collection":[{"href":"https:\/\/nuevo.livenutrition.es\/index.php?rest_route=\/wp\/v2\/product"}],"about":[{"href":"https:\/\/nuevo.livenutrition.es\/index.php?rest_route=\/wp\/v2\/types\/product"}],"replies":[{"embeddable":true,"href":"https:\/\/nuevo.livenutrition.es\/index.php?rest_route=%2Fwp%2Fv2%2Fcomments&post=269"}],"wp:featuredmedia":[{"embeddable":true,"href":"https:\/\/nuevo.livenutrition.es\/index.php?rest_route=\/wp\/v2\/media\/273"}],"wp:attachment":[{"href":"https:\/\/nuevo.livenutrition.es\/index.php?rest_route=%2Fwp%2Fv2%2Fmedia&parent=269"}],"curies":[{"name":"wp","href":"https:\/\/api.w.org\/{rel}","templated":true}]}}