{"id":254,"date":"2016-05-26T09:05:46","date_gmt":"2016-05-26T09:05:46","guid":{"rendered":"http:\/\/localhost\/wordpress_tienda\/?post_type=product&#038;p=254"},"modified":"2021-05-20T09:15:30","modified_gmt":"2021-05-20T09:15:30","slug":"infisport-nd3-solid-citrico-con-cafeina-40-gr","status":"publish","type":"product","link":"https:\/\/nuevo.livenutrition.es\/?product=infisport-nd3-solid-citrico-con-cafeina-40-gr","title":{"rendered":"ND3 SOLID C\u00cdTRICO CON CAFE\u00cdNA 40 gr."},"content":{"rendered":"<p style=\"text-align: justify;\"><strong><span style=\"color: #000000;\">ND3 SOLID<\/span> <span style=\"color: #ff6600;\">INFISPORT<\/span><\/strong><\/p>\n<p><span style=\"color: #000000;\"><strong>Recuperante energ\u00e9tico, neutralizante, defatigante y antioxidante<\/strong><\/span><\/p>\n<p style=\"text-align: justify;\"><span style=\"color: #000000;\"><strong>ND3 Solid<\/strong>\u00a0es la \u00fanica barrita espec\u00edficamente formulada para retrasar la fatiga de una forma integral.<\/span><\/p>\n<p style=\"text-align: justify;\"><span style=\"color: #000000;\">Para ello,<\/span> <strong><span style=\"color: #ff6600;\">Infisport <\/span><\/strong><span style=\"color: #000000;\">se ha basado en los \u00faltimos conocimientos en el campo de la Fisiolog\u00eda del Ejercicio.<\/span><\/p>\n<p style=\"text-align: justify;\"><span style=\"color: #000000;\">Cuando sometemos a nuestro organismo a un esfuerzo de elevada intensidad, conforme va transcurriendo el tiempo, ocurren una serie de acontecimientos fisiol\u00f3gicos que si no se frenan, acabar\u00e1n produciendo una fatiga que ir\u00e1 aumentando con el transcurso de los minutos y limitar\u00e1 totalmente el rendimiento, ya que disminuir\u00e1n los dep\u00f3sitos de gluc\u00f3geno, aumentar\u00e1 la formaci\u00f3n de amonio y la acidez org\u00e1nica, se consumir\u00e1n amino\u00e1cidos de cadena ramificada, aparecer\u00e1 la llamada \u201cfatiga central\u201d y aumentar\u00e1 la formaci\u00f3n de sustancias con elevado poder oxidante (radicales libres)<\/span><\/p>\n<p style=\"text-align: justify;\"><span style=\"color: #000000;\">Las nuevas barritas\u00a0<strong>ND3 C\u00edtrico <\/strong>y <strong>Granada con cafe\u00edna<\/strong>\u00a0aportan 50 mgr. por barrita. La acci\u00f3n ergog\u00e9nica de la cafe\u00edna act\u00faa mediante dos mecanismos: por una parte, aumenta la estimulaci\u00f3n del sistema nervioso aut\u00f3nomo (rama simp\u00e1tica), de esta manera, nuestro organismo puede adaptarse mejor al esfuerzo intenso, y por otra produce un efecto lipol\u00edtico, esto es, hace que se liberen \u00e1cidos grasos para que la fibra muscular obtenga as\u00ed una mayor cantidad de energ\u00eda.<\/span><\/p>\n<p style=\"text-align: justify;\"><span style=\"color: #000000;\">Si este tipo de esfuerzo se realiza varias veces por semana, como es habitual en los entrenamientos programados, limitar\u00e1 la acci\u00f3n de nuestro sistema inmunol\u00f3gico.<\/span><\/p>\n<p style=\"text-align: justify;\"><span style=\"color: #000000;\">Numerosos estudios demuestran que aportar hidratos de carbono de absorci\u00f3n r\u00e1pida, amino\u00e1cidos de cadena ramificada, glutamina, citratos y sustancias antioxidantes durante y despu\u00e9s del ejercicio de alta intensidad, reduce de forma notable el efecto negativo de estos procesos sobre el rendimiento deportivo y la salud.<\/span><\/p>\n<p style=\"text-align: justify;\"><span style=\"color: #000000;\"><strong>ND3 Solid<\/strong>\u00a0aporta todos estos componentes en cantidades adecuadas, incluidos en una base de fruta prensada natural, consiguiendo que su ingesta sea deliciosa, proporcionando una digestibilidad y absorci\u00f3n perfectas, caracter\u00edsticas imprescindibles para su consumo durante y despu\u00e9s del ejercicio.<\/span><\/p>\n<p style=\"text-align: justify;\"><span style=\"color: #000000;\">Su ingesti\u00f3n una vez finalizado el entrenamiento o la competici\u00f3n hace que se recuperen m\u00e1s r\u00e1pidamente los dep\u00f3sitos de gluc\u00f3geno.<\/span><\/p>\n<p style=\"text-align: justify;\"><span style=\"color: #000000;\">Dos nuevas barritas <strong>ND3<\/strong> <strong>Solid<\/strong> que se a\u00f1aden a la existente, con la particularidad de que \u00e9stas llevan cafe\u00edna.<\/span><\/p>\n<p style=\"text-align: justify;\"><span style=\"color: #000000;\">Una de ellas tiene el mismo sabor c\u00edtrico que la actual y la otra incorpora extracto de granada, rica en antioxidantes (punicalaginas), a su sabor frutos del bosque.<\/span><\/p>\n<p style=\"text-align: justify;\"><span style=\"color: #000000;\">Cabe resaltar el beneficioso efecto del extracto natural de granada incorporado en las barritas\u00a0<strong>ND3 Solid Cafe\u00edna Granada<\/strong>. Estudios realizados recientemente confirman el papel de los flavonoides y polifenoles (punicalaginas) procedentes de la granada como antioxidantes, antiinflamatorios, protectores cardiovasculares y de la salud bucodental.<\/span><\/p>\n<p><span style=\"color: #000000;\">No te pares.\u00a0 No contiene gluten<strong>.<\/strong><\/span><\/p>\n<p><span style=\"color: #000000;\"><strong>ND3 Solid con cafe\u00edna <\/strong>de\u00a0<\/span><span style=\"color: #ff6600;\"><strong>Infisport<\/strong>\u00a0<\/span><span style=\"color: #000000;\">se presenta en una barrita de 40 gramos.<\/span><\/p>\n","protected":false},"excerpt":{"rendered":"<table>\n<tbody>\n<tr style=\"height: 48px;\">\n<th style=\"height: 48px;\"><span style=\"color: #000000;\"><strong>\u00bfPARA QU\u00c9 SE TOMA?<\/strong><\/span><\/th>\n<th style=\"height: 48px;\"><span style=\"color: #000000;\"><strong>\u00bfC\u00d3MO SE TOMA?<\/strong><\/span><\/th>\n<th style=\"height: 48px;\"><span style=\"color: #000000;\"><strong>\u00bfCU\u00c1NTAS VECES?<\/strong><\/span><\/th>\n<th style=\"height: 48px;\"><span style=\"color: #000000;\"><strong>\u00bfCU\u00c1NDO SE \u00a0TOMA?<\/strong><\/span><\/th>\n<th style=\"height: 48px;\"><span style=\"color: #000000;\"><strong>USO<\/strong><\/span><\/th>\n<\/tr>\n<tr style=\"height: 48px;\">\n<td style=\"text-align: center; height: 48px;\"><span style=\"color: #000000;\">Aporte inmediato de energ\u00eda, neutralizante, defatigante y antioxidante<\/span><\/td>\n<td style=\"text-align: center; height: 48px;\"><span style=\"color: #000000;\">Abrir e ingerir<\/span><\/td>\n<td style=\"text-align: center; height: 48px;\"><span style=\"color: #000000;\">Tomar una vez al d\u00eda<\/span><\/td>\n<td style=\"text-align: center; height: 48px;\"><span style=\"color: #000000;\">Antes y durante la actividad f\u00edsica<\/span><\/td>\n<td style=\"text-align: center; height: 48px;\"><span style=\"color: #000000;\">Energ\u00eda, reduce el cansancio y la fatiga<\/span><\/td>\n<\/tr>\n<\/tbody>\n<\/table>\n<p>&nbsp;<\/p>\n<p style=\"text-align: justify;\"><span style=\"color: #000000;\"><strong>Barrita Energ\u00e9tica<\/strong><\/span><\/p>\n<p style=\"text-align: justify;\"><span style=\"color: #000000;\"><strong>ND3 Solid<\/strong>\u00a0de<\/span> <span style=\"color: #ff6600;\"><strong>Infisport<\/strong><\/span> <span style=\"color: #000000;\">es la \u00fanica barrita espec\u00edficamente formulada para retrasar la fatiga de una forma integral.<\/span><\/p>\n","protected":false},"featured_media":258,"comment_status":"open","ping_status":"closed","template":"","meta":[],"class_list":{"0":"post-254","1":"product","2":"type-product","3":"status-publish","4":"has-post-thumbnail","6":"product_cat-barritas-energeticas","7":"product_cat-endurance","8":"product_cat-energia","9":"product_tag-infisport","11":"entry","12":"has-media","14":"first","15":"instock","16":"sale","17":"shipping-taxable","18":"purchasable","19":"product-type-simple","20":"has-product-nav","21":"col","22":"span_1_of_3","23":"owp-content-center","24":"owp-thumbs-layout-horizontal","25":"owp-btn-normal","26":"owp-tabs-layout-horizontal","27":"has-no-thumbnails"},"_links":{"self":[{"href":"https:\/\/nuevo.livenutrition.es\/index.php?rest_route=\/wp\/v2\/product\/254","targetHints":{"allow":["GET"]}}],"collection":[{"href":"https:\/\/nuevo.livenutrition.es\/index.php?rest_route=\/wp\/v2\/product"}],"about":[{"href":"https:\/\/nuevo.livenutrition.es\/index.php?rest_route=\/wp\/v2\/types\/product"}],"replies":[{"embeddable":true,"href":"https:\/\/nuevo.livenutrition.es\/index.php?rest_route=%2Fwp%2Fv2%2Fcomments&post=254"}],"wp:featuredmedia":[{"embeddable":true,"href":"https:\/\/nuevo.livenutrition.es\/index.php?rest_route=\/wp\/v2\/media\/258"}],"wp:attachment":[{"href":"https:\/\/nuevo.livenutrition.es\/index.php?rest_route=%2Fwp%2Fv2%2Fmedia&parent=254"}],"curies":[{"name":"wp","href":"https:\/\/api.w.org\/{rel}","templated":true}]}}