{"id":238,"date":"2016-05-26T10:29:27","date_gmt":"2016-05-26T10:29:27","guid":{"rendered":"http:\/\/localhost\/wordpress_tienda\/?post_type=product&#038;p=238"},"modified":"2021-05-20T09:15:05","modified_gmt":"2021-05-20T09:15:05","slug":"infisport-protein-bar-secuencial-fresa-chocolate-40-gr","status":"publish","type":"product","link":"https:\/\/nuevo.livenutrition.es\/?product=infisport-protein-bar-secuencial-fresa-chocolate-40-gr","title":{"rendered":"PROTEIN BAR SECUENCIAL FRESA &#8211; CHOCOLATE 40 gr."},"content":{"rendered":"<p style=\"text-align: justify;\"><strong><span style=\"color: #000000;\">PROTEIN BAR SECUENCIAL<\/span> <span style=\"color: #ff6600;\">INFISPORT\u00ae<\/span><\/strong><\/p>\n<p style=\"text-align: justify;\"><span style=\"color: #000000;\"><b>Barrita de prote\u00ednas con cobertura de chocolate y alto contenido proteico fuente de vitaminas<\/b><\/span><\/p>\n<p style=\"text-align: justify;\"><span style=\"color: #000000;\"><strong>Protein Bar<\/strong><strong>\u00a0Secuencial <\/strong><\/span>de <strong><span style=\"color: #ff6600;\">Infisport\u00ae<\/span> <\/strong>es la primera barrita que contiene una formulaci\u00f3n proteica a base de prote\u00ednas de alto valor biol\u00f3gico, que se caracterizan por poseer velocidades de digesti\u00f3n y absorci\u00f3n diferentes y consecutivas, este hecho hace que se produzca una liberaci\u00f3n de amino\u00e1cidos hacia el torrente sangu\u00edneo r\u00e1pido (aislado de prote\u00edna de suero, concentrado de prote\u00edna de suero) y mantenido en el tiempo (caseinato c\u00e1lcico, aislado de prote\u00edna de soja, prote\u00edna de almendra) lo cual produce un aporte continuado de amino\u00e1cidos a los m\u00fasculos, de esta forma se favorece el desarrollo muscular.<\/p>\n<p style=\"text-align: justify;\">Los \u00e1cidos grasos poliinsaturados contenidos en la almendra y el cacao proporcionan, adem\u00e1s de energ\u00eda, demostrados beneficios para la salud.<\/p>\n<p style=\"text-align: justify;\">Las vitaminas B1 y B6 contenidas en su formulaci\u00f3n son imprescindibles para la utilizaci\u00f3n metab\u00f3lica de los carbohidratos y prote\u00ednas contenidas en\u00a0<span style=\"color: #000000;\"><strong>Protein Bar Secuencial<\/strong><\/span>.<\/p>\n<p style=\"text-align: justify;\">Por todo ello,\u00a0<span style=\"color: #000000;\"><strong>Protein Bar<\/strong>\u00a0<strong>Secuencial<\/strong><\/span> se convierte en la barrita proteica m\u00e1s avanzada del mercado.<\/p>\n<p style=\"text-align: justify;\">Se presenta en\u00a0dos deliciosos sabores: Fresa-chocolate y chocolate-chocolate.<\/p>\n<p style=\"text-align: justify;\">Naturalmente artesanal.<\/p>\n<p style=\"text-align: justify;\">Presentaci\u00f3n:<\/p>\n<p style=\"text-align: justify;\"><span style=\"color: #000000;\"><strong>Protein Bar Secuencial<\/strong><\/span>\u00a0de\u00a0<strong><span style=\"color: #ff6600;\">Infisport\u00ae<\/span> <\/strong>se presentan en una barrita de 40 gramos.<\/p>\n","protected":false},"excerpt":{"rendered":"<table>\n<tbody>\n<tr style=\"height: 48px;\">\n<th style=\"height: 48px;\"><span style=\"color: #000000;\">\u00bfPARA QU\u00c9 SE TOMA?<\/span><\/th>\n<th style=\"height: 48px;\"><span style=\"color: #000000;\">\u00bfC\u00d3MO SE TOMA?<\/span><\/th>\n<th style=\"height: 48px;\"><span style=\"color: #000000;\">\u00bfCU\u00c1NTAS VECES?<\/span><\/th>\n<th style=\"height: 48px;\"><span style=\"color: #000000;\">\u00bfCU\u00c1NDO SE \u00a0TOMA?<\/span><\/th>\n<th style=\"height: 48px;\"><span style=\"color: #000000;\">USO<\/span><\/th>\n<\/tr>\n<tr style=\"height: 48px;\">\n<td style=\"text-align: center; height: 48px;\">Recuperaci\u00f3n, aumentar el rendimiento y la masa muscular<\/td>\n<td style=\"text-align: center; height: 48px;\">Abrir e ingerir<\/td>\n<td style=\"text-align: center; height: 48px;\">Tomar una vez al d\u00eda<\/td>\n<td style=\"text-align: center; height: 48px;\">Antes, durante y despu\u00e9s del entreno<\/td>\n<td style=\"text-align: center; height: 48px;\">Aumento del rendimiento<\/td>\n<\/tr>\n<\/tbody>\n<\/table>\n<p>&nbsp;<\/p>\n<p style=\"text-align: justify;\"><span style=\"color: #000000;\"><strong>Barrita Proteica<\/strong><\/span><\/p>\n<p style=\"text-align: justify;\"><span style=\"color: #000000;\"><strong>Protein Bar<\/strong><strong>\u00a0Secuencial<\/strong><\/span>\u00a0de<strong><span style=\"color: #ff6600;\"> Infisport\u00ae<\/span> <\/strong>es la primera barrita que contiene una formulaci\u00f3n proteica a base de prote\u00ednas de alto valor biol\u00f3gico.<\/p>\n","protected":false},"featured_media":242,"comment_status":"open","ping_status":"closed","template":"","meta":[],"class_list":{"0":"post-238","1":"product","2":"type-product","3":"status-publish","4":"has-post-thumbnail","6":"product_cat-barritas-proteicas","7":"product_cat-endurance","8":"product_cat-recuperacion","9":"product_tag-infisport","11":"entry","12":"has-media","14":"first","15":"instock","16":"sale","17":"shipping-taxable","18":"purchasable","19":"product-type-simple","20":"has-product-nav","21":"col","22":"span_1_of_3","23":"owp-content-center","24":"owp-thumbs-layout-horizontal","25":"owp-btn-normal","26":"owp-tabs-layout-horizontal","27":"has-no-thumbnails"},"_links":{"self":[{"href":"https:\/\/nuevo.livenutrition.es\/index.php?rest_route=\/wp\/v2\/product\/238","targetHints":{"allow":["GET"]}}],"collection":[{"href":"https:\/\/nuevo.livenutrition.es\/index.php?rest_route=\/wp\/v2\/product"}],"about":[{"href":"https:\/\/nuevo.livenutrition.es\/index.php?rest_route=\/wp\/v2\/types\/product"}],"replies":[{"embeddable":true,"href":"https:\/\/nuevo.livenutrition.es\/index.php?rest_route=%2Fwp%2Fv2%2Fcomments&post=238"}],"wp:featuredmedia":[{"embeddable":true,"href":"https:\/\/nuevo.livenutrition.es\/index.php?rest_route=\/wp\/v2\/media\/242"}],"wp:attachment":[{"href":"https:\/\/nuevo.livenutrition.es\/index.php?rest_route=%2Fwp%2Fv2%2Fmedia&parent=238"}],"curies":[{"name":"wp","href":"https:\/\/api.w.org\/{rel}","templated":true}]}}