{"id":235,"date":"2018-06-13T13:09:45","date_gmt":"2018-06-13T13:09:45","guid":{"rendered":"http:\/\/localhost\/wordpress_tienda\/?post_type=product&#038;p=235"},"modified":"2021-05-20T09:15:02","modified_gmt":"2021-05-20T09:15:02","slug":"infisport-bryo-complex-junior-750-gr","status":"publish","type":"product","link":"https:\/\/nuevo.livenutrition.es\/?product=infisport-bryo-complex-junior-750-gr","title":{"rendered":"BRY&#8217;O\u00ae COMPLEX JUNIOR CHOCOLATE 750 gr."},"content":{"rendered":"<p style=\"text-align: justify;\"><strong><span style=\"color: #000000;\">BRY&#8217;O\u00ae\u00a0COMPLEX JUNIOR<\/span> <span style=\"color: #ff6600;\">INFISPORT<\/span><\/strong><\/p>\n<p style=\"text-align: justify;\"><span style=\"color: #000000;\"><strong>Alimento en polvo enriquecido en vitaminas A, D, E, C, B1, B2, B3, B6, B12, B8, B5, potasio, calcio, f\u00f3sforo, magnesio, hierro, zinc, cobre, manganeso, fl\u00faor y yodo<\/strong><\/span><\/p>\n<p style=\"text-align: justify;\"><span style=\"color: #000000;\"><strong>Bry&#8217;o\u00ae Complex Junior<\/strong><\/span> de <span style=\"color: #ff6600;\"><strong>Infisport<\/strong> <\/span>es el alimento enriquecido total para ni\u00f1os y j\u00f3venes, que les ayuda a crecer y a desarrollarse equilibradamente, cubriendo parte de las necesidades que pueden existir en su alimentaci\u00f3n. Su formulaci\u00f3n ha sido desarrollada atendiendo a las necesidades nutricionales reales de este segmento de poblaci\u00f3n y a la vez teniendo en cuenta sus excesos y carencias a la hora de alimentarse. Por ello, contiene un extraordinario equilibrio en los principios inmediatos siendo una fuente de nutrientes necesarios para el normal desarrollo del organismo.<\/p>\n<p style=\"text-align: justify;\">As\u00ed pues,\u00a0<span style=\"color: #000000;\"><strong>Bry&#8217;o\u00ae Complex Junior:<\/strong><\/span><\/p>\n<ul style=\"text-align: justify;\">\n<li>Contiene una fuente de prote\u00ednas de elevado valor biol\u00f3gico, y su composici\u00f3n sigue las directrices de la OMS: 2\/3 de prote\u00ednas de origen animal, compuestas exclusivamente por prote\u00ednas del suero de leche y 1\/3 de origen vegetal, formadas por un aislado de prote\u00edna de soja no transg\u00e9nica de alta calidad. Contribuyendo al aumento y conservaci\u00f3n de la masa muscular as\u00ed como al mantenimiento de los huesos en condiciones normales.<\/li>\n<li>Contiene un mix de hidratos de carbono compuesto por fructosa, en menor medida, maltodextrina y almid\u00f3n parcialmente hidrolizado haciendo que el producto final presente un \u00edndice gluc\u00e9mico global menor de 30, extraordinariamente bajo, lo cual evita los bruscos aumentos en la glucemia.<\/li>\n<li>Contiene un aporte extra de \u00e1cidos grasos esenciales fundamentalmente en \u00e1cido linoleico as\u00ed como omega 3, compensando las carencias derivadas del bajo consumo de pescado azul t\u00edpico de este segmento de la poblaci\u00f3n, A todo esto hay que sumarle el aporte en fosfol\u00edpidos (fosfatidilcolina, fosfatidiletanolamina y fosfatidilinositol) y jalea real.<\/li>\n<li>Contiene una fuente de fibra soluble prebi\u00f3tica la cual representa\u00a0 un alimento para los miles de millones de bacterias que viven en nuestro intestino.<\/li>\n<li>Contiene el suficiente calcio y f\u00f3sforo para que aseguremos el 80% de los VRN con dos batidos hechos con leche. De esta forma ayudamos al correcto crecimiento y contribuimos al mantenimiento de los huesos en condiciones normales, imprescindible en ni\u00f1os y j\u00f3venes.<\/li>\n<li>Contiene\u00a0 hierro, magnesio, zinc, cobre, yodo y manganeso, minerales imprescindibles para el correcto funcionamiento del organismo. Con dos batidos diarios de 20 gr. cada uno, estamos asegurando m\u00e1s del 50% VRN de estos minerales.<\/li>\n<\/ul>\n<p style=\"text-align: justify;\">Cada 100 gramos de\u00a0<span style=\"color: #000000;\"><strong>Bry&#8217;o\u00ae Complex Junior<\/strong><\/span> proporcionan el 100% de los Valores de Referencia de Nutrientes en TODAS las vitaminas, de tal forma que dos batidos al d\u00eda (40 gr.) proporcionan el 40% de las VRN.<\/p>\n<p style=\"text-align: justify;\">Por todo ello, la toma de\u00a0<span style=\"color: #000000;\"><strong>Bry&#8217;o\u00ae Complex Junior<\/strong><\/span>, junto al resto de alimentos que componen la dieta diaria, favorece el desarrollo equilibrado en ni\u00f1os y j\u00f3venes.<\/p>\n","protected":false},"excerpt":{"rendered":"<table>\n<tbody>\n<tr style=\"height: 48px;\">\n<th style=\"height: 48px;\"><span style=\"color: #000000;\">\u00bfPARA QU\u00c9 SE TOMA?<\/span><\/th>\n<th style=\"height: 48px;\"><span style=\"color: #000000;\">\u00bfC\u00d3MO SE TOMA?<\/span><\/th>\n<th style=\"height: 48px;\"><span style=\"color: #000000;\">\u00bfCU\u00c1NTAS VECES?<\/span><\/th>\n<th style=\"height: 48px;\"><span style=\"color: #000000;\">\u00bfCU\u00c1NDO SE \u00a0TOMA?<\/span><\/th>\n<th style=\"height: 48px;\"><span style=\"color: #000000;\">USO<\/span><\/th>\n<\/tr>\n<tr style=\"height: 48px;\">\n<td style=\"text-align: center; height: 48px;\">Ayuda al crecimiento y desarrollo equilibrante de los ni\u00f1os<\/td>\n<td style=\"text-align: center; height: 48px;\">20 gr. (un cacito dosificador) mezclar en un vaso de leche semidesnatada 200 ml.<\/td>\n<td style=\"text-align: center; height: 48px;\">Tomar dos veces al d\u00eda<\/td>\n<td style=\"text-align: center; height: 48px;\">Para desayunar y merendar<\/td>\n<td style=\"text-align: center; height: 48px;\">Crecimiento y desarrollo<\/td>\n<\/tr>\n<\/tbody>\n<\/table>\n<p>&nbsp;<\/p>\n<p style=\"text-align: justify;\"><span style=\"color: #000000;\"><strong>Complemento Alimenticio Infantil<\/strong><\/span><\/p>\n<p style=\"text-align: justify;\"><span style=\"color: #000000;\"><strong>Bry&#8217;o Complex Junior<\/strong><\/span><strong>\u00a0<\/strong>de<span style=\"color: #ff6600;\"><strong> Infisport\u00a0<\/strong><\/span>es una\u00a0completa f\u00f3rmula con prote\u00ednas, fibra, vitaminas y minerales para aportar todo lo que necesitan tus hijos.<\/p>\n","protected":false},"featured_media":239,"comment_status":"open","ping_status":"closed","template":"","meta":[],"class_list":{"0":"post-235","1":"product","2":"type-product","3":"status-publish","4":"has-post-thumbnail","6":"product_cat-complemento-alimenticio-infantil","7":"product_cat-crecimiento-y-desarrollo","8":"product_cat-endurance","9":"product_tag-infisport","11":"entry","12":"has-media","14":"first","15":"instock","16":"sale","17":"shipping-taxable","18":"purchasable","19":"product-type-simple","20":"has-product-nav","21":"col","22":"span_1_of_3","23":"owp-content-center","24":"owp-thumbs-layout-horizontal","25":"owp-btn-normal","26":"owp-tabs-layout-horizontal","27":"has-no-thumbnails"},"_links":{"self":[{"href":"https:\/\/nuevo.livenutrition.es\/index.php?rest_route=\/wp\/v2\/product\/235","targetHints":{"allow":["GET"]}}],"collection":[{"href":"https:\/\/nuevo.livenutrition.es\/index.php?rest_route=\/wp\/v2\/product"}],"about":[{"href":"https:\/\/nuevo.livenutrition.es\/index.php?rest_route=\/wp\/v2\/types\/product"}],"replies":[{"embeddable":true,"href":"https:\/\/nuevo.livenutrition.es\/index.php?rest_route=%2Fwp%2Fv2%2Fcomments&post=235"}],"wp:featuredmedia":[{"embeddable":true,"href":"https:\/\/nuevo.livenutrition.es\/index.php?rest_route=\/wp\/v2\/media\/239"}],"wp:attachment":[{"href":"https:\/\/nuevo.livenutrition.es\/index.php?rest_route=%2Fwp%2Fv2%2Fmedia&parent=235"}],"curies":[{"name":"wp","href":"https:\/\/api.w.org\/{rel}","templated":true}]}}