{"id":230,"date":"2017-11-09T19:02:53","date_gmt":"2017-11-09T19:02:53","guid":{"rendered":"http:\/\/localhost\/wordpress_tienda\/?post_type=product&#038;p=230"},"modified":"2021-05-20T09:14:52","modified_gmt":"2021-05-20T09:14:52","slug":"infisport-mg-magnesio-citrato-limon-12-x-40-gr","status":"publish","type":"product","link":"https:\/\/nuevo.livenutrition.es\/?product=infisport-mg-magnesio-citrato-limon-12-x-40-gr","title":{"rendered":"Mg MAGNESIO CITRATO LIM\u00d3N 12 x 40 gr."},"content":{"rendered":"<p style=\"text-align: justify;\"><span style=\"color: #000000;\"><strong>Mg MAGNESIO CITRATO <span style=\"color: #ff6600;\">INFISPORT<\/span><\/strong><\/span><\/p>\n<p style=\"text-align: justify;\"><span style=\"color: #000000;\"><strong>Mg Magnesio Citrato es un gel ergon\u00f3mico formulado a base de magnesio altamente biodispoible (Magnesio Citrato), manganeso y vitamina B1, aportando el 100% VRN<\/strong><\/span><\/p>\n<p style=\"text-align: justify;\">El magnesio es el cuarto cati\u00f3n m\u00e1s abundante del organismo y el segundo en importancia dentro de la c\u00e9lula. Act\u00faa en multitud de procesos bioqu\u00edmicos vitales para el deportista: s\u00edntesis de prote\u00ednas y \u00e1cidos nucleicos, generaci\u00f3n y transmisi\u00f3n del impulso nervioso, metabolismo energ\u00e9tico, contracci\u00f3n muscular y cardiaca, entre muchos otros.<\/p>\n<p style=\"text-align: justify;\"><span style=\"color: #ff6600;\"><strong>Infisport\u00a0<\/strong><\/span>ha formulado el gel\u00a0Mg Citrato\u00a0utilizando una sal de magnesio citrato altamente biodisponible en estado l\u00edquido. En cada toma se aportan 375 mgr. de magnesio (100% VRN)<\/p>\n<p style=\"text-align: justify;\">La pr\u00e1ctica deportiva extenuante genera una p\u00e9rdida de magnesio y ello conduce a una reducci\u00f3n en las capacidades de resistencia y adaptaci\u00f3n al esfuerzo. Las dietas bajas en este mineral, junto a su baja biodisponibilidad, seg\u00fan indican los \u00faltimos estudios, hacen que la suplementaci\u00f3n con Mg Citrato sea necesaria en la dieta del deportista.<\/p>\n<p style=\"text-align: justify;\">El magnesio interviene en m\u00e1s de 300 reacciones enzim\u00e1ticas diferentes, contribuyendo a:<\/p>\n<ul style=\"text-align: justify;\">\n<li>Disminuir el cansancio y la fatiga.<\/li>\n<li>Al funcionamiento normal de los m\u00fasculos y sistema nervioso.<\/li>\n<li>A la relajaci\u00f3n muscular (equilibrio electrol\u00edtico)<\/li>\n<li>Al buen funcionamiento del coraz\u00f3n.<\/li>\n<li>Al metabolismo energ\u00e9tico y s\u00edntesis proteica normal.<\/li>\n<\/ul>\n<p style=\"text-align: justify;\">Las deficiencias de magnesio (hipomagnesemia) pueden ocasionar multitud de alteraciones, entre las que destacan: Fatiga, calambres y dolores musculares, temblor, trastornos del metabolismo gluc\u00eddico, disminuci\u00f3n de las reservas de gluc\u00f3geno, latidos card\u00edacos irregulares, reducci\u00f3n de la presi\u00f3n sangu\u00ednea, y debilidad, entre otras muchas.<\/p>\n<p style=\"text-align: justify;\">Infisport ha enriquecido esta formulaci\u00f3n con manganeso y vitamina B1 aportando cada una el 100% del VRN.<\/p>\n<p style=\"text-align: justify;\">El manganeso es imprescindible para que nuestro organismo sintetice la enzima antioxidante Super\u00f3xido Dismutasa (SOD) que desempe\u00f1a un papel clave en la reducci\u00f3n del estr\u00e9s oxidativo producido durante la actividad f\u00edsica. El manganeso ejerce tambi\u00e9n funciones bioqu\u00edmicas muy importantes contribuyendo al metabolismo energ\u00e9tico normal y a la formaci\u00f3n del tejido conectivo.<\/p>\n<p style=\"text-align: justify;\">La vitamina B1 es necesaria para el normal funcionamiento psicol\u00f3gico y el metabolismo energ\u00e9tico.<\/p>\n<p style=\"text-align: justify;\"><span style=\"color: #000000;\"><strong>Mg Citrato<\/strong><\/span>\u00a0de\u00a0<span style=\"color: #ff6600;\"><strong>Infisport<\/strong><\/span>\u00a0se presenta en displays de 12 sobres reciclables altamente ergon\u00f3micos con delicioso sabor a lim\u00f3n y 40 gr. de contenido.<\/p>\n","protected":false},"excerpt":{"rendered":"<table>\n<tbody>\n<tr style=\"height: 48px;\">\n<th style=\"height: 48px;\"><span style=\"color: #000000;\">\u00bfPARA QU\u00c9 SE TOMA?<\/span><\/th>\n<th style=\"height: 48px;\"><span style=\"color: #000000;\">\u00bfC\u00d3MO SE TOMA?<\/span><\/th>\n<th style=\"height: 48px;\"><span style=\"color: #000000;\">\u00bfCU\u00c1NTAS VECES?<\/span><\/th>\n<th style=\"height: 48px;\"><span style=\"color: #000000;\">\u00bfCU\u00c1NDO SE \u00a0TOMA?<\/span><\/th>\n<th style=\"height: 48px;\"><span style=\"color: #000000;\">USO<\/span><\/th>\n<\/tr>\n<tr style=\"height: 48px;\">\n<td style=\"text-align: center; height: 48px;\">Disminuye el cansancio y la fatiga y ayuda al buen funcionamiento de los m\u00fasculos<\/td>\n<td style=\"text-align: center; height: 48px;\">Abrir, impulsar y absorber<\/td>\n<td style=\"text-align: center; height: 48px;\">Hasta tres veces al d\u00eda<\/td>\n<td style=\"text-align: center; height: 48px;\">Antes, durante y despu\u00e9s del entrenamiento o competici\u00f3n<\/td>\n<td style=\"text-align: center; height: 48px;\">Evitar catabolismo y p\u00e9rdida de sales minerales<\/td>\n<\/tr>\n<\/tbody>\n<\/table>\n<p>&nbsp;<\/p>\n<p style=\"text-align: justify;\"><span style=\"color: #000000;\"><b>Magnesio<\/b><\/span><\/p>\n<p style=\"text-align: justify;\"><span style=\"color: #000000;\"><strong>Mg Magnesio Citrato<\/strong> <\/span>de\u00a0<span style=\"color: #ff6600;\"><strong>Infisport<\/strong>\u00a0<\/span>es un gel de magnesio dise\u00f1ado para tomar antes, durante y despu\u00e9s del entrenamiento o competici\u00f3n. C\u00f3modos geles para reponer las p\u00e9rdidas de magnesio.<\/p>\n","protected":false},"featured_media":234,"comment_status":"open","ping_status":"closed","template":"","meta":[],"class_list":{"0":"post-230","1":"product","2":"type-product","3":"status-publish","4":"has-post-thumbnail","6":"product_cat-endurance","7":"product_cat-hidratacion","8":"product_cat-magnesio","9":"product_tag-infisport","11":"entry","12":"has-media","14":"first","15":"instock","16":"sale","17":"shipping-taxable","18":"purchasable","19":"product-type-simple","20":"has-product-nav","21":"col","22":"span_1_of_3","23":"owp-content-center","24":"owp-thumbs-layout-horizontal","25":"owp-btn-normal","26":"owp-tabs-layout-horizontal","27":"has-no-thumbnails"},"_links":{"self":[{"href":"https:\/\/nuevo.livenutrition.es\/index.php?rest_route=\/wp\/v2\/product\/230","targetHints":{"allow":["GET"]}}],"collection":[{"href":"https:\/\/nuevo.livenutrition.es\/index.php?rest_route=\/wp\/v2\/product"}],"about":[{"href":"https:\/\/nuevo.livenutrition.es\/index.php?rest_route=\/wp\/v2\/types\/product"}],"replies":[{"embeddable":true,"href":"https:\/\/nuevo.livenutrition.es\/index.php?rest_route=%2Fwp%2Fv2%2Fcomments&post=230"}],"wp:featuredmedia":[{"embeddable":true,"href":"https:\/\/nuevo.livenutrition.es\/index.php?rest_route=\/wp\/v2\/media\/234"}],"wp:attachment":[{"href":"https:\/\/nuevo.livenutrition.es\/index.php?rest_route=%2Fwp%2Fv2%2Fmedia&parent=230"}],"curies":[{"name":"wp","href":"https:\/\/api.w.org\/{rel}","templated":true}]}}