{"id":219,"date":"2017-06-29T16:05:34","date_gmt":"2017-06-29T16:05:34","guid":{"rendered":"http:\/\/localhost\/wordpress_tienda\/?post_type=product&#038;p=219"},"modified":"2021-05-20T09:14:37","modified_gmt":"2021-05-20T09:14:37","slug":"infisport-gel-oral-50-gr-energia-instantanea-cola","status":"publish","type":"product","link":"https:\/\/nuevo.livenutrition.es\/?product=infisport-gel-oral-50-gr-energia-instantanea-cola","title":{"rendered":"GEL ORAL 50 gr. COLA"},"content":{"rendered":"<p style=\"text-align: justify;\"><strong><span style=\"color: #000000;\">GEL ORAL<\/span> <span style=\"color: #ff6600;\">INFISPORT\u00ae<\/span><\/strong><\/p>\n<p><span style=\"color: #000000;\"><strong>Gel Oral es un gel semil\u00edquido en formato ergon\u00f3mico que combina 3 tipos de carbohidratos con L-Glutamina, L-Taurina, magnesio, zinc, sodio y vitaminas grupo B, C y E<\/strong><\/span><\/p>\n<p style=\"text-align: justify;\"><span style=\"color: #000000;\">El nuevo\u00a0<strong>Gel Oral <\/strong>de<\/span><span style=\"color: #ff6600;\"><strong> Infisport\u00ae<\/strong><\/span>\u00a0<span style=\"color: #000000;\">se presenta en un formato renovado y m\u00e1s ergon\u00f3mico, aportando 50 gr.\/sobre (38,7 ml.). Su f\u00f3rmula combina distintos tipos de hidratos de carbono (maltodextrina, sacarosa y dextrosa), con el fin de favorecer de forma instant\u00e1nea el mantenimiento del adecuado nivel de glucosa sangu\u00ednea durante el ejercicio intenso. Cada sobre contiene 30 gr. de carbohidratos, cantidad que facilita la adaptaci\u00f3n a las recomendaciones sobre el uso hidratos de carbono durante esfuerzos intensos y\/o prolongados que indican las principales organizaciones m\u00e9dicas deportivas\u00a0<strong>(FEMEDE)<\/strong><\/span><\/p>\n<p style=\"text-align: justify;\"><span style=\"color: #000000;\">Su formulaci\u00f3n incluye 500 mgr. de glutamina, amino\u00e1cido de gran importancia para el deportista y 500 mgr. de taurina por sobre. La taurina producida por el cuerpo humano es esencial para el sistema cardiovascular, sistema nervioso central y para el normal funcionamiento del m\u00fasculo esquel\u00e9tico.\u00a0<strong>(AECOSAN)<\/strong><\/span><\/p>\n<p style=\"text-align: justify;\"><span style=\"color: #000000;\">En la nueva formulaci\u00f3n se ha incrementado la cantidad de sodio a 160 &#8211; 190 mgr. de Na+ por sobre favoreciendo la hidrataci\u00f3n del deportista. Tambi\u00e9n incluye magnesio citrato altamente biodisponible y zinc. Adem\u00e1s, su contenido en vitaminas del grupo B favorece el metabolismo de los macronutrientes mientras que las vitaminas C y E aportan mayor poder antioxidante a la formulaci\u00f3n. Durante la pr\u00e1ctica deportiva, se produce una determinada acidificaci\u00f3n y concentraci\u00f3n en la orina del deportista. El contenido en citrato, magnesio y zinc favorece la solubilidad de la orina.<\/span><\/p>\n<p style=\"text-align: justify;\"><span style=\"color: #000000;\">El sabor cola aporta 80 mgr. de cafe\u00edna por sobre, permitiendo una m\u00e1s f\u00e1cil adaptaci\u00f3n a esfuerzos intensos, adem\u00e1s de conseguir un mayor estado de alerta.<\/span><\/p>\n<p style=\"text-align: justify;\"><strong><span style=\"color: #ff6600;\">Infisport\u00ae<\/span> <\/strong>t<span style=\"color: #000000;\">e presenta el gel <strong>Gel Oral<\/strong> de 50 gramos<\/span><\/p>\n<p style=\"text-align: justify;\"><span style=\"color: #000000;\">Sabor natural de cola.<\/span><\/p>\n","protected":false},"excerpt":{"rendered":"<table>\n<tbody>\n<tr>\n<th><strong><span style=\"color: #000000;\">\u00bfPARA QU\u00c9 SE TOMA?<\/span><\/strong><\/th>\n<th><span style=\"color: #000000;\"><strong>\u00bfC\u00d3MO SE TOMA?<\/strong><\/span><\/th>\n<th><span style=\"color: #000000;\"><strong>\u00bfCU\u00c1NTAS VECES?<\/strong><\/span><\/th>\n<th><span style=\"color: #000000;\"><strong>\u00bfCU\u00c1NDO SE \u00a0TOMA?<\/strong><\/span><\/th>\n<th><span style=\"color: #000000;\"><strong>USO<\/strong><\/span><\/th>\n<\/tr>\n<tr>\n<td style=\"text-align: center;\"><span style=\"color: #000000;\">Aporte r\u00e1pido de energ\u00eda, reduce la fatiga y los calambres<\/span><\/td>\n<td style=\"text-align: center;\"><span style=\"color: #000000;\">Abrir, impulsar y absorber<\/span><\/td>\n<td style=\"text-align: center;\"><span style=\"color: #000000;\">Una vez al d\u00eda<\/span><\/td>\n<td style=\"text-align: center;\"><span style=\"color: #000000;\">Durante la actividad f\u00edsica<\/span><\/td>\n<td style=\"text-align: center;\"><span style=\"color: #000000;\">Energ\u00eda, lipol\u00edtico, hidratante y estimulante<\/span><\/td>\n<\/tr>\n<\/tbody>\n<\/table>\n<p>&nbsp;<\/p>\n<p style=\"text-align: justify;\"><span style=\"color: #000000;\"><strong>Gel Energ\u00e9tico<\/strong><\/span><\/p>\n<p style=\"text-align: justify;\"><span style=\"color: #000000;\"><strong>Gel Oral<\/strong> de<\/span> <span style=\"color: #ff6600;\"><strong>Infisport\u00ae<\/strong> <\/span><span style=\"color: #000000;\">es un gel energ\u00e9tico instant\u00e1neo. Con taurina, sodio, glutamina, vitaminas antioxidantes y sales minerales.\u00a0No contiene gluten. Protecci\u00f3n contra los efectos del \u00e1cido l\u00e1ctico y los radicales libres con efecto energ\u00e9tico, lipol\u00edtico y estimulante.<\/span><\/p>\n","protected":false},"featured_media":223,"comment_status":"open","ping_status":"closed","template":"","meta":[],"class_list":{"0":"post-219","1":"product","2":"type-product","3":"status-publish","4":"has-post-thumbnail","6":"product_cat-endurance","7":"product_cat-energia","8":"product_cat-geles-energeticos","9":"product_cat-geles-energeticos-oral-infisport","10":"product_tag-infisport","12":"entry","13":"has-media","15":"first","16":"instock","17":"sale","18":"shipping-taxable","19":"purchasable","20":"product-type-simple","21":"has-product-nav","22":"col","23":"span_1_of_3","24":"owp-content-center","25":"owp-thumbs-layout-horizontal","26":"owp-btn-normal","27":"owp-tabs-layout-horizontal","28":"has-no-thumbnails"},"_links":{"self":[{"href":"https:\/\/nuevo.livenutrition.es\/index.php?rest_route=\/wp\/v2\/product\/219","targetHints":{"allow":["GET"]}}],"collection":[{"href":"https:\/\/nuevo.livenutrition.es\/index.php?rest_route=\/wp\/v2\/product"}],"about":[{"href":"https:\/\/nuevo.livenutrition.es\/index.php?rest_route=\/wp\/v2\/types\/product"}],"replies":[{"embeddable":true,"href":"https:\/\/nuevo.livenutrition.es\/index.php?rest_route=%2Fwp%2Fv2%2Fcomments&post=219"}],"wp:featuredmedia":[{"embeddable":true,"href":"https:\/\/nuevo.livenutrition.es\/index.php?rest_route=\/wp\/v2\/media\/223"}],"wp:attachment":[{"href":"https:\/\/nuevo.livenutrition.es\/index.php?rest_route=%2Fwp%2Fv2%2Fmedia&parent=219"}],"curies":[{"name":"wp","href":"https:\/\/api.w.org\/{rel}","templated":true}]}}