{"id":213,"date":"2018-06-06T17:31:35","date_gmt":"2018-06-06T17:31:35","guid":{"rendered":"http:\/\/localhost\/wordpress_tienda\/?post_type=product&#038;p=213"},"modified":"2021-05-20T09:14:27","modified_gmt":"2021-05-20T09:14:27","slug":"infisport-bcaa-leucina-100-capsulas","status":"publish","type":"product","link":"https:\/\/nuevo.livenutrition.es\/?product=infisport-bcaa-leucina-100-capsulas","title":{"rendered":"BCAA&#8217;s LEUCINA+ 100 C\u00e1psulas"},"content":{"rendered":"<p style=\"text-align: justify;\"><strong>BCAA\u2019<\/strong><strong>s<\/strong><strong> LEUCINA+ R8.1.1 <span style=\"color: #ff6600;\">INFISPORT<\/span><\/strong><\/p>\n<p style=\"text-align: justify;\"><strong>BCAA\u2019s Leucina+ R8.1.1<\/strong> <strong>es<\/strong><strong> un complemento alimenticio a base de amino\u00e1cidos ramificados libres y en forma L<\/strong><\/p>\n<p style=\"text-align: justify;\"><strong>BCAA\u2019s LEUCINA+ R8.1.1<\/strong>\u00a0de\u00a0<span style=\"color: #ff6600;\"><strong>Infisport<\/strong>\u00a0<\/span>contienen los tres amino\u00e1cidos de cadena ramificada L-Leucina, L-Isoleucina y L-Valina (aportando un nivel de riqueza del 98,5-101%), que a su vez pertenecen a los llamados amino\u00e1cidos esenciales, esto es, no sintetizables por el cuerpo humano. En los deportes de larga duraci\u00f3n y tambi\u00e9n en aquellos donde se trabaja con gran intensidad sobre algunos m\u00fasculos concretos, como ocurre en los deportes de fuerza e interv\u00e1licos, los dep\u00f3sitos musculares de gluc\u00f3geno descienden, e incluso, pueden llegar a desaparecer. En estas situaciones el organismo comienza a utilizar las prote\u00ednas musculares, fundamentalmente los Amino\u00e1cidos de Cadena Ramificada, sobre todo leucina, para convertirlos en energ\u00eda. En situaciones de esfuerzo como en los deportes de larga duraci\u00f3n (triatl\u00f3n, ciclismo, trail, etc) y alta intensidad (interv\u00e1licos, hipertrofia, etc) se produce un importante descenso de los dep\u00f3sitos musculares de gluc\u00f3geno, as\u00ed como un determinado da\u00f1o muscular.<\/p>\n<p style=\"text-align: justify;\"><strong>BCAA\u2019s LEUCINA+ R8.1.1<\/strong>\u00a0es perfecto para prevenir el catabolismo y favorecer la recuperaci\u00f3n.<\/p>\n<p style=\"text-align: justify;\"><strong>BCAA\u2019s LEUCINA+ R8.1.1.<\/strong> Caracter\u00edsticas principales:<\/p>\n<ul style=\"text-align: justify;\">\n<li>Amino\u00e1cidos ramificados en proporci\u00f3n 8.1.1.<\/li>\n<li>3,920 mgr. de L-Leucina por dosis diaria.<\/li>\n<li>700 mgr. de L-Valina por dosis diaria.<\/li>\n<li>280 mgr. de L-Isoleucina por dosis diaria.<\/li>\n<li>0,378 mgr. de Vitamina B6 por dosis diaria.<\/li>\n<li>100 C\u00e1psulas en cada envase.<\/li>\n<\/ul>\n<p style=\"text-align: justify;\">*Dosis diaria: 14 c\u00e1psulas<\/p>\n<p style=\"text-align: justify;\">Se presenta en el siguiente formato: Envase con 100 c\u00e1psulas de 535 mgr. cada una.<\/p>\n<p style=\"text-align: justify;\"><strong>BCAA\u2019s LEUCINA+ R8.1.1.<\/strong> Efectos principales:<\/p>\n<ul style=\"text-align: justify;\">\n<li>Acelera la recuperaci\u00f3n muscular y favorece el est\u00edmulo de s\u00edntesis proteica.<\/li>\n<li>Contribuye a minimizar el catabolismo muscular.<\/li>\n<li>Puede servir como fuente energ\u00e9tica si hay d\u00e9ficit de carbohidratos.<\/li>\n<\/ul>\n<p style=\"text-align: justify;\"><strong>BCAA\u2019s LEUCINA+ R8.1.1.<\/strong> La ciencia detr\u00e1s:<\/p>\n<p style=\"text-align: justify;\"><strong>BCAA\u2019s LEUCINA+ R8.1.1<\/strong>\u00a0son unas mega c\u00e1psulas que aportan amino\u00e1cidos ramificados en proporci\u00f3n 8.1.1. Los amino\u00e1cidos ramificados pueden ser utilizados directamente por el m\u00fasculo, su consumo antes del entrenamiento o competici\u00f3n ayuda a mejorar el rendimiento, mejora el est\u00edmulo de la s\u00edntesis proteica y previene el catabolismo muscular.<\/p>\n<p style=\"text-align: justify;\">Adem\u00e1s,\u00a0<strong>BCAA\u2019s LEUCINA+ R8.1.1<\/strong>\u00a0se ha enriquecido con la adici\u00f3n de vitamina B6 contribuye al metabolismo normal de las prote\u00ednas y del gluc\u00f3geno.<\/p>\n<p style=\"text-align: justify;\"><strong>BCAA\u2019s LEUCINA+ R8.1.1.<\/strong> Objetivos principales:<\/p>\n<ol style=\"text-align: justify;\">\n<li>Definici\u00f3n muscular.<\/li>\n<li>Desarrollo muscular.<\/li>\n<li>P\u00e9rdida de peso.\n<ul>\n<li>Protecci\u00f3n de la musculatura.<\/li>\n<\/ul>\n<\/li>\n<li>Recuperaci\u00f3n y mantenimiento muscular.<\/li>\n<\/ol>\n<p style=\"text-align: justify;\">\u00bfQui\u00e9n puede beneficiarse de <strong>BCAA\u2019s LEUCINA+ R8.1.1.?<\/strong><\/p>\n<ul>\n<li style=\"text-align: justify;\">Deportistas que deseen acelerar la recuperaci\u00f3n y prevenir el catabolismo muscular.<\/li>\n<li style=\"text-align: justify;\">Poblaci\u00f3n general que desee una ayuda a la hora de mantener su masa muscular, como personas mayores, personas que se encuentren realizando procesos de p\u00e9rdida de peso, etc.<\/li>\n<\/ul>\n","protected":false},"excerpt":{"rendered":"<table>\n<tbody>\n<tr style=\"height: 48px;\">\n<th style=\"height: 48px;\"><span style=\"color: #000000;\">\u00bfPARA QU\u00c9 SE TOMA?<\/span><\/th>\n<th style=\"height: 48px;\"><span style=\"color: #000000;\">\u00bfC\u00d3MO SE TOMA?<\/span><\/th>\n<th style=\"height: 48px;\"><span style=\"color: #000000;\">\u00bfCU\u00c1NTAS VECES?<\/span><\/th>\n<th style=\"height: 48px;\"><span style=\"color: #000000;\">\u00bfCU\u00c1NDO SE \u00a0TOMA?<\/span><\/th>\n<th style=\"height: 48px;\"><span style=\"color: #000000;\">USO<\/span><\/th>\n<\/tr>\n<tr style=\"height: 48px;\">\n<td style=\"text-align: center; height: 48px;\">Efecto anab\u00f3lico, reparar y construir<\/td>\n<td style=\"text-align: center; height: 48px;\">3 &#8211; 4 c\u00e1psulas con un vaso de agua<\/td>\n<td style=\"text-align: center; height: 48px;\">Tomar dos veces al d\u00eda<\/td>\n<td style=\"text-align: center; height: 48px;\">Antes y despu\u00e9s de la actividad f\u00edsica, repetir la toma cada hora durante la actividad f\u00edsica<\/td>\n<td style=\"text-align: center; height: 48px;\">Recuperaci\u00f3n y ganar masa muscular<\/td>\n<\/tr>\n<\/tbody>\n<\/table>\n<p>&nbsp;<\/p>\n<p style=\"text-align: justify;\"><strong>Amino\u00e1cidos (Ramificados)<\/strong><\/p>\n<p style=\"text-align: justify;\"><strong>BCAA\u2019s Leucina+ R8.1.1 <\/strong>de\u00a0<span style=\"color: #ff6600;\"><strong>Infisport<\/strong>\u00a0<\/span>es un producto a base de amino\u00e1cidos ramificados en proporci\u00f3n 8.1.1 (L-Leucina, L-Valina, L-Isoleucina). Ayuda a prevenir el catabolismo y favorece la recuperaci\u00f3n.<\/p>\n","protected":false},"featured_media":217,"comment_status":"open","ping_status":"closed","template":"","meta":[],"class_list":{"0":"post-213","1":"product","2":"type-product","3":"status-publish","4":"has-post-thumbnail","6":"product_cat-aminoacidos-endurance","7":"product_cat-endurance","8":"product_cat-ramificados-aminoacidos-endurance","9":"product_tag-infisport","11":"entry","12":"has-media","14":"first","15":"instock","16":"sale","17":"shipping-taxable","18":"purchasable","19":"product-type-simple","20":"has-product-nav","21":"col","22":"span_1_of_3","23":"owp-content-center","24":"owp-thumbs-layout-horizontal","25":"owp-btn-normal","26":"owp-tabs-layout-horizontal","27":"has-no-thumbnails"},"_links":{"self":[{"href":"https:\/\/nuevo.livenutrition.es\/index.php?rest_route=\/wp\/v2\/product\/213","targetHints":{"allow":["GET"]}}],"collection":[{"href":"https:\/\/nuevo.livenutrition.es\/index.php?rest_route=\/wp\/v2\/product"}],"about":[{"href":"https:\/\/nuevo.livenutrition.es\/index.php?rest_route=\/wp\/v2\/types\/product"}],"replies":[{"embeddable":true,"href":"https:\/\/nuevo.livenutrition.es\/index.php?rest_route=%2Fwp%2Fv2%2Fcomments&post=213"}],"wp:featuredmedia":[{"embeddable":true,"href":"https:\/\/nuevo.livenutrition.es\/index.php?rest_route=\/wp\/v2\/media\/217"}],"wp:attachment":[{"href":"https:\/\/nuevo.livenutrition.es\/index.php?rest_route=%2Fwp%2Fv2%2Fmedia&parent=213"}],"curies":[{"name":"wp","href":"https:\/\/api.w.org\/{rel}","templated":true}]}}