{"id":212,"date":"2017-06-29T11:00:20","date_gmt":"2017-06-29T11:00:20","guid":{"rendered":"http:\/\/localhost\/wordpress_tienda\/?post_type=product&#038;p=212"},"modified":"2021-05-20T09:14:26","modified_gmt":"2021-05-20T09:14:26","slug":"infisport-glutamina-zinc-150-capsulas","status":"publish","type":"product","link":"https:\/\/nuevo.livenutrition.es\/?product=infisport-glutamina-zinc-150-capsulas","title":{"rendered":"GLUTAMINA + ZINC 150 C\u00e1psulas"},"content":{"rendered":"<p style=\"text-align: justify;\"><strong>GLUTAMIN + ZINC <span style=\"color: #ff6600;\">INFISPORT<\/span><\/strong><\/p>\n<p style=\"text-align: justify;\"><strong>Complemento alimenticio a base de L-Glutamina, zinc y vitamina B6<\/strong><strong><br \/>\nNo contiene gluten<\/strong><\/p>\n<p style=\"text-align: justify;\"><strong>Potencia a las defensas, y desintoxica al organismo.<\/strong><\/p>\n<p style=\"text-align: justify;\">La glutamina es un amino\u00e1cido muy abundante en el tejido muscular y en la sangre. El zinc es un micronutriente relacionado con muchas funciones, entre otras, con el sistema inmunol\u00f3gico y con la actividad antioxidante del organismo.<\/p>\n<p style=\"text-align: justify;\">En condiciones de reposo, la glutamina se utiliza para la eliminaci\u00f3n del amonio (producto residual del metabolismo muy t\u00f3xico para el organismo), para el mantenimiento de nuestras defensas y\u00a0 tambi\u00e9n para el buen funcionamiento del intestino, lo cual, adem\u00e1s de ayudarnos a prevenir infecciones, facilita la buena absorci\u00f3n de los nutrientes contenidos en los alimentos que ingerimos diariamente.<\/p>\n<p style=\"text-align: justify;\">Ahora bien, durante los estados en donde hay destrucci\u00f3n proteica (infecciones, cirug\u00eda, traumatismos, etc.) y, sobre todo, durante los esfuerzos deportivos de alta intensidad y duraci\u00f3n, la glutamina tambi\u00e9n se utiliza para desintoxicar al organismo de los metabolitos t\u00f3xicos producidos por la destrucci\u00f3n de nuestras propias prote\u00ednas (lo que se conoce como catabolismo proteico), que ocurre fundamentalmente cuando disminuyen los dep\u00f3sitos de gluc\u00f3geno muscular que se utilizan como fuentes de energ\u00eda.<\/p>\n<p style=\"text-align: justify;\">Durante la realizaci\u00f3n de estos esfuerzos prolongados y\/o de alta intensidad, los niveles sangu\u00edneos de glutamina aumentan considerablemente, para sufrir posteriormente importantes descensos durante el per\u00edodo de recuperaci\u00f3n, tardando varias horas o d\u00edas en recuperar los niveles existentes antes del ejercicio. Esto conduce al llamado s\u00edndrome de sobreentrenamiento que, entre otras cosas, produce un descenso en la actividad del sistema inmunol\u00f3gico.<br \/>\nEst\u00e1 claramente demostrado que la ingesta de zinc es muy baja en deportistas, por ello es muy necesaria su suplementaci\u00f3n para que el sistema inmune, entre otros, funcione perfectamente.<\/p>\n<p style=\"text-align: justify;\"><strong>Glutamin<\/strong> de <strong><span style=\"color: #ff6600;\">Infisport<\/span> <\/strong>proporciona cantidades adecuadas de estos dos nutrientes en forma qu\u00edmicamente pura, para que las funciones org\u00e1nicas donde participan sean \u00f3ptimas.<\/p>\n<p style=\"text-align: justify;\"><strong>Glutamin<\/strong> de <strong><span style=\"color: #ff6600;\">Infisport<\/span><\/strong> se presenta en formato: Envase conteniendo 150 comprimidos de 870 mgr. cada uno.<\/p>\n","protected":false},"excerpt":{"rendered":"<table>\n<tbody>\n<tr style=\"height: 48px;\">\n<th style=\"height: 48px;\"><span style=\"color: #000000;\">\u00bfPARA QU\u00c9 SE TOMA?<\/span><\/th>\n<th style=\"height: 48px;\"><span style=\"color: #000000;\">\u00bfC\u00d3MO SE TOMA?<\/span><\/th>\n<th style=\"height: 48px;\"><span style=\"color: #000000;\">\u00bfCU\u00c1NTAS VECES?<\/span><\/th>\n<th style=\"height: 48px;\"><span style=\"color: #000000;\">\u00bfCU\u00c1NDO SE \u00a0TOMA?<\/span><\/th>\n<th style=\"height: 48px;\"><span style=\"color: #000000;\">USO<\/span><\/th>\n<\/tr>\n<tr style=\"height: 48px;\">\n<td style=\"text-align: center; height: 48px;\">Efecto anticatab\u00f3lico, m\u00fasculo protector<\/td>\n<td style=\"text-align: center; height: 48px;\">2 &#8211; 3 comprimidos con un vaso de agua<\/td>\n<td style=\"text-align: center; height: 48px;\">Tomar tres veces al d\u00eda<\/td>\n<td style=\"text-align: center; height: 48px;\">Antes, durante y despu\u00e9s de la actividad f\u00edsica<\/td>\n<td style=\"text-align: center; height: 48px;\">Evitar catabolismo<\/td>\n<\/tr>\n<\/tbody>\n<\/table>\n<p>&nbsp;<\/p>\n<p style=\"text-align: justify;\"><strong>Glutamina + Zinc<\/strong><\/p>\n<p style=\"text-align: justify;\">La glutamina es un amino\u00e1cido muy abundante en el tejido muscular y en la sangre. El zinc es un micronutriente relacionado con muchas funciones, entre otras, con el sistema inmunol\u00f3gico y con la actividad antioxidante del organismo.<\/p>\n","protected":false},"featured_media":216,"comment_status":"open","ping_status":"closed","template":"","meta":[],"class_list":{"0":"post-212","1":"product","2":"type-product","3":"status-publish","4":"has-post-thumbnail","6":"product_cat-aminoacidos-endurance","7":"product_cat-endurance","8":"product_cat-glutamina","9":"product_tag-infisport","11":"entry","12":"has-media","14":"first","15":"instock","16":"sale","17":"shipping-taxable","18":"purchasable","19":"product-type-simple","20":"has-product-nav","21":"col","22":"span_1_of_3","23":"owp-content-center","24":"owp-thumbs-layout-horizontal","25":"owp-btn-normal","26":"owp-tabs-layout-horizontal","27":"has-no-thumbnails"},"_links":{"self":[{"href":"https:\/\/nuevo.livenutrition.es\/index.php?rest_route=\/wp\/v2\/product\/212","targetHints":{"allow":["GET"]}}],"collection":[{"href":"https:\/\/nuevo.livenutrition.es\/index.php?rest_route=\/wp\/v2\/product"}],"about":[{"href":"https:\/\/nuevo.livenutrition.es\/index.php?rest_route=\/wp\/v2\/types\/product"}],"replies":[{"embeddable":true,"href":"https:\/\/nuevo.livenutrition.es\/index.php?rest_route=%2Fwp%2Fv2%2Fcomments&post=212"}],"wp:featuredmedia":[{"embeddable":true,"href":"https:\/\/nuevo.livenutrition.es\/index.php?rest_route=\/wp\/v2\/media\/216"}],"wp:attachment":[{"href":"https:\/\/nuevo.livenutrition.es\/index.php?rest_route=%2Fwp%2Fv2%2Fmedia&parent=212"}],"curies":[{"name":"wp","href":"https:\/\/api.w.org\/{rel}","templated":true}]}}