{"id":206,"date":"2020-05-08T16:17:55","date_gmt":"2020-05-08T16:17:55","guid":{"rendered":"http:\/\/localhost\/wordpress_tienda\/?post_type=product&#038;p=206"},"modified":"2021-05-20T09:14:15","modified_gmt":"2021-05-20T09:14:15","slug":"infisport-active-60-capsulas","status":"publish","type":"product","link":"https:\/\/nuevo.livenutrition.es\/?product=infisport-active-60-capsulas","title":{"rendered":"ACTIVE 60 C\u00e1psulas"},"content":{"rendered":"<p style=\"text-align: justify;\"><span style=\"color: #000000;\"><strong>ACTIVE <span style=\"color: #ff6600;\">INFISPORT\u00ae<\/span><\/strong><\/span><\/p>\n<p style=\"text-align: justify;\"><span style=\"color: #000000;\"><strong>Formulado para el cuidado de las articulaciones<\/strong><\/span><\/p>\n<p style=\"text-align: justify;\"><span style=\"color: #000000;\"><strong>Active ofrece una formulaci\u00f3n integral gracias al aporte de mucopolisac\u00e1ridos, metilsulfonilmetano (MSM), extractos vegetales, silicio org\u00e1nico, vitamina E y C<\/strong><\/span><\/p>\n<p style=\"text-align: justify;\"><span style=\"color: #000000;\">Debido al continuo desgaste producido por la actividad f\u00edsica y al paso de los a\u00f1os, el tejido articular y tendinoso sufre un progresivo deterioro. A la vez, la presencia de radicales libres dentro de la misma articulaci\u00f3n, tambi\u00e9n contribuye enormemente a su deterioro, y durante el ejercicio f\u00edsico se produce una gran cantidad de ellos.<\/span><\/p>\n<p style=\"text-align: justify;\"><span style=\"color: #000000;\">Este tejido est\u00e1 formado principalmente por sustancias complejas, denominadas gen\u00e9ricamente mucopolisac\u00e1ridos (Condroitina, Glucosamina, \u00c1cido Hialur\u00f3nico), que se sintetizan utilizando una serie de elementos intermediarios fundamentales entre los que se encuentra el azufre, el silicio y la vitamina C.<\/span><\/p>\n<p style=\"text-align: justify;\"><span style=\"color: #000000;\">Las cantidades de azufre y silicio que aportan los alimentos pueden resultar bajas o, simplemente, estar en formas qu\u00edmicas de dif\u00edcil absorci\u00f3n por nuestro organismo.<\/span><\/p>\n<p style=\"text-align: justify;\"><span style=\"color: #000000;\">El silicio proveniente de las sales inorg\u00e1nicas, no se absorbe.<\/span><\/p>\n<p style=\"text-align: justify;\"><span style=\"color: #000000;\"><strong>Active<\/strong> contiene:<\/span><\/p>\n<ul style=\"text-align: justify;\">\n<li><span style=\"color: #000000;\">Una concentraci\u00f3n estandarizada de mucopolisac\u00e1ridos, (Condroitina, Glucosamina y \u00c1cido Hialur\u00f3nico), que permite garantizar siempre su contenido y pureza.<\/span><\/li>\n<li><span style=\"color: #000000;\">Como fuente de azufre, metilsulfonilmetano (MSM), producto natural que proporciona al organismo parte del azufre necesario.<\/span><\/li>\n<li><span style=\"color: #000000;\">Una fuente de silicio org\u00e1nico natural, autorizada y absorbible: extracto seco de bamb\u00fa (Bambusa arundinacea), conteniendo el 70% de silicio org\u00e1nico absorbible por nuestro organismo.<\/span><\/li>\n<li><span style=\"color: #000000;\">Vitamina E, que protege al tejido articular contra los radicales libres, y vitamina C, que adem\u00e1s de su acci\u00f3n antioxidante, participa en la s\u00edntesis de tejido articular.<\/span><\/li>\n<li><span style=\"color: #000000;\">Curcumina, sustancia natural presente en el extracto de C\u00farcuma longa, que posee propiedades antiinflamatorias muy interesantes para modular la regeneraci\u00f3n de los tejidos articulares.<\/span><\/li>\n<li><span style=\"color: #000000;\">Un extracto natural de pimienta negra Piper nigrum (95% piperina), que facilita la absorci\u00f3n de los componentes de su formulaci\u00f3n.<\/span><\/li>\n<\/ul>\n<p style=\"text-align: justify;\"><span style=\"color: #000000;\">As\u00ed pues, <strong>Active<\/strong> est\u00e1 destinado al cuidado de las articulaciones y tendones de toda la poblaci\u00f3n en general, sean o no deportistas.<\/span><\/p>\n<ul style=\"text-align: justify;\">\n<li><span style=\"color: #000000;\">Sin gluten.<\/span><\/li>\n<li><span style=\"color: #000000;\">Sin lactosa.<\/span><\/li>\n<li><span style=\"color: #000000;\">Rendimiento y protecci\u00f3n.<\/span><\/li>\n<li><span style=\"color: #000000;\">Peri\u00f3dicos.<\/span><\/li>\n<li><span style=\"color: #000000;\">Condroprotectores.<\/span><\/li>\n<li><span style=\"color: #000000;\">Peso neto: 37,20 gr. (60 c\u00e1psulas de 620 mgr. por c\u00e1psula)<\/span><\/li>\n<\/ul>\n<p style=\"text-align: justify;\"><span style=\"color: #000000;\"><span style=\"color: #ff6600;\"><strong>Infisport\u00ae <\/strong><\/span>te presenta <strong>Active <\/strong>en cajitas que contienen 60 c\u00e1psulas de 620 mgr. por c\u00e1psula. Su distribuci\u00f3n en 4 blisters favorece la protecci\u00f3n de sus principios activos.<\/span><\/p>\n<p style=\"text-align: justify;\"><span style=\"color: #000000;\">Sabor: Neutro.<\/span><\/p>\n","protected":false},"excerpt":{"rendered":"<table>\n<tbody>\n<tr style=\"height: 48px;\">\n<th style=\"height: 48px;\"><strong><span style=\"color: #000000;\">\u00bfPARA QU\u00c9 SE TOMA?<\/span><\/strong><\/th>\n<th style=\"height: 48px;\"><strong><span style=\"color: #000000;\">\u00bfC\u00d3MO SE TOMA?<\/span><\/strong><\/th>\n<th style=\"height: 48px;\"><strong><span style=\"color: #000000;\">\u00bfCU\u00c1NTAS VECES?<\/span><\/strong><\/th>\n<th style=\"height: 48px;\"><strong><span style=\"color: #000000;\">\u00bfCU\u00c1NDO SE \u00a0TOMA?<\/span><\/strong><\/th>\n<th style=\"height: 48px;\"><strong><span style=\"color: #000000;\">USO<\/span><\/strong><\/th>\n<\/tr>\n<tr style=\"height: 48px;\">\n<td style=\"text-align: center; height: 48px;\"><span style=\"color: #000000;\">Mejorar las lesiones y procesos inflamatorios<\/span><\/td>\n<td style=\"text-align: center; height: 48px;\"><span style=\"color: #000000;\">2 c\u00e1psulas con un vaso de agua<\/span><\/td>\n<td style=\"text-align: center; height: 48px;\"><span style=\"color: #000000;\">Dos veces al d\u00eda<\/span><\/td>\n<td style=\"text-align: center; height: 48px;\"><span style=\"color: #000000;\">Con el desayuno y con la cena<\/span><\/td>\n<td style=\"text-align: center; height: 48px;\"><span style=\"color: #000000;\">Salud articular<\/span><\/td>\n<\/tr>\n<\/tbody>\n<\/table>\n<p>&nbsp;<\/p>\n<p style=\"text-align: justify;\"><span style=\"color: #000000;\"><b>Glucosamina Condroitina<\/b><\/span><\/p>\n<p style=\"text-align: justify;\"><span style=\"color: #000000;\"><strong>Active<\/strong> de<span style=\"color: #ff6600;\"><strong> Infisport<\/strong><strong>\u00ae <\/strong><\/span>ofrece una formulaci\u00f3n integral gracias al aporte de mucopolisac\u00e1ridos metilsulfonilmetano (MSM), extractos vegetales, silicio org\u00e1nico, vitamina E y C.<\/span><\/p>\n","protected":false},"featured_media":210,"comment_status":"open","ping_status":"closed","template":"","meta":[],"class_list":{"0":"post-206","1":"product","2":"type-product","3":"status-publish","4":"has-post-thumbnail","6":"product_cat-endurance","7":"product_cat-salud","8":"product_cat-salud-articular","9":"product_tag-infisport","11":"entry","12":"has-media","14":"first","15":"instock","16":"sale","17":"shipping-taxable","18":"purchasable","19":"product-type-simple","20":"has-product-nav","21":"col","22":"span_1_of_3","23":"owp-content-center","24":"owp-thumbs-layout-horizontal","25":"owp-btn-normal","26":"owp-tabs-layout-horizontal","27":"has-no-thumbnails"},"_links":{"self":[{"href":"https:\/\/nuevo.livenutrition.es\/index.php?rest_route=\/wp\/v2\/product\/206","targetHints":{"allow":["GET"]}}],"collection":[{"href":"https:\/\/nuevo.livenutrition.es\/index.php?rest_route=\/wp\/v2\/product"}],"about":[{"href":"https:\/\/nuevo.livenutrition.es\/index.php?rest_route=\/wp\/v2\/types\/product"}],"replies":[{"embeddable":true,"href":"https:\/\/nuevo.livenutrition.es\/index.php?rest_route=%2Fwp%2Fv2%2Fcomments&post=206"}],"wp:featuredmedia":[{"embeddable":true,"href":"https:\/\/nuevo.livenutrition.es\/index.php?rest_route=\/wp\/v2\/media\/210"}],"wp:attachment":[{"href":"https:\/\/nuevo.livenutrition.es\/index.php?rest_route=%2Fwp%2Fv2%2Fmedia&parent=206"}],"curies":[{"name":"wp","href":"https:\/\/api.w.org\/{rel}","templated":true}]}}