{"id":204,"date":"2020-04-27T12:47:36","date_gmt":"2020-04-27T12:47:36","guid":{"rendered":"http:\/\/localhost\/wordpress_tienda\/?post_type=product&#038;p=204"},"modified":"2021-05-20T09:14:14","modified_gmt":"2021-05-20T09:14:14","slug":"infisport-explivar-15-x-650-gr-naranja","status":"publish","type":"product","link":"https:\/\/nuevo.livenutrition.es\/?product=infisport-explivar-15-x-650-gr-naranja","title":{"rendered":"EXPLIVAR\u00ae 15 x 6,50 gr. NARANJA"},"content":{"rendered":"<p style=\"text-align: justify;\"><span style=\"color: #000000;\"><strong>EXPLIVAR\u00ae <span style=\"color: #ff6600;\">INFISPORT\u00ae<\/span><\/strong><\/span><\/p>\n<p style=\"text-align: justify;\"><span style=\"color: #000000;\"><strong>Explivar\u00ae stick es un complemento alimenticio para disolver en agua a base de Polypodium Leucotomos (Exply 37\u00ae) variedad Phlebodium<\/strong><\/span><\/p>\n<p style=\"text-align: justify;\"><span style=\"color: #000000;\">Durante la pr\u00e1ctica deportiva de alta intensidad y\/o larga duraci\u00f3n, el organismo se somete tanto a un estr\u00e9s muscular, como a un gasto energ\u00e9tico. Como consecuencia, proporcionalmente a la intensidad, duraci\u00f3n y forma f\u00edsica, se produce un determinado da\u00f1o muscular debido a la repetici\u00f3n mec\u00e1nica de la contracci\u00f3n muscular y vibraciones del tejido. Por otra parte, la demanda energ\u00e9tica provoca el descenso de los dep\u00f3sitos de gluc\u00f3geno, lo que obliga a utilizar otras fuentes energ\u00e9ticas, incrementando la degradaci\u00f3n muscular. Este da\u00f1o muscular tiene una base com\u00fan: la inflamaci\u00f3n mediada por unas mol\u00e9culas denominadas citocinas proinflamatorias y el aumento de sustancias oxidantes que da\u00f1an la fibra muscular. Todo ello contribuye al descenso en el rendimiento deportivo.<\/span><\/p>\n<p style=\"text-align: justify;\"><span style=\"color: #000000;\">En las distintas tesis doctorales y estudios publicados sobre Polypodium Leucotomos (EXPLY 37<sup>\u00ae<\/sup>) variedad Phlebodium, se observa como este extracto atomizado juega un papel modulador sobre las citocinas proinflamatorios y la actividad oxidativa. Este hecho contribuye a la protecci\u00f3n miocelular (c\u00e9lulas musculares) como as\u00ed demuestran los estudios realizados sobre la hormona cortisol y el par\u00e1metro bioqu\u00edmico marcador del da\u00f1o muscular creatinfosfoquinasa (CPK). Por otra parte, tambi\u00e9n se observa el mismo efecto modulador sobre la concentraci\u00f3n de hidroper\u00f3xidos.<\/span><\/p>\n<p style=\"text-align: justify;\"><span style=\"color: #000000;\">Aquellos grupos que tomaron extracto EXPLY 37<sup>\u00ae<\/sup>, tuvieron un descenso estad\u00edsticamente significativo de estos par\u00e1metros (p&lt;0,05) sobre los grupos que ingirieron placebo.<\/span><\/p>\n<p style=\"text-align: justify;\"><span style=\"color: #000000;\">Como consecuencia de la reducci\u00f3n del catabolismo muscular (descenso CPK y cortisol (p&lt;0,05), se observ\u00f3 un aumento de la fuerza.<\/span><\/p>\n<p style=\"text-align: justify;\"><span style=\"color: #000000;\">Por otro lado, la protecci\u00f3n frente al da\u00f1o celular, favoreci\u00f3 la mejora de la resistencia aer\u00f3bica (p&lt;0,05), permitiendo llegar a cargas m\u00e1s altas de trabajo, retardando el metabolismo anaer\u00f3bico y las consecuencias que esto conlleva en t\u00e9rminos de acumulo de sustancias acidas y fatiga muscular.<\/span><\/p>\n<p style=\"text-align: justify;\"><span style=\"color: #000000;\"><strong>Amplio resumen de c\u00f3mo tomar<\/strong> <strong>Explivar\u00ae<\/strong><\/span><\/p>\n<p style=\"text-align: justify;\"><span style=\"color: #000000;\">1 stick en desayuno y\/o cena disuelto en 150 ml. de agua.<\/span><\/p>\n<p style=\"text-align: justify;\"><span style=\"color: #000000;\"><strong>*En per\u00edodos de entrenamientos intensos y\/o competiciones,<\/strong> tomar 1 stick antes del desayuno y la cena durante las 4, 6 u 8 semanas que dure el per\u00edodo.<\/span><\/p>\n<p style=\"text-align: justify;\"><span style=\"color: #000000;\"><strong>*En competiciones de un d\u00eda,<\/strong> uno o dos d\u00edas antes y uno o dos d\u00edas despu\u00e9s, tomar 1 stick al inicio del desayuno y 1 stick al inicio de la cena.<\/span><\/p>\n<p style=\"text-align: justify;\"><span style=\"color: #000000;\">El d\u00eda de la competici\u00f3n, tomar 1 stick antes del desayuno, 1 stick durante la prueba o inmediatamente despu\u00e9s y 1 stick antes de la cena.<\/span><\/p>\n<p style=\"text-align: justify;\"><span style=\"color: #000000;\"><strong>*Mantenimiento,<\/strong> tomar 1 sobre al inicio del desayuno o al inicio de la cena.<\/span><\/p>\n<p><span style=\"color: #000000;\"><strong>Especificaciones:<\/strong><\/span><\/p>\n<ul style=\"text-align: justify;\">\n<li><span style=\"color: #000000;\">Sin gluten.<\/span><\/li>\n<li><span style=\"color: #000000;\">Sin lactosa.<\/span><\/li>\n<li><span style=\"color: #000000;\">Apto para veganos.<\/span><\/li>\n<li><span style=\"color: #000000;\">Bajo en az\u00facar.<\/span><\/li>\n<li><span style=\"color: #000000;\">Polypodium leucotomos EXPLY 37\u00ae.<\/span><\/li>\n<li><span style=\"color: #000000;\">Peso neto: 97,50 gr. (15 sticks)<\/span><\/li>\n<\/ul>\n<p style=\"text-align: justify;\"><span style=\"color: #000000;\"><span style=\"color: #ff6600;\"><strong>Infisport\u00ae <\/strong><\/span>te presenta <strong>Explivar\u00ae <\/strong>en cajitas expositoras que contienen 15 sticks de 6,50 gramos.<\/span><\/p>\n<p style=\"text-align: justify;\"><span style=\"color: #000000;\">Sabor: Naranja.<\/span><\/p>\n","protected":false},"excerpt":{"rendered":"<table>\n<tbody>\n<tr style=\"height: 48px;\">\n<th style=\"height: 48px;\"><span style=\"color: #000000;\"><strong>\u00bfPARA QU\u00c9 SE TOMA?<\/strong><\/span><\/th>\n<th style=\"height: 48px;\"><span style=\"color: #000000;\"><strong>\u00bfC\u00d3MO SE TOMA?<\/strong><\/span><\/th>\n<th style=\"height: 48px;\"><span style=\"color: #000000;\"><strong>\u00bfCU\u00c1NTAS VECES?<\/strong><\/span><\/th>\n<th style=\"height: 48px;\"><span style=\"color: #000000;\"><strong>\u00bfCU\u00c1NDO SE \u00a0TOMA?<\/strong><\/span><\/th>\n<th style=\"height: 48px;\"><span style=\"color: #000000;\"><strong>USO<\/strong><\/span><\/th>\n<\/tr>\n<tr style=\"height: 48px;\">\n<td style=\"text-align: center; height: 48px;\"><span style=\"color: #000000;\">Mejorar la resistencia y el rendimiento f\u00edsico<\/span><\/td>\n<td style=\"text-align: center; height: 48px;\"><span style=\"color: #000000;\">Abrir y diluir en agua<\/span><\/td>\n<td style=\"text-align: center; height: 48px;\"><span style=\"color: #000000;\">1 y\/o 2 sticks al d\u00eda<\/span><\/td>\n<td style=\"text-align: center; height: 48px;\"><span style=\"color: #000000;\">1 stick en el desayuno y\/o en la cena disuelto en 150 ml. de agua<\/span><\/td>\n<td style=\"text-align: center; height: 48px;\"><span style=\"color: #000000;\">Aumento del rendimiento<\/span><\/td>\n<\/tr>\n<\/tbody>\n<\/table>\n<p>&nbsp;<\/p>\n<p style=\"text-align: justify;\"><strong><span style=\"color: #000000;\">Energ\u00eda y Rendimiento<\/span><\/strong><\/p>\n<p style=\"text-align: justify;\"><span style=\"color: #000000;\"><strong>Explivar\u00ae<\/strong> de <span style=\"color: #ff6600;\"><strong>Infisport\u00ae<\/strong><\/span><span style=\"color: #ff6600;\"><strong>\u00a0<\/strong><\/span>mejora la producci\u00f3n de energ\u00eda aer\u00f3bica y ayuda a combatir la fatiga muscular.<\/span><\/p>\n","protected":false},"featured_media":208,"comment_status":"open","ping_status":"closed","template":"","meta":[],"class_list":{"0":"post-204","1":"product","2":"type-product","3":"status-publish","4":"has-post-thumbnail","6":"product_cat-endurance","7":"product_cat-energia-y-rendimiento","8":"product_cat-explivar","9":"product_tag-infisport","11":"entry","12":"has-media","14":"first","15":"instock","16":"sale","17":"shipping-taxable","18":"purchasable","19":"product-type-simple","20":"has-product-nav","21":"col","22":"span_1_of_3","23":"owp-content-center","24":"owp-thumbs-layout-horizontal","25":"owp-btn-normal","26":"owp-tabs-layout-horizontal","27":"has-no-thumbnails"},"_links":{"self":[{"href":"https:\/\/nuevo.livenutrition.es\/index.php?rest_route=\/wp\/v2\/product\/204","targetHints":{"allow":["GET"]}}],"collection":[{"href":"https:\/\/nuevo.livenutrition.es\/index.php?rest_route=\/wp\/v2\/product"}],"about":[{"href":"https:\/\/nuevo.livenutrition.es\/index.php?rest_route=\/wp\/v2\/types\/product"}],"replies":[{"embeddable":true,"href":"https:\/\/nuevo.livenutrition.es\/index.php?rest_route=%2Fwp%2Fv2%2Fcomments&post=204"}],"wp:featuredmedia":[{"embeddable":true,"href":"https:\/\/nuevo.livenutrition.es\/index.php?rest_route=\/wp\/v2\/media\/208"}],"wp:attachment":[{"href":"https:\/\/nuevo.livenutrition.es\/index.php?rest_route=%2Fwp%2Fv2%2Fmedia&parent=204"}],"curies":[{"name":"wp","href":"https:\/\/api.w.org\/{rel}","templated":true}]}}