{"id":174,"date":"2021-02-07T13:48:46","date_gmt":"2021-02-07T13:48:46","guid":{"rendered":"http:\/\/localhost\/wordpress_tienda\/?post_type=product&#038;p=174"},"modified":"2021-05-20T09:13:23","modified_gmt":"2021-05-20T09:13:23","slug":"nutrinovex-glucobar-35-gr-platano","status":"publish","type":"product","link":"https:\/\/nuevo.livenutrition.es\/?product=nutrinovex-glucobar-35-gr-platano","title":{"rendered":"GLUCOBAR\u00ae 35 gr. PL\u00c1TANO"},"content":{"rendered":"<p style=\"text-align: justify;\"><span style=\"color: #000000;\"><strong>GLUCOBAR\u00ae <span style=\"color: #000080;\">NUTRINOVEX\u00ae<\/span><\/strong><\/span><\/p>\n<p style=\"text-align: justify;\"><span style=\"color: #000000;\"><strong>Glucobar\u00ae es una barrita energ\u00e9tica compuesta de pulpa de fruta y a base de hidratos de carbono, potasio 450,00 mgr., magnesio, vitaminas, minerales y amino\u00e1cidos<\/strong><\/span><\/p>\n<p style=\"text-align: justify;\"><span style=\"color: #000000;\"><strong>En la barrita energ\u00e9tica<\/strong><strong> Glucobar\u00ae<\/strong> de <span style=\"color: #000080;\"><strong>Nutrinovex\u00ae<\/strong><\/span> encontrar\u00e1s una aportaci\u00f3n ideal de magnesio\u00a0 para situaciones de desgaste y esfuerzo, concretamente 67,82 mgr. que corresponden al 18,15% del VRN. Adem\u00e1s, su f\u00f3rmula est\u00e1 enriquecida con potasio, carnitina, glutamina y vitaminas, presenta una combinaci\u00f3n de hidratos de carbono de asimilaci\u00f3n r\u00e1pida y una base de pulpa de fruta natural, siempre elegida y exprimida en el mejor momento de madurez para que tenga una textura inconfundible. \u00a0<\/span><\/p>\n<p style=\"text-align: justify;\"><span style=\"color: #000000;\">Gracias a la nueva barrita\u00a0<strong>Glucobar\u00ae<\/strong>\u00a0obtendr\u00e1s el magnesio necesario para reducir la fatiga, y adem\u00e1s te ayudar\u00e1 a tener m\u00e1s flexibilidad y agilidad durante la carrera, por lo que est\u00e1 orientada a todos aquellos deportistas que necesitan un aporte energ\u00e9tico inmediato en situaciones de esfuerzo y desgaste. Su f\u00f3rmula contribuye a regenerar los tejidos y m\u00fasculos, retrasar la fatiga muscular, evitar la p\u00e9rdida de fuerza y aliviar los dolores menores de las articulaciones.<\/span><\/p>\n<ul style=\"text-align: justify;\">\n<li><span style=\"color: #000000;\">Hidratos de Carbono 26,32 gr. por barrita (35 gr.)<\/span><\/li>\n<li><span style=\"color: #000000;\">Barrita energ\u00e9tica elaborada artesanalmente con pulpa de fruta natural<\/span><\/li>\n<li><span style=\"color: #000000;\">Con cobertura para facilitar su apertura durante la actividad, evitando ensuciarse las manos<\/span><\/li>\n<li><span style=\"color: #000000;\">Contribuye mantener el equilibrio y la recuperaci\u00f3n de carbohidratos<\/span><\/li>\n<li><span style=\"color: #000000;\">Enriquecida con vitaminas del grupo B y vitaminas C,E y D3, minerales y amino\u00e1cidos<\/span><\/li>\n<li><span style=\"color: #000000;\">Magnesio 67,82 mgr. por barrita (35 gr.)<\/span><\/li>\n<li><span style=\"color: #000000;\">Potasio 450,00 mgr. por barrita (35 gr.)<\/span><\/li>\n<li><span style=\"color: #000000;\">L-Glutamina (Kyowa Quality\u00ae) 245,00 mgr. por barrita (35 gr.)<\/span><\/li>\n<li><span style=\"color: #000000;\">L-Carnitina 119,35 mgr. por barrita (35 gr.)<\/span><\/li>\n<li><span style=\"color: #000000;\">Textura de gominola, ligera y f\u00e1cil de ingerir<\/span><\/li>\n<li><span style=\"color: #000000;\">Fabricado en la Uni\u00f3n Europea<\/span><\/li>\n<li><span style=\"color: #000000;\">Libre de gluten<\/span><\/li>\n<li><span style=\"color: #000000;\">Sabor pl\u00e1tano<\/span><\/li>\n<\/ul>\n<p style=\"text-align: justify;\"><span style=\"color: #000000;\"><span style=\"color: #000080;\"><strong>Nutrinovex\u00ae<\/strong><\/span> te presenta la barrita <strong>Glucobar\u00ae <\/strong>de 35 gramos.<\/span><\/p>\n","protected":false},"excerpt":{"rendered":"<table>\n<tbody>\n<tr style=\"height: 48px;\">\n<th style=\"height: 48px;\"><span style=\"color: #000000;\"><strong>\u00bfPARA QU\u00c9 SE TOMA?<\/strong><\/span><\/th>\n<th style=\"height: 48px;\"><span style=\"color: #000000;\"><strong>\u00bfC\u00d3MO SE TOMA?<\/strong><\/span><\/th>\n<th style=\"height: 48px;\"><span style=\"color: #000000;\"><strong>\u00bfCU\u00c1NTAS VECES?<\/strong><\/span><\/th>\n<th style=\"height: 48px;\"><span style=\"color: #000000;\"><strong>\u00bfCU\u00c1NDO SE \u00a0TOMA?<\/strong><\/span><\/th>\n<th style=\"height: 48px;\"><span style=\"color: #000000;\"><strong>USO<\/strong><\/span><\/th>\n<\/tr>\n<tr style=\"height: 48px;\">\n<td style=\"text-align: center; height: 48px;\"><span style=\"color: #000000;\">Aporte inmediato de energ\u00eda, reduce la sensaci\u00f3n de cansancio y fatiga<\/span><\/td>\n<td style=\"text-align: center; height: 48px;\"><span style=\"color: #000000;\">Abrir e ingerir. Se recomienda beber un poco de agua tras cada ingesta<\/span><\/td>\n<td style=\"text-align: center; height: 48px;\"><span style=\"color: #000000;\">Tomar dos veces al d\u00eda<\/span><\/td>\n<td style=\"text-align: center; height: 48px;\"><span style=\"color: #000000;\">Antes y durante la actividad f\u00edsica<\/span><\/td>\n<td style=\"text-align: center; height: 48px;\"><span style=\"color: #000000;\">Energ\u00eda, recuperaci\u00f3n<\/span><\/td>\n<\/tr>\n<\/tbody>\n<\/table>\n<p>&nbsp;<\/p>\n<p style=\"text-align: justify;\"><span style=\"color: #000000;\"><strong>Barrita Energ\u00e9tica<\/strong><\/span><\/p>\n<p style=\"text-align: justify;\"><span style=\"color: #000000;\"><strong>Glucobar\u00ae<\/strong>\u00a0de <span style=\"color: #000080;\"><strong>Nutrinovex\u00ae<\/strong><\/span> es una barrita energ\u00e9tica rica en hidratos de carbono y magnesio, enriquecida a base de vitaminas, minerales y amino\u00e1cidos.<\/span><\/p>\n","protected":false},"featured_media":178,"comment_status":"open","ping_status":"closed","template":"","meta":[],"class_list":{"0":"post-174","1":"product","2":"type-product","3":"status-publish","4":"has-post-thumbnail","6":"product_cat-barritas-energeticas","7":"product_cat-endurance","8":"product_cat-energia","9":"product_tag-nutrinovex","11":"entry","12":"has-media","14":"first","15":"instock","16":"shipping-taxable","17":"purchasable","18":"product-type-simple","19":"has-product-nav","20":"col","21":"span_1_of_3","22":"owp-content-center","23":"owp-thumbs-layout-horizontal","24":"owp-btn-normal","25":"owp-tabs-layout-horizontal","26":"has-no-thumbnails"},"_links":{"self":[{"href":"https:\/\/nuevo.livenutrition.es\/index.php?rest_route=\/wp\/v2\/product\/174","targetHints":{"allow":["GET"]}}],"collection":[{"href":"https:\/\/nuevo.livenutrition.es\/index.php?rest_route=\/wp\/v2\/product"}],"about":[{"href":"https:\/\/nuevo.livenutrition.es\/index.php?rest_route=\/wp\/v2\/types\/product"}],"replies":[{"embeddable":true,"href":"https:\/\/nuevo.livenutrition.es\/index.php?rest_route=%2Fwp%2Fv2%2Fcomments&post=174"}],"wp:featuredmedia":[{"embeddable":true,"href":"https:\/\/nuevo.livenutrition.es\/index.php?rest_route=\/wp\/v2\/media\/178"}],"wp:attachment":[{"href":"https:\/\/nuevo.livenutrition.es\/index.php?rest_route=%2Fwp%2Fv2%2Fmedia&parent=174"}],"curies":[{"name":"wp","href":"https:\/\/api.w.org\/{rel}","templated":true}]}}