{"id":156,"date":"2021-02-07T14:39:21","date_gmt":"2021-02-07T14:39:21","guid":{"rendered":"http:\/\/localhost\/wordpress_tienda\/?post_type=product&#038;p=156"},"modified":"2021-05-20T09:12:54","modified_gmt":"2021-05-20T09:12:54","slug":"nutrinovex-glucobar-35-gr-cola-con-cafeina","status":"publish","type":"product","link":"https:\/\/nuevo.livenutrition.es\/?product=nutrinovex-glucobar-35-gr-cola-con-cafeina","title":{"rendered":"GLUCOBAR\u00ae 35 gr. COLA CON CAFE\u00cdNA"},"content":{"rendered":"<p style=\"text-align: justify;\"><span style=\"color: #000000;\"><strong>GLUCOBAR\u00ae <span style=\"color: #000080;\">NUTRINOVEX\u00ae<\/span><\/strong><\/span><\/p>\n<p style=\"text-align: justify;\"><span style=\"color: #000000;\"><strong>Glucobar\u00ae es una barrita energ\u00e9tica compuesta de pulpa de fruta y a base de hidratos de carbono, rica en agentes energ\u00e9ticos (cafe\u00edna, taurina y guaran\u00e1) para situaciones de m\u00e1ximo esfuerzo y desgaste<\/strong><\/span><\/p>\n<p style=\"text-align: justify;\"><span style=\"color: #000000;\">En la barrita energ\u00e9tica <strong>Glucobar\u00ae<\/strong> de <strong><span style=\"color: #000080;\">Nutrinovex\u00ae<\/span><\/strong> encontrar\u00e1s una manera efectiva de reducir la aparici\u00f3n de la fatiga central que se produce tras la pr\u00e1ctica de un esfuerzo continuo de elevada intensidad. Adem\u00e1s, evitar\u00e1s que se vac\u00eden f\u00e1cilmente los dep\u00f3sitos de gluc\u00f3geno y que aparezcan los llamados radicales libres con poder oxidante asociados a ellos.<\/span><\/p>\n<p style=\"text-align: justify;\"><span style=\"color: #000000;\">Gracias a la acci\u00f3n ergog\u00e9nica de la cafe\u00edna de las barritas <strong>Glucobar\u00ae<\/strong> podr\u00e1s aumentar la estimulaci\u00f3n del sistema nervioso, permitiendo as\u00ed una mejor adaptaci\u00f3n del organismo al esfuerzo intenso y conseguir\u00e1s, por otra parte, liberar \u00e1cidos grasos que favorecer\u00e1n que la fibra muscular obtenga un mayor aporte energ\u00e9tico. <\/span><\/p>\n<ul style=\"text-align: justify;\">\n<li><span style=\"color: #000000;\">Hidratos de Carbono 26,32 gr. por barrita (35 gr.)<\/span><\/li>\n<li><span style=\"color: #000000;\">Barrita energ\u00e9tica elaborada artesanalmente con pulpa de fruta natural<\/span><\/li>\n<li><span style=\"color: #000000;\">Con cobertura para facilitar su apertura durante la actividad, evitando ensuciarse las manos<\/span><\/li>\n<li><span style=\"color: #000000;\">Contribuye mantener el equilibrio y la recuperaci\u00f3n de carbohidratos<\/span><\/li>\n<li><span style=\"color: #000000;\">Enriquecida con vitaminas del grupo B y vitaminas C,E y D3<\/span><\/li>\n<li><span style=\"color: #000000;\">Taurina 65,00 mgr. por barrita (35 gr.)<\/span><\/li>\n<li><span style=\"color: #000000;\">Cafe\u00edna 20,00 mgr. por cada barrita (35 gr.)<\/span><\/li>\n<li><span style=\"color: #000000;\">Guaran\u00e1 10,00 mgr. por cada barrita (35 gr.)<\/span><\/li>\n<li><span style=\"color: #000000;\">Textura de gominola, ligera y f\u00e1cil de ingerir<\/span><\/li>\n<li><span style=\"color: #000000;\">R\u00e1pida asimilaci\u00f3n<\/span><\/li>\n<li><span style=\"color: #000000;\">Fabricado en la Uni\u00f3n Europea<\/span><\/li>\n<li><span style=\"color: #000000;\">Libre de gluten<\/span><\/li>\n<li><span style=\"color: #000000;\">Sabor cola<\/span><\/li>\n<\/ul>\n<p style=\"text-align: justify;\"><span style=\"color: #000000;\"><span style=\"color: #000080;\"><strong>Nutrinovex\u00ae<\/strong><\/span> te presenta la barrita <strong>Glucobar\u00ae <\/strong>de 35 gramos.<\/span><\/p>\n","protected":false},"excerpt":{"rendered":"<table>\n<tbody>\n<tr style=\"height: 48px;\">\n<th style=\"height: 48px;\"><span style=\"color: #000000;\"><strong>\u00bfPARA QU\u00c9 SE TOMA?<\/strong><\/span><\/th>\n<th style=\"height: 48px;\"><span style=\"color: #000000;\"><strong>\u00bfC\u00d3MO SE TOMA?<\/strong><\/span><\/th>\n<th style=\"height: 48px;\"><span style=\"color: #000000;\"><strong>\u00bfCU\u00c1NTAS VECES?<\/strong><\/span><\/th>\n<th style=\"height: 48px;\"><span style=\"color: #000000;\"><strong>\u00bfCU\u00c1NDO SE \u00a0TOMA?<\/strong><\/span><\/th>\n<th style=\"height: 48px;\"><span style=\"color: #000000;\"><strong>USO<\/strong><\/span><\/th>\n<\/tr>\n<tr style=\"height: 48px;\">\n<td style=\"text-align: center; height: 48px;\"><span style=\"color: #000000;\">Aporte inmediato de energ\u00eda, reduce la sensaci\u00f3n de cansancio y fatiga<\/span><\/td>\n<td style=\"text-align: center; height: 48px;\"><span style=\"color: #000000;\">Abrir e ingerir. Se recomienda beber un poco de agua tras cada ingesta<\/span><\/td>\n<td style=\"text-align: center; height: 48px;\"><span style=\"color: #000000;\">Tomar dos veces al d\u00eda<\/span><\/td>\n<td style=\"text-align: center; height: 48px;\"><span style=\"color: #000000;\">Antes y durante la actividad f\u00edsica<\/span><\/td>\n<td style=\"text-align: center; height: 48px;\"><span style=\"color: #000000;\">Energ\u00eda, recuperaci\u00f3n<\/span><\/td>\n<\/tr>\n<\/tbody>\n<\/table>\n<p>&nbsp;<\/p>\n<p style=\"text-align: justify;\"><span style=\"color: #000000;\"><strong>Barrita Energ\u00e9tica<\/strong><\/span><\/p>\n<p style=\"text-align: justify;\"><span style=\"color: #000000;\"><strong>Glucobar\u00ae<\/strong>\u00a0de <span style=\"color: #000080;\"><strong>Nutrinovex\u00ae<\/strong><\/span> es una barrita energ\u00e9tica rica en hidratos de carbono, as\u00ed como en cafe\u00edna, taurina y guaran\u00e1. A base de vitaminas y amino\u00e1cidos.<\/span><\/p>\n","protected":false},"featured_media":160,"comment_status":"open","ping_status":"closed","template":"","meta":[],"class_list":{"0":"post-156","1":"product","2":"type-product","3":"status-publish","4":"has-post-thumbnail","6":"product_cat-barritas-energeticas","7":"product_cat-endurance","8":"product_cat-energia","9":"product_tag-nutrinovex","11":"entry","12":"has-media","14":"first","15":"instock","16":"shipping-taxable","17":"purchasable","18":"product-type-simple","19":"has-product-nav","20":"col","21":"span_1_of_3","22":"owp-content-center","23":"owp-thumbs-layout-horizontal","24":"owp-btn-normal","25":"owp-tabs-layout-horizontal","26":"has-no-thumbnails"},"_links":{"self":[{"href":"https:\/\/nuevo.livenutrition.es\/index.php?rest_route=\/wp\/v2\/product\/156","targetHints":{"allow":["GET"]}}],"collection":[{"href":"https:\/\/nuevo.livenutrition.es\/index.php?rest_route=\/wp\/v2\/product"}],"about":[{"href":"https:\/\/nuevo.livenutrition.es\/index.php?rest_route=\/wp\/v2\/types\/product"}],"replies":[{"embeddable":true,"href":"https:\/\/nuevo.livenutrition.es\/index.php?rest_route=%2Fwp%2Fv2%2Fcomments&post=156"}],"wp:featuredmedia":[{"embeddable":true,"href":"https:\/\/nuevo.livenutrition.es\/index.php?rest_route=\/wp\/v2\/media\/160"}],"wp:attachment":[{"href":"https:\/\/nuevo.livenutrition.es\/index.php?rest_route=%2Fwp%2Fv2%2Fmedia&parent=156"}],"curies":[{"name":"wp","href":"https:\/\/api.w.org\/{rel}","templated":true}]}}