{"id":150,"date":"2021-04-29T10:49:51","date_gmt":"2021-04-29T10:49:51","guid":{"rendered":"http:\/\/localhost\/wordpress_tienda\/?post_type=product&#038;p=150"},"modified":"2021-05-20T09:12:43","modified_gmt":"2021-05-20T09:12:43","slug":"nutrinovex-longobar-40-gr-tarta-de-queso","status":"publish","type":"product","link":"https:\/\/nuevo.livenutrition.es\/?product=nutrinovex-longobar-40-gr-tarta-de-queso","title":{"rendered":"LONGOBAR\u00ae 40 gr. TARTA DE QUESO"},"content":{"rendered":"<p style=\"text-align: justify;\"><span style=\"color: #000000;\"><strong>LONGOBAR\u00ae <span style=\"color: #000080;\">NUTRINOVEX\u00ae<\/span><\/strong><\/span><\/p>\n<p style=\"text-align: justify;\"><span style=\"color: #000000;\"><strong>LongoBar\u00ae<\/strong> <strong>es un complemento alimenticio a base de hidratos de carbono, amino\u00e1cidos, vitaminas y minerales<\/strong><\/span><\/p>\n<p style=\"text-align: justify;\"><span style=\"color: #000000;\">En <strong>LongoBar\u00ae<\/strong> de <span style=\"color: #000080;\"><strong>Nutrinovex\u00ae <\/strong><\/span>encontrar\u00e1s una barrita energ\u00e9tica de larga duraci\u00f3n elaborada de forma artesanal a base de pasta de almendra y enriquecida con L-Glutamina (Kyowa Quality\u00ae), BCAA\u2019s (8.1.1.), magnesio y vitamina B1.\u00a0Contiene en su f\u00f3rmula diferentes nutrientes (hidratos de carbono, grasas y prote\u00ednas) que combinados entre si aportan al deportista energ\u00eda de forma progresiva durante un largo periodo de tiempo. Adem\u00e1s, se presentan con una textura blanda que favorece su ingesti\u00f3n.<\/span><\/p>\n<ul style=\"text-align: justify;\">\n<li><span style=\"color: #000000;\">Elaborada de forma artesanal a base de pasta de almendra que le da una textura semi-blanda y muy f\u00e1cil de ingerir durante el entrenamiento o competici\u00f3n<\/span><\/li>\n<li><span style=\"color: #000000;\">Ideal para esfuerzos de larga duraci\u00f3n<\/span><\/li>\n<li><span style=\"color: #000000;\">Tomar directamente durante la actividad f\u00edsica en intervalos aproximadamente de 60 minutos<\/span><\/li>\n<li><span style=\"color: #000000;\">Sin gluten y con ingredientes naturales<\/span><\/li>\n<li><span style=\"color: #000000;\">Con BCAA\u00b4s 8.1.1. L-Leucina 320,00 mgr., L-Isoleucina 40,00 mgr., L-Valina 40,00 mgr. por barrita (40 gr.)<\/span><\/li>\n<li><span style=\"color: #000000;\">Con 320,00 mgr. de L-Glutamina Kyowa Quality\u00ae por barrita (40 gr.), consiguiendo as\u00ed una mejor reparaci\u00f3n y protecci\u00f3n del tejido muscular durante el catabolismo<\/span><\/li>\n<li><span style=\"color: #000000;\">Con magnesio que ayuda a disminuir el cansancio y la fatiga y contribuye al equilibrio electrol\u00edtico, al metabolismo energ\u00e9tico normal de los m\u00fasculos 75,00 mgr. (20% VRN) por barrita (40 gr.)<\/span><\/li>\n<li><span style=\"color: #000000;\">Con Vitamina B1 que contribuye al metabolismo energ\u00e9tico normal, al funcionamiento normal del sistema nervioso, a la funci\u00f3n psicol\u00f3gica normal y al funcionamiento normal del coraz\u00f3n<\/span><\/li>\n<li><span style=\"color: #000000;\">Fabricado en la Uni\u00f3n Europea<\/span><\/li>\n<li><span style=\"color: #000000;\">Sabor tarta de queso<\/span><\/li>\n<\/ul>\n<p style=\"text-align: justify;\"><span style=\"color: #000000;\"><span style=\"color: #000080;\"><strong>Nutrinovex\u00ae<\/strong><\/span>\u00a0te presenta la barrita <strong>LongoBar\u00ae <\/strong>de 40 gramos.<\/span><\/p>\n","protected":false},"excerpt":{"rendered":"<table>\n<tbody>\n<tr style=\"height: 48px;\">\n<th style=\"height: 48px;\"><span style=\"color: #000000;\"><strong>\u00bfPARA QU\u00c9 SE TOMA?<\/strong><\/span><\/th>\n<th style=\"height: 48px;\"><span style=\"color: #000000;\"><strong>\u00bfC\u00d3MO SE TOMA?<\/strong><\/span><\/th>\n<th style=\"height: 48px;\"><span style=\"color: #000000;\"><strong>\u00bfCU\u00c1NTAS VECES?<\/strong><\/span><\/th>\n<th style=\"height: 48px;\"><span style=\"color: #000000;\"><strong>\u00bfCU\u00c1NDO SE \u00a0TOMA?<\/strong><\/span><\/th>\n<th style=\"height: 48px;\"><span style=\"color: #000000;\"><strong>USO<\/strong><\/span><\/th>\n<\/tr>\n<tr style=\"height: 48px;\">\n<td style=\"text-align: center; height: 48px;\"><span style=\"color: #000000;\">Aporte inmediato de energ\u00eda, reduce la sensaci\u00f3n de cansancio y fatiga<\/span><\/td>\n<td style=\"text-align: center; height: 48px;\"><span style=\"color: #000000;\">Abrir e ingerir. Se recomienda beber un poco de agua tras cada ingesta<\/span><\/td>\n<td style=\"text-align: center; height: 48px;\"><span style=\"color: #000000;\">Tomar dos veces al d\u00eda<\/span><\/td>\n<td style=\"text-align: center; height: 48px;\"><span style=\"color: #000000;\">Durante la actividad f\u00edsica<\/span><\/td>\n<td style=\"text-align: center; height: 48px;\"><span style=\"color: #000000;\">Energ\u00eda, recuperaci\u00f3n<\/span><\/td>\n<\/tr>\n<\/tbody>\n<\/table>\n<p>&nbsp;<\/p>\n<p style=\"text-align: justify;\"><span style=\"color: #000000;\"><strong>Barrita Energ\u00e9tica<\/strong><\/span><\/p>\n<p style=\"text-align: justify;\"><span style=\"color: #000000;\"><strong>LongoBar\u00ae<\/strong>\u00a0de <span style=\"color: #000080;\"><strong>Nutrinovex\u00ae<\/strong><\/span> es una barrita energ\u00e9tica de inmejorable sabor enriquecida en hidratos de carbono, amino\u00e1cidos, vitaminas y minerales.<\/span><\/p>\n","protected":false},"featured_media":154,"comment_status":"open","ping_status":"closed","template":"","meta":[],"class_list":{"0":"post-150","1":"product","2":"type-product","3":"status-publish","4":"has-post-thumbnail","6":"product_cat-barritas-energeticas","7":"product_cat-endurance","8":"product_cat-energia","9":"product_tag-nutrinovex","11":"entry","12":"has-media","14":"first","15":"instock","16":"sale","17":"shipping-taxable","18":"purchasable","19":"product-type-simple","20":"has-product-nav","21":"col","22":"span_1_of_3","23":"owp-content-center","24":"owp-thumbs-layout-horizontal","25":"owp-btn-normal","26":"owp-tabs-layout-horizontal","27":"has-no-thumbnails"},"_links":{"self":[{"href":"https:\/\/nuevo.livenutrition.es\/index.php?rest_route=\/wp\/v2\/product\/150","targetHints":{"allow":["GET"]}}],"collection":[{"href":"https:\/\/nuevo.livenutrition.es\/index.php?rest_route=\/wp\/v2\/product"}],"about":[{"href":"https:\/\/nuevo.livenutrition.es\/index.php?rest_route=\/wp\/v2\/types\/product"}],"replies":[{"embeddable":true,"href":"https:\/\/nuevo.livenutrition.es\/index.php?rest_route=%2Fwp%2Fv2%2Fcomments&post=150"}],"wp:featuredmedia":[{"embeddable":true,"href":"https:\/\/nuevo.livenutrition.es\/index.php?rest_route=\/wp\/v2\/media\/154"}],"wp:attachment":[{"href":"https:\/\/nuevo.livenutrition.es\/index.php?rest_route=%2Fwp%2Fv2%2Fmedia&parent=150"}],"curies":[{"name":"wp","href":"https:\/\/api.w.org\/{rel}","templated":true}]}}