{"id":117,"date":"2021-02-03T13:10:37","date_gmt":"2021-02-03T13:10:37","guid":{"rendered":"http:\/\/localhost\/wordpress_tienda\/?post_type=product&#038;p=117"},"modified":"2021-05-20T09:11:12","modified_gmt":"2021-05-20T09:11:12","slug":"nutrinovex-360o-longovit-gel-24-x-40-gr-cola","status":"publish","type":"product","link":"https:\/\/nuevo.livenutrition.es\/?product=nutrinovex-360o-longovit-gel-24-x-40-gr-cola","title":{"rendered":"360\u00ba LONGOVIT GEL 24 x 40 gr. COLA"},"content":{"rendered":"<p style=\"text-align: justify;\"><span style=\"color: #000000;\"><strong>360\u00ba LONGOVIT GEL <span style=\"color: #000080;\">NUTRINOVEX\u00ae<\/span><\/strong><\/span><\/p>\n<p style=\"text-align: justify;\"><span style=\"color: #000000;\"><strong>360\u00ba Longovit Gel, es un gel energ\u00e9tico a base de hidratos de carbono, minerales, amino\u00e1cidos, plantas y vitaminas<\/strong><\/span><\/p>\n<p style=\"text-align: justify;\"><span style=\"color: #000000;\">En<strong> 360\u00ba Longovit Gel<\/strong> de <span style=\"color: #000080;\"><strong>Nutrinovex\u00ae<\/strong><\/span> encontrar\u00e1s un gel energ\u00e9tico, con alto contenido en hidratos de carbono que se absorben progresivamente y cuya f\u00f3rmula est\u00e1 pensada para proporcionar energ\u00eda de forma sostenida durante la actividad f\u00edsica.<\/span><\/p>\n<p style=\"text-align: justify;\"><span style=\"color: #000000;\">Este producto est\u00e1 especialmente indicado para deportistas de alta resistencia (ciclismo, triatl\u00f3n, running, etc.) ya que proporciona energ\u00eda directamente, conservando las reservas del organismo y combatiendo al mismo tiempo la fatiga central, aumentando as\u00ed la resistencia del deportista. Cada gel contiene 3,2gr. de Isomaltulosa, Tiamina, Vitamina C y Vitamina E, todo ello destinado al funcionamiento normal del metabolismo energ\u00e9tico, a la disminuci\u00f3n del cansancio y a la protecci\u00f3n de las c\u00e9lulas frente a la oxidaci\u00f3n.<\/span><\/p>\n<p style=\"text-align: justify;\"><span style=\"color: #000000;\">Con<strong> 360\u00ba Longovit Gel<\/strong> conseguir\u00e1s retrasar la fatiga muscular, al proporcionar al m\u00fasculo hidratos de carbono, sales minerales y Harpagofito, adem\u00e1s de L-Glutamina y BCAA\u2019s, evitando as\u00ed la aparici\u00f3n de la fatiga central y desintoxicando al organismo de los productos del catabolismo. Adem\u00e1s, entre otros beneficios, tambi\u00e9n conseguir\u00e1s evitar la p\u00e9rdida de fuerza, as\u00ed como aliviar los dolores menores de las articulaciones y los trastornos digestivos leves.<\/span><\/p>\n<ul style=\"text-align: justify;\">\n<li><span style=\"color: #000000;\">Combina 4 tipos de hidratos de carbono con diferentes tiempos de absorci\u00f3n<\/span><\/li>\n<li><span style=\"color: #000000;\">Aporta energ\u00eda de forma progresiva<\/span><\/li>\n<li><span style=\"color: #000000;\">Combate la fatiga muscular<\/span><\/li>\n<li><span style=\"color: #000000;\">BCAA\u2019s en ratio 8.1.1, con 400 mgr. por gel (40 gr.)<\/span><\/li>\n<li><span style=\"color: #000000;\">L-Glutamina 240 mgr. por gel (40 gr.)<\/span><\/li>\n<li><span style=\"color: #000000;\">Con minerales, potasio, magnesio, zinc, cobre y sodio<\/span><\/li>\n<li><span style=\"color: #000000;\">Sin gluten<\/span><\/li>\n<li><span style=\"color: #000000;\">Textura m\u00e1s l\u00edquida<\/span><\/li>\n<li><span style=\"color: #000000;\">Harpagofito<\/span><\/li>\n<li><span style=\"color: #000000;\">Palatinose\u2122<\/span><\/li>\n<li><span style=\"color: #000000;\">Cluster Dextrin\u00ae<\/span><\/li>\n<li><span style=\"color: #000000;\">Fabricado en la Uni\u00f3n Europea<\/span><\/li>\n<li><span style=\"color: #000000;\">Sabor cola<\/span><\/li>\n<\/ul>\n<div class=\"woocommerce-tabs wc-tabs-wrapper\">\n<div id=\"tab-description\" class=\"woocommerce-Tabs-panel woocommerce-Tabs-panel--description panel entry-content wc-tab\" role=\"tabpanel\" aria-labelledby=\"tab-title-description\">\n<div class=\"post-content\">\n<p><span style=\"color: #000000;\"><span style=\"color: #000080;\"><strong>Nutrinovex\u00ae<\/strong><\/span>\u00a0te presenta los geles\u00a0<strong>360<\/strong><strong>\u00b0<\/strong>\u00a0<strong>Longovit Gel\u00a0<\/strong>en cajitas expositoras que contienen 24 geles de 40 gramos.<\/span><\/p>\n<\/div>\n<\/div>\n<\/div>\n","protected":false},"excerpt":{"rendered":"<table>\n<tbody>\n<tr style=\"height: 48px;\">\n<th style=\"height: 48px;\"><span style=\"color: #000000;\"><strong>\u00bfPARA QU\u00c9 SE TOMA?<\/strong><\/span><\/th>\n<th style=\"height: 48px;\"><span style=\"color: #000000;\"><strong>\u00bfC\u00d3MO SE TOMA?<\/strong><\/span><\/th>\n<th style=\"height: 48px;\"><span style=\"color: #000000;\"><strong>\u00bfCU\u00c1NTAS VECES?<\/strong><\/span><\/th>\n<th style=\"height: 48px;\"><span style=\"color: #000000;\"><strong>\u00bfCU\u00c1NDO SE \u00a0TOMA?<\/strong><\/span><\/th>\n<th style=\"height: 48px;\"><span style=\"color: #000000;\"><strong>USO<\/strong><\/span><\/th>\n<\/tr>\n<tr style=\"height: 48px;\">\n<td style=\"text-align: center; height: 48px;\"><span style=\"color: #000000;\">Aporte de energ\u00eda progresiva, combate la fatiga muscular<\/span><\/td>\n<td style=\"text-align: center; height: 48px;\"><span style=\"color: #000000;\">Abrir e ingerir directamente. Se recomienda beber un poco de agua tras cada ingesta<\/span><\/td>\n<td style=\"text-align: center; height: 48px;\"><span style=\"color: #000000;\">Tomar de 1 a 3 veces (40 gr. &#8211; 120 gr.) al d\u00eda, durante el ejercicio en intervalos de 45 a 60 minutos aproximadamente<\/span><\/td>\n<td style=\"text-align: center; height: 48px;\"><span style=\"color: #000000;\">Durante la actividad f\u00edsica<\/span><\/td>\n<td style=\"text-align: center; height: 48px;\"><span style=\"color: #000000;\">Energ\u00eda, recuperaci\u00f3n<\/span><\/td>\n<\/tr>\n<\/tbody>\n<\/table>\n<p>&nbsp;<\/p>\n<p style=\"text-align: justify;\"><strong><span style=\"color: #000000;\">Geles Energ\u00e9ticos<\/span><\/strong><\/p>\n<p style=\"text-align: justify;\"><span style=\"color: #000000;\"><strong>360\u00ba Longovit Gel<\/strong>\u00a0de <span style=\"color: #000080;\"><strong>Nutrinovex\u00ae<\/strong><\/span> es un gel energ\u00e9tico rico en hidratos de carbono de absorci\u00f3n progresiva y a base de minerales, amino\u00e1cidos, plantas y vitaminas.<\/span><\/p>\n","protected":false},"featured_media":121,"comment_status":"open","ping_status":"closed","template":"","meta":[],"class_list":{"0":"post-117","1":"product","2":"type-product","3":"status-publish","4":"has-post-thumbnail","6":"product_cat-endurance","7":"product_cat-energia","8":"product_cat-geles-energeticos","9":"product_tag-nutrinovex","11":"entry","12":"has-media","14":"first","15":"instock","16":"sale","17":"shipping-taxable","18":"purchasable","19":"product-type-simple","20":"has-product-nav","21":"col","22":"span_1_of_3","23":"owp-content-center","24":"owp-thumbs-layout-horizontal","25":"owp-btn-normal","26":"owp-tabs-layout-horizontal","27":"has-no-thumbnails"},"_links":{"self":[{"href":"https:\/\/nuevo.livenutrition.es\/index.php?rest_route=\/wp\/v2\/product\/117","targetHints":{"allow":["GET"]}}],"collection":[{"href":"https:\/\/nuevo.livenutrition.es\/index.php?rest_route=\/wp\/v2\/product"}],"about":[{"href":"https:\/\/nuevo.livenutrition.es\/index.php?rest_route=\/wp\/v2\/types\/product"}],"replies":[{"embeddable":true,"href":"https:\/\/nuevo.livenutrition.es\/index.php?rest_route=%2Fwp%2Fv2%2Fcomments&post=117"}],"wp:featuredmedia":[{"embeddable":true,"href":"https:\/\/nuevo.livenutrition.es\/index.php?rest_route=\/wp\/v2\/media\/121"}],"wp:attachment":[{"href":"https:\/\/nuevo.livenutrition.es\/index.php?rest_route=%2Fwp%2Fv2%2Fmedia&parent=117"}],"curies":[{"name":"wp","href":"https:\/\/api.w.org\/{rel}","templated":true}]}}