{"id":115,"date":"2018-12-20T12:50:48","date_gmt":"2018-12-20T12:50:48","guid":{"rendered":"http:\/\/localhost\/wordpress_tienda\/?post_type=product&#038;p=115"},"modified":"2021-05-20T09:11:10","modified_gmt":"2021-05-20T09:11:10","slug":"nutrinovex-glucomin-30-x-20-gr-citrico","status":"publish","type":"product","link":"https:\/\/nuevo.livenutrition.es\/?product=nutrinovex-glucomin-30-x-20-gr-citrico","title":{"rendered":"GLUCOMIN 30 x 20 gr. C\u00cdTRICO"},"content":{"rendered":"<p style=\"text-align: justify;\"><strong><span style=\"color: #000000;\">GLUCOMIN <\/span><span style=\"color: #000080;\">NUTRINOVEX\u00ae<\/span><\/strong><\/p>\n<p style=\"text-align: justify;\"><span style=\"color: #000000;\"><strong>Glucomin es un gel energ\u00e9tico a base de hidratos de carbono, magnesio, glutamina, vitaminas y minerales<\/strong><\/span><\/p>\n<p style=\"text-align: justify;\"><span style=\"color: #000000;\">Gracias al suplemento energ\u00e9tico de <strong>Glucomin<\/strong> de <span style=\"color: #003366;\"><strong>Nutrinovex\u00ae<\/strong><\/span> obtendr\u00e1s energ\u00eda progresiva para situaciones de esfuerzo o desgaste f\u00edsico. Se utiliza especialmente en situaciones que requieran esfuerzo m\u00e1ximo, cambios de ritmo o ante s\u00edntomas de agotamiento en deportes de larga duraci\u00f3n.<\/span><\/p>\n<p style=\"text-align: justify;\"><span style=\"color: #000000;\"><strong>Glucomin<\/strong> se presenta en un envase de f\u00e1cil ingesta, que se puede tomar en marcha de forma c\u00f3moda y limpia. En <strong>Glucomin<\/strong> encontrar\u00e1s un concentrado natural de frutas, con alto contenido energ\u00e9tico y con una combinaci\u00f3n de glucosa (para energ\u00eda de r\u00e1pida asimilaci\u00f3n) y de pol\u00edmeros de glucosa (para energ\u00eda progresiva). Adem\u00e1s, gracias a su contenido en L-Glutamina, <strong>Glucomin<\/strong> te ayudar\u00e1 a recuperar f\u00e1cilmente, disminuyendo los efectos nocivos que puedan derivarse del \u00e1cido l\u00e1ctico.<\/span><\/p>\n<p style=\"text-align: justify;\"><span style=\"color: #000000;\">Este \u00e1cido l\u00e1ctico aparece cuando se oxida la glucosa por v\u00eda anaer\u00f3bica, o dicho de otra manera, cuando falta el ox\u00edgeno. Esto causa que se instaure una acidosis metab\u00f3lica progresiva que puede inactivar los sistemas enzim\u00e1ticos encargados de producir energ\u00eda, lo que causa la aparici\u00f3n del agotamiento y de los calambres. <strong>Glucomin<\/strong> neutraliza la acidosis metab\u00f3lica gracias al citrato s\u00f3dico que contiene.<\/span><\/p>\n<ul style=\"text-align: justify;\">\n<li><span style=\"color: #000000;\">Suplemento energ\u00e9tico para situaciones de esfuerzo<\/span><\/li>\n<li><span style=\"color: #000000;\">Proporciona energ\u00eda de forma progresiva<\/span><\/li>\n<li><span style=\"color: #000000;\">Energ\u00eda de forma inmediata<\/span><\/li>\n<li><span style=\"color: #000000;\">Magnesio 375 mgr. por gel (20 gr.)<\/span><\/li>\n<li><span style=\"color: #000000;\">L-Glutamina 300 mgr. por gel (20 gr.)<\/span><\/li>\n<li><span style=\"color: #000000;\">Fabricado en la Uni\u00f3n Europea<\/span><\/li>\n<li><span style=\"color: #000000;\">Sabor c\u00edtrico<\/span><\/li>\n<\/ul>\n<p style=\"text-align: justify;\"><span style=\"color: #000000;\"><span style=\"color: #000080;\"><strong>Nutrinovex\u00ae<\/strong><\/span>\u00a0te presenta los geles <strong>Glucomin<\/strong> en cajitas expositoras que contienen 30 geles de 20 gramos.<\/span><\/p>\n","protected":false},"excerpt":{"rendered":"<table>\n<tbody>\n<tr style=\"height: 48px;\">\n<th style=\"height: 48px;\"><span style=\"color: #000000;\"><strong>\u00bfPARA QU\u00c9 SE TOMA?<\/strong><\/span><\/th>\n<th style=\"height: 48px;\"><span style=\"color: #000000;\"><strong>\u00bfC\u00d3MO SE TOMA?<\/strong><\/span><\/th>\n<th style=\"height: 48px;\"><span style=\"color: #000000;\"><strong>\u00bfCU\u00c1NTAS VECES?<\/strong><\/span><\/th>\n<th style=\"height: 48px;\"><span style=\"color: #000000;\"><strong>\u00bfCU\u00c1NDO SE \u00a0TOMA?<\/strong><\/span><\/th>\n<th style=\"height: 48px;\"><span style=\"color: #000000;\"><strong>USO<\/strong><\/span><\/th>\n<\/tr>\n<tr style=\"height: 48px;\">\n<td style=\"text-align: center; height: 48px;\"><span style=\"color: #000000;\">Proporciona energ\u00eda de forma r\u00e1pida y progresiva. Recuperante muscular<\/span><\/td>\n<td style=\"text-align: center; height: 48px;\"><span style=\"color: #000000;\">Abrir e ingerir. Se recomienda beber un poco de agua tras cada ingesta<\/span><\/td>\n<td style=\"text-align: center; height: 48px;\"><span style=\"color: #000000;\">Tomar cinco veces al d\u00eda<\/span><\/td>\n<td style=\"text-align: center; height: 48px;\"><span style=\"color: #000000;\">Antes y durante la actividad f\u00edsica<\/span><\/td>\n<td style=\"text-align: center; height: 48px;\"><span style=\"color: #000000;\">Energ\u00eda, recuperaci\u00f3n<\/span><\/td>\n<\/tr>\n<\/tbody>\n<\/table>\n<p>&nbsp;<\/p>\n<p style=\"text-align: justify;\"><span style=\"color: #000000;\"><strong>Geles Energ\u00e9ticos<\/strong><\/span><\/p>\n<p style=\"text-align: justify;\"><span style=\"color: #000000;\"><strong>Glucomin<\/strong>\u00a0de <span style=\"color: #000080;\"><strong>Nutrinovex\u00ae<\/strong><\/span> es un gel energ\u00e9tico rico en hidratos de carbono y magnesio, enriquecido a base de vitaminas, minerales y amino\u00e1cidos.<\/span><\/p>\n","protected":false},"featured_media":119,"comment_status":"open","ping_status":"closed","template":"","meta":[],"class_list":{"0":"post-115","1":"product","2":"type-product","3":"status-publish","4":"has-post-thumbnail","6":"product_cat-endurance","7":"product_cat-energia","8":"product_cat-geles-energeticos","9":"product_tag-nutrinovex","11":"entry","12":"has-media","14":"first","15":"instock","16":"sale","17":"shipping-taxable","18":"purchasable","19":"product-type-simple","20":"has-product-nav","21":"col","22":"span_1_of_3","23":"owp-content-center","24":"owp-thumbs-layout-horizontal","25":"owp-btn-normal","26":"owp-tabs-layout-horizontal","27":"has-no-thumbnails"},"_links":{"self":[{"href":"https:\/\/nuevo.livenutrition.es\/index.php?rest_route=\/wp\/v2\/product\/115","targetHints":{"allow":["GET"]}}],"collection":[{"href":"https:\/\/nuevo.livenutrition.es\/index.php?rest_route=\/wp\/v2\/product"}],"about":[{"href":"https:\/\/nuevo.livenutrition.es\/index.php?rest_route=\/wp\/v2\/types\/product"}],"replies":[{"embeddable":true,"href":"https:\/\/nuevo.livenutrition.es\/index.php?rest_route=%2Fwp%2Fv2%2Fcomments&post=115"}],"wp:featuredmedia":[{"embeddable":true,"href":"https:\/\/nuevo.livenutrition.es\/index.php?rest_route=\/wp\/v2\/media\/119"}],"wp:attachment":[{"href":"https:\/\/nuevo.livenutrition.es\/index.php?rest_route=%2Fwp%2Fv2%2Fmedia&parent=115"}],"curies":[{"name":"wp","href":"https:\/\/api.w.org\/{rel}","templated":true}]}}