{"id":108,"date":"2018-06-13T19:24:22","date_gmt":"2018-06-13T19:24:22","guid":{"rendered":"http:\/\/localhost\/wordpress_tienda\/?post_type=product&#038;p=108"},"modified":"2021-05-20T09:10:55","modified_gmt":"2021-05-20T09:10:55","slug":"226ers-sub9-salts-electrolytes-100-capsulas","status":"publish","type":"product","link":"https:\/\/nuevo.livenutrition.es\/?product=226ers-sub9-salts-electrolytes-100-capsulas","title":{"rendered":"SUB9 SALTS ELECTROLYTES 100 C\u00e1psulas"},"content":{"rendered":"<p style=\"text-align: justify;\"><span style=\"color: #000000;\"><strong>SUB9 SALTS ELECTROLYTES <span style=\"color: #000000;\">226ERS<\/span><\/strong><\/span><\/p>\n<p style=\"text-align: justify;\"><strong>Sales minerales en c\u00f3modas c\u00e1psulas. \u00a1Recupera las sales minerales!<\/strong><\/p>\n<p style=\"text-align: justify;\"><strong>Sub9 Salts Electrolytes<\/strong>\u00a0es un producto que proporciona una alta concentraci\u00f3n de sales minerales para ayudar a mantener los niveles de sales corporales dentro unos niveles adecuados, especialmente durante la pr\u00e1ctica de ejercicio en ambientes calurosos y\/o h\u00famedos, actividad deportiva de larga duraci\u00f3n o para personas que pierden muchas sales minerales porque sudan mucho o por falta de aclimataci\u00f3n.<\/p>\n<p style=\"text-align: justify;\"><strong>Sub9 Salts Electrolytes.<\/strong> Caracter\u00edsticas principales:<\/p>\n<ul style=\"text-align: justify;\">\n<li>215 mgr. de sodio por c\u00e1psula.<\/li>\n<li>54 mgr. de potasio por c\u00e1psula.<\/li>\n<li>2,55 mgr. de calcio por c\u00e1psula.<\/li>\n<li>20 mgr. de magnesio por c\u00e1psula.<\/li>\n<li>Con vitamina B6, D y extracto de jengibre.<\/li>\n<li>Sin az\u00facares.<\/li>\n<li>Sin gluten.<\/li>\n<li>Apto para vegetarianos.<\/li>\n<li>Envase de 100 c\u00e1psulas.<\/li>\n<\/ul>\n<p style=\"text-align: justify;\"><strong>Sub9 Salts Electrolytes.<\/strong> Efectos principales:<\/p>\n<ul style=\"text-align: justify;\">\n<li>Contribuye a reponer las p\u00e9rdidas de sales minerales.<\/li>\n<li>Gracias a su contenido en vitamina D contribuye a la funci\u00f3n muscular normal y a la correcta utilizaci\u00f3n del calcio.<\/li>\n<li>Ayuda a mantener los niveles de sales minerales.<\/li>\n<li>Su contenido en potasio favorece la funci\u00f3n muscular.<\/li>\n<\/ul>\n<p style=\"text-align: justify;\"><strong>Sub9 Salts Electrolytes.<\/strong> La ciencia detr\u00e1s:<\/p>\n<p style=\"text-align: justify;\"><strong>Sub9 Salts Electrolytes<\/strong>\u00a0de\u00a0<span style=\"color: #000000;\"><strong>226ERS<\/strong><\/span>\u00a0te proporcionar\u00e1 sales minerales, vitaminas y jengibre, indicados para evitar la deshidrataci\u00f3n, la acumulaci\u00f3n de \u00e1cido l\u00e1ctico y\/o la aparici\u00f3n de calambres musculares.<\/p>\n<p style=\"text-align: justify;\"><strong>Sub9 Salts Electrolytes\u00a0<\/strong>es una f\u00f3rmula innovadora y completa de sales minerales, ideal para tomar durante entrenamientos de larga duraci\u00f3n, en casos de pr\u00e1ctica de ejercicio en ambientes calurosos y\/o h\u00famedos, o para personas con excesiva sudoraci\u00f3n y, por tanto, p\u00e9rdida de sales minerales.<\/p>\n<p style=\"text-align: justify;\"><strong>Sub9 Salts Electrolytes\u00a0<\/strong>lleva vitamina B6 para reducir la fatiga y el cansancio, y vitamina D para el correcto funcionamiento de los m\u00fasculos. Adem\u00e1s, el extracto de jengibre mejora la digesti\u00f3n, principal problema en este tipo de disciplinas.<\/p>\n<p style=\"text-align: justify;\"><strong>Sub9 Salts Electrolytes. <\/strong>Objetivos principales:<\/p>\n<ol style=\"text-align: justify;\">\n<li>Hidrataci\u00f3n.<\/li>\n<\/ol>\n<p style=\"text-align: justify;\">\u00bfQui\u00e9n puede beneficiarse de <strong>Sub9<\/strong> <strong>Salts Electrolytes?<\/strong><\/p>\n<ul>\n<li style=\"text-align: justify;\">Todo tipo de deportistas de resistencia que realicen actividades prolongadas o en ambientes calurosos y\/o h\u00famedos.<\/li>\n<li style=\"text-align: justify;\">Deportistas de resistencia que utilicen como fuente de energ\u00eda o hidrataci\u00f3n productos bajos en sales minerales.<\/li>\n<\/ul>\n","protected":false},"excerpt":{"rendered":"<table>\n<tbody>\n<tr style=\"height: 24px;\">\n<th style=\"height: 24px;\"><span style=\"color: #000000;\">\u00bfPARA QU\u00c9 SE TOMA?<\/span><\/th>\n<th style=\"height: 24px;\"><span style=\"color: #000000;\">\u00bfC\u00d3MO SE TOMA?<\/span><\/th>\n<th style=\"height: 24px;\"><span style=\"color: #000000;\">\u00bfCU\u00c1NTAS VECES?<\/span><\/th>\n<th style=\"height: 24px;\"><span style=\"color: #000000;\">\u00bfCU\u00c1NDO SE \u00a0TOMA?<\/span><\/th>\n<th style=\"height: 24px;\"><span style=\"color: #000000;\">USOS<\/span><\/th>\n<\/tr>\n<tr style=\"height: 24px;\">\n<td style=\"text-align: center; height: 24px;\">Hidrataci\u00f3n acusada, calambres<\/td>\n<td style=\"text-align: center; height: 24px;\">Una c\u00e1psula con un vaso de agua<\/td>\n<td style=\"text-align: center; height: 24px;\">Tomar una o dos veces al d\u00eda<\/td>\n<td style=\"text-align: center; height: 24px;\">Antes, durante o despu\u00e9s de la actividad f\u00edsica<\/td>\n<td style=\"text-align: center; height: 24px;\">Contribuye a reponer las p\u00e9rdidas de sales minerales<\/td>\n<\/tr>\n<\/tbody>\n<\/table>\n<p>&nbsp;<\/p>\n<p style=\"text-align: justify;\"><strong>Sales Minerales con Jengibre<\/strong><\/p>\n<p style=\"text-align: justify;\"><strong>Sub9 Salts Electrolytes<\/strong> de <strong>226ERS<\/strong>\u00a0es una f\u00f3rmula completa para favorecer la recuperaci\u00f3n de sales minerales y una correcta hidrataci\u00f3n. \u00a1Con jengibre!<\/p>\n","protected":false},"featured_media":112,"comment_status":"open","ping_status":"closed","template":"","meta":[],"class_list":{"0":"post-108","1":"product","2":"type-product","3":"status-publish","4":"has-post-thumbnail","6":"product_cat-endurance","7":"product_cat-hidratacion","8":"product_cat-sales-minerales","9":"product_tag-226ers","11":"entry","12":"has-media","14":"first","15":"instock","16":"sale","17":"shipping-taxable","18":"purchasable","19":"product-type-simple","20":"has-product-nav","21":"col","22":"span_1_of_3","23":"owp-content-center","24":"owp-thumbs-layout-horizontal","25":"owp-btn-normal","26":"owp-tabs-layout-horizontal","27":"has-no-thumbnails"},"_links":{"self":[{"href":"https:\/\/nuevo.livenutrition.es\/index.php?rest_route=\/wp\/v2\/product\/108","targetHints":{"allow":["GET"]}}],"collection":[{"href":"https:\/\/nuevo.livenutrition.es\/index.php?rest_route=\/wp\/v2\/product"}],"about":[{"href":"https:\/\/nuevo.livenutrition.es\/index.php?rest_route=\/wp\/v2\/types\/product"}],"replies":[{"embeddable":true,"href":"https:\/\/nuevo.livenutrition.es\/index.php?rest_route=%2Fwp%2Fv2%2Fcomments&post=108"}],"wp:featuredmedia":[{"embeddable":true,"href":"https:\/\/nuevo.livenutrition.es\/index.php?rest_route=\/wp\/v2\/media\/112"}],"wp:attachment":[{"href":"https:\/\/nuevo.livenutrition.es\/index.php?rest_route=%2Fwp%2Fv2%2Fmedia&parent=108"}],"curies":[{"name":"wp","href":"https:\/\/api.w.org\/{rel}","templated":true}]}}